{"id":3731,"date":"2024-10-07T08:45:57","date_gmt":"2024-10-07T15:45:57","guid":{"rendered":"https:\/\/ptamckinley.org\/?page_id=3731"},"modified":"2026-02-06T07:50:32","modified_gmt":"2026-02-06T15:50:32","slug":"jamesandthegiantpeach2025-26","status":"publish","type":"page","link":"https:\/\/ptamckinley.org\/en\/jamesandthegiantpeach2025-26\/","title":{"rendered":"James and the Giant Peach the Musical 2025-26!"},"content":{"rendered":"\n<p><strong>Director:<\/strong> Cate Bruce-Low<\/p>\n\n\n\n<p><strong>Email: <\/strong>tribecayummymummy@gmail.com<\/p>\n\n\n\n<p>ORDER FLOWERS <a href=\"https:\/\/ptamckinley.org\/flowers-for-your-performer\/\" title=\"FLOWERS FOR YOUR PERFORMER!\">HERE<\/a><\/p>\n\n\n\n<p>ORDER PROGRAM SHOUT OUTS <a href=\"https:\/\/ptamckinley.org\/send-a-special-shout-out-to-your-performer\/\" title=\"Send a special SHOUT OUT to your performer!\">HERE<\/a><\/p>\n\n\n\n<p><\/p>\n\n\n\n<p><\/p>\n\n\n\n<p class=\"has-text-align-center\"><strong>**Tech Crew\/Set Design enrollment IS NOW CLOSED**<\/strong><\/p>\n\n\n\n<p class=\"has-text-align-center\"><strong>**NO REFUNDS!**<\/strong><\/p>\n\n\n\n<p><strong>McKinley &amp; PACS <em>James and the Giant Peach Jr.<\/em>Backstage, Set &amp; Tech Crew Sign-Ups are NOW CLOSED!&nbsp;<\/strong><\/p>\n\n\n\n<p><strong>We welcome all 4th-8th graders who are interested in helping with our school\u2019s spring musical.<\/strong><\/p>\n\n\n\n<p>\ud83c\udfa7 Tech Crew \u2013 Learn about stage sound, microphones, and lighting.<\/p>\n\n\n\n<p>\ud83c\udfa8 Set Crew \u2013 Paint, build, and sew to help bring the world of <em>James and the Giant Peach Jr.<\/em> to life.<\/p>\n\n\n\n<p>\ud83c\udfad Backstage Crew \u2013 Keep the show running smoothly behind the scenes during performances.<\/p>\n\n\n\n<p>We\u2019re excited to keep growing our stage crew for future shows and events! Please check the enrollment form for workdays and required performance dates.&nbsp;<\/p>\n\n\n\n<p><strong>Enrollment closes Monday, January 5th.<\/strong><\/p>\n\n\n\n<p>Questions about enrollment?<\/p>\n\n\n\n<p>Cate Bruce-Low &#8211; tribecayummymummy@gmail.com&nbsp;<\/p>\n\n\n\n<p>Katie Gill &#8211; bgill@petk12.org<\/p>\n\n\n\n<p><\/p>\n\n\n\n<p><strong>\u00a1La inscripci\u00f3n para McKinley &amp; PACS James and the Giant Peach Jr. (equipo de tramoyistas, dise\u00f1o de escenograf\u00eda y personal t\u00e9cnico) ya est\u00e1 CERRADA!<\/strong><\/p>\n\n\n\n<p>Damos la bienvenida a todos los estudiantes de 4.\u00ba a 8.\u00ba grado interesados \u200b\u200ben colaborar con el musical de primavera de nuestra escuela.<\/p>\n\n\n\n<p>\ud83c\udfa7 Equipo T\u00e9cnico: Aprendan sobre sonido esc\u00e9nico, micr\u00f3fonos e iluminaci\u00f3n.<\/p>\n\n\n\n<p>\ud83c\udfa8 Equipo de Escenario: Pinten, construyan y cosan para dar vida al mundo de James y el Melocot\u00f3n Gigante Jr.<\/p>\n\n\n\n<p>\ud83c\udfad Equipo de Trastienda: Mantengan el espect\u00e1culo funcionando sin problemas tras bambalinas durante las presentaciones.<\/p>\n\n\n\n<p>\u00a1Nos entusiasma seguir ampliando nuestro equipo de escenario para futuros espect\u00e1culos y eventos! Consulten el formulario de inscripci\u00f3n para conocer los d\u00edas laborables y las fechas de las funciones requeridas. <strong>La inscripci\u00f3n cierra el lunes 5 de enero.<\/strong><\/p>\n\n\n\n<p>\u00bfPreguntas sobre la inscripci\u00f3n?<\/p>\n\n\n\n<p>Cate Bruce-Low &#8211; tribecayummymummy@gmail.com&nbsp;<\/p>\n\n\n\n<p>Katie Gill &#8211; bgill@petk12.org<\/p>\n\n\n<div class=\"wp-block-image\">\n<figure class=\"aligncenter size-full\"><img loading=\"lazy\" decoding=\"async\" width=\"673\" height=\"331\" src=\"https:\/\/ptamckinley.org\/wp-content\/uploads\/2025\/10\/James-Header.jpg\" alt=\"\" class=\"wp-image-3854\" srcset=\"https:\/\/ptamckinley.org\/wp-content\/uploads\/2025\/10\/James-Header.jpg 673w, https:\/\/ptamckinley.org\/wp-content\/uploads\/2025\/10\/James-Header-300x148.jpg 300w, https:\/\/ptamckinley.org\/wp-content\/uploads\/2025\/10\/James-Header-18x9.jpg 18w\" sizes=\"auto, (max-width: 673px) 100vw, 673px\" \/><\/figure>\n<\/div>\n\n\n<p><strong>Parent Meeting &#8211;&nbsp; Dec. 1 at 6:30 PM via Zoom&nbsp;<\/strong><\/p>\n\n\n\n<p>\ud83e\udde1<strong>Zoom Link:&nbsp;<\/strong><\/p>\n\n\n\n<p><a href=\"https:\/\/us06web.zoom.us\/j\/85703150481?pwd=6aJPKiEijDJTyuPGKSZrTN2rhwnGdr.1\" target=\"_blank\" rel=\"noreferrer noopener\">https:\/\/us06web.zoom.us\/j\/85703150481?pwd=6aJPKiEijDJTyuPGKSZrTN2rhwnGdr.1<\/a><\/p>\n\n\n\n<p>\ud83e\udde1<strong>Parent\/Adult Meeting Slides:&nbsp;<\/strong><\/p>\n\n\n\n<p><a href=\"https:\/\/docs.google.com\/presentation\/d\/1WARN-18htbzQ1ABCL2pokl4BhR7iQ3i0Lzhs0FkG9KU\/edit?usp=sharing\" target=\"_blank\" rel=\"noreferrer noopener\">https:\/\/docs.google.com\/presentation\/d\/1WARN-18htbzQ1ABCL2pokl4BhR7iQ3i0Lzhs0FkG9KU\/edit?usp=sharing<\/a><\/p>\n\n\n\n<p>\ud83e\udde1<strong>Cast Contract:&nbsp;<\/strong><\/p>\n\n\n\n<p><a href=\"https:\/\/docs.google.com\/document\/d\/1Ckp-Pm_nPhTbXXcjG_zFapDeBmKhy8vjqb2VkPdjDMM\/edit?tab=t.0\" target=\"_blank\" rel=\"noreferrer noopener\">https:\/\/docs.google.com\/document\/d\/1Ckp-Pm_nPhTbXXcjG_zFapDeBmKhy8vjqb2VkPdjDMM\/edit?tab=t.0<\/a>&nbsp;<\/p>\n\n\n\n<p>\ud83e\udde1<strong>Rehearsal Schedule:&nbsp;<\/strong><\/p>\n\n\n\n<p><a href=\"https:\/\/docs.google.com\/spreadsheets\/d\/1LKMJIjyGsYHbj82v5nwWQzHwnhR4xko0u4oHkojP0gE\/edit?gid=0#gid=0\" target=\"_blank\" rel=\"noreferrer noopener\">https:\/\/docs.google.com\/spreadsheets\/d\/1LKMJIjyGsYHbj82v5nwWQzHwnhR4xko0u4oHkojP0gE\/edit?gid=0#gid=0<\/a><br><\/p>\n\n\n\n<p>\ud83e\udde1<strong>Rehearsal Supervision Sign-up:&nbsp;<\/strong><\/p>\n\n\n\n<p><a href=\"https:\/\/www.signupgenius.com\/go\/5080848A4A62EA6FF2-60344633-james#\">https:\/\/www.signupgenius.com\/go\/5080848A4A62EA6FF2-60344633-james#<\/a><\/p>\n\n\n\n<p>\ud83e\udde1<strong>Encuentra la lista del reparto aqu\u00ed:<\/strong><\/p>\n\n\n\n<p><a href=\"https:\/\/docs.google.com\/document\/d\/1HHz4TIUzKzTFUzSDz2mOfIMLyfxfYDB4hGZIAPlvZjQ\/edit?usp=sharing\">https:\/\/docs.google.com\/document\/d\/1HHz4TIUzKzTFUzSDz2mOfIMLyfxfYDB4hGZIAPlvZjQ\/edit?usp=sharing<\/a><\/p>\n\n\n\n<p>\ud83e\udde1<strong>Diapositivas de la reuni\u00f3n de padres y adultos:&nbsp;<\/strong><\/p>\n\n\n\n<p><a href=\"https:\/\/docs.google.com\/presentation\/d\/1WARN-18htbzQ1ABCL2pokl4BhR7iQ3i0Lzhs0FkG9KU\/edit?usp=sharing\" target=\"_blank\" rel=\"noreferrer noopener\">https:\/\/docs.google.com\/presentation\/d\/1WARN-18htbzQ1ABCL2pokl4BhR7iQ3i0Lzhs0FkG9KU\/edit?usp=sharing<\/a><br><\/p>\n\n\n\n<p>\ud83e\udde1&nbsp;<strong>Contrato de reparto:<\/strong><\/p>\n\n\n\n<p><a href=\"https:\/\/docs.google.com\/document\/d\/1Ckp-Pm_nPhTbXXcjG_zFapDeBmKhy8vjqb2VkPdjDMM\/edit?tab=t.0\">https:\/\/docs.google.com\/document\/d\/1Ckp-Pm_nPhTbXXcjG_zFapDeBmKhy8vjqb2VkPdjDMM\/edit?tab=t.0<\/a><\/p>\n\n\n\n<p>\ud83e\udde1<strong>Horario de ensayos<\/strong>:<\/p>\n\n\n\n<p><a href=\"https:\/\/docs.google.com\/spreadsheets\/d\/1LKMJIjyGsYHbj82v5nwWQzHwnhR4xko0u4oHkojP0gE\/edit?gid=0#gid=0\">https:\/\/docs.google.com\/spreadsheets\/d\/1LKMJIjyGsYHbj82v5nwWQzHwnhR4xko0u4oHkojP0gE\/edit?gid=0#gid=0<\/a><\/p>\n\n\n<div class=\"wp-block-image\">\n<figure class=\"aligncenter size-full\"><img loading=\"lazy\" decoding=\"async\" width=\"382\" height=\"247\" src=\"https:\/\/ptamckinley.org\/wp-content\/uploads\/2025\/10\/James-2.jpg\" alt=\"\" class=\"wp-image-3856\" srcset=\"https:\/\/ptamckinley.org\/wp-content\/uploads\/2025\/10\/James-2.jpg 382w, https:\/\/ptamckinley.org\/wp-content\/uploads\/2025\/10\/James-2-300x194.jpg 300w, https:\/\/ptamckinley.org\/wp-content\/uploads\/2025\/10\/James-2-18x12.jpg 18w\" sizes=\"auto, (max-width: 382px) 100vw, 382px\" \/><\/figure>\n<\/div>\n\n\n<p><\/p>\n\n\n\n<p class=\"has-text-align-center\"><strong>Important Dates\/Fechas Importantes<\/strong><\/p>\n\n\n\n<ul class=\"wp-block-list\">\n<li><strong>Auditions: <\/strong>Wednesday, November 19th, 2025\/ Audiciones: mi\u00e9rcoles 19 de noviembre de 2025, 1:30-5 PM in the McKinley Multi<\/li>\n\n\n\n<li><strong>Callbacks: <\/strong>Friday, November 21st, 2025\/Viernes 21 de noviembre de 2025, 3:30-6 PM in the McKinley Multi. Not all actors will get called back, but all actors will be given a role. We will email the callback list to all who auditioned by 8pm on Wednesday night. Callbacks info here: <a href=\"https:\/\/docs.google.com\/document\/d\/1pcI2csd-mUjpYOUMkJhoaLsdnKT-7HU75lVPwG0vQxo\/edit?tab=t.0#bookmark=id.ucwk822ov14o\">LINK<\/a>\/No todos los actores ser\u00e1n convocados, pero a todos se les asignar\u00e1 un papel. Enviaremos por correo electr\u00f3nico la lista de devoluci\u00f3n de llamada a todos los que audicionaron antes de las 8 PM del mi\u00e9rcoles por la noche.Informaci\u00f3n sobre las convocaciones aqu\u00ed: <a href=\"https:\/\/docs.google.com\/document\/d\/1pcI2csd-mUjpYOUMkJhoaLsdnKT-7HU75lVPwG0vQxo\/edit?tab=t.0#bookmark=id.ucwk822ov14o\">enlace<\/a>.<\/li>\n\n\n\n<li><strong>Cast List emailed\/Lista de reparto enviada por correo electr\u00f3nico:<\/strong> Sunday, November 30th, 2025\/ Domingo 30 de noviembre<\/li>\n\n\n\n<li><strong>Parent Meeting (Zoom)\/Reuni\u00f3n de padres (Zoom):<\/strong> Monday, December 1st, 6:30 PM\/Lunes 1 de diciembre a las, 18:30 horas<\/li>\n\n\n\n<li><strong>General Rehearsal Days &amp; Times\/D\u00edas y horarios generales de ensayo: <\/strong>Wednesday, December 3, 2025 &#8211; Friday, February 27, 2026, Wednesdays 1:30-5 PM &amp; Fridays 3:15-6 PM (not all actors will be called to all rehearsals, a weekly schedule will be shared)\/Mi\u00e9rcoles 3 de diciembre de 2025 &#8211; Viernes 27 de febrero de 2026, mi\u00e9rcoles de 1:30 a 5 p. m. y viernes de 3:15 a 6 p. m. (no todos los actores serinserin convocados a todos los ensayos)<\/li>\n\n\n\n<li><strong>Tech Week Rehearsals\/Ensayos de la Semana de la Tecnolog\u00eda:<\/strong> Saturday, February 28th, 12-5 PM and Monday, March 2 &#8211; Thursday, March 5, times TBA\/S\u00e1bado, 28 de febrero, 12:00 \u2013 5:00 PM y del lunes 2 al jueves 5 de marzo, horarios por anunciar (TBA).<\/li>\n\n\n\n<li><strong>Performance Dates\/Fechas de espect\u00e1culos:<\/strong> School Share Performances: Thursday, March 5 (times TBA); Public Performances: Friday, March 6 @6:30 PM, Saturday, March 7 @1 PM &amp; 6:30 PM, Sunday, March 8 @1 PM\/Acciones escolares: jueves 5 de marzo (horario por confirmar), viernes 6 de marzo a las 6:30 PM., s\u00e1bado 7 de marzo a la 1 PM., y a las 6:30 p. m.; domingo 8 de marzo a la 1 PM<\/li>\n<\/ul>\n\n\n<div class=\"wp-block-image\">\n<figure class=\"aligncenter size-full\"><img loading=\"lazy\" decoding=\"async\" width=\"629\" height=\"421\" src=\"https:\/\/ptamckinley.org\/wp-content\/uploads\/2025\/10\/James-3.jpg\" alt=\"\" class=\"wp-image-3859\" srcset=\"https:\/\/ptamckinley.org\/wp-content\/uploads\/2025\/10\/James-3.jpg 629w, https:\/\/ptamckinley.org\/wp-content\/uploads\/2025\/10\/James-3-300x201.jpg 300w, https:\/\/ptamckinley.org\/wp-content\/uploads\/2025\/10\/James-3-18x12.jpg 18w\" sizes=\"auto, (max-width: 629px) 100vw, 629px\" \/><\/figure>\n<\/div>\n\n\n<p class=\"has-text-align-center\"><\/p>\n\n\n<div class=\"wp-block-image\">\n<figure class=\"aligncenter size-full\"><img loading=\"lazy\" decoding=\"async\" width=\"637\" height=\"416\" src=\"https:\/\/ptamckinley.org\/wp-content\/uploads\/2025\/10\/James-4.jpg\" alt=\"\" class=\"wp-image-3860\" srcset=\"https:\/\/ptamckinley.org\/wp-content\/uploads\/2025\/10\/James-4.jpg 637w, https:\/\/ptamckinley.org\/wp-content\/uploads\/2025\/10\/James-4-300x196.jpg 300w, https:\/\/ptamckinley.org\/wp-content\/uploads\/2025\/10\/James-4-18x12.jpg 18w\" sizes=\"auto, (max-width: 637px) 100vw, 637px\" \/><\/figure>\n<\/div>\n\n\n<p class=\"has-text-align-center\"><strong>SONGS FOR AUDITION PREPARATION: <\/strong><em>Please choose one<\/em>&nbsp;<\/p>\n\n\n\n<p><a href=\"https:\/\/www.youtube.com\/watch?v=jCJOwsBTwBA\"><strong>Right Before Your Eyes Rehearsal Track<\/strong><\/a><strong> (Ladahlord and Ensemble)<\/strong><\/p>\n\n\n\n<p><strong>Right Before Your Eyes Performance Track (Ladahlord and Ensemble)<\/strong><\/p>\n\n\n\n<p><a href=\"https:\/\/www.youtube.com\/watch?v=BaA2MEunnZg\"><strong>On Your Way Home Rehearsal Track<\/strong><\/a><strong> (James)<\/strong><\/p>\n\n\n\n<p><strong>On Your Way Home Performance Track (James)<\/strong><\/p>\n\n\n\n<p><a href=\"https:\/\/www.google.com\/search?q=rehearsal+tracks+for+james+and+the+giant+peach+jr+plump+and+juicy&amp;sca_esv=f39770ec4cba26fc&amp;udm=7&amp;biw=1353&amp;bih=674&amp;sxsrf=AE3TifPqu-UKeRHdE7fI8dOA876OlrmnAg%3A1753158780373&amp;ei=fBR_aK7LFqitur8P9bXI2Ak&amp;oq=rehearsal+tracks+for+james+and+the+giant+peach+jr+plump+&amp;gs_lp=EhZnd3Mtd2l6LW1vZGVsZXNzLXZpZGVvIjhyZWhlYXJzYWwgdHJhY2tzIGZvciBqYW1lcyBhbmQgdGhlIGdpYW50IHBlYWNoIGpyIHBsdW1wICoCCAEyBRAhGKsCMgUQIRirAjIFECEYnwVI4iVQkglY0RhwAXgAkAEAmAGSAaAB7geqAQMxLje4AQHIAQD4AQGYAgigAroHwgIKEAAYsAMY1gQYR8ICBRAhGKABmAMAiAYBkAYCkgcDMS43oAf2LrIHAzAuN7gHtwfCBwUwLjUuM8gHFw&amp;sclient=gws-wiz-modeless-video#fpstate=ive&amp;ip=1&amp;vld=cid:817da0e1,vid:5ryu9SGdpAc,st:0\"><strong>Plump and Juicy Rehearsal Track<\/strong><\/a><strong> (Aunt Spiker and Aunt Sponge)<\/strong><\/p>\n\n\n\n<p><strong>Plump and Juicy Performance Track (Aunt Spiker and Aunt Sponge)<\/strong><\/p>\n\n\n\n<p><strong>YouTube Playlist of all of the songs from the show: <\/strong><a href=\"https:\/\/www.youtube.com\/watch?v=RTXqdmy8xQw&amp;list=PLEOXoUaY2Gyaa78sdljABn9bEozx_EXq1\"><strong>LINK<\/strong><\/a><\/p>\n\n\n\n<p><strong>Lista de reproducci\u00f3n de YouTube con todas las canciones del programa: <\/strong><a href=\"https:\/\/www.youtube.com\/watch?v=RTXqdmy8xQw&amp;list=PLEOXoUaY2Gyaa78sdljABn9bEozx_EXq1\"><strong>ENLACE<\/strong><\/a><\/p>\n\n\n\n<p><\/p>\n\n\n\n<p class=\"has-text-align-center\"><strong>Character Descriptions\/descripciones de personajes (MTI)<\/strong><\/p>\n\n\n\n<ul class=\"wp-block-list\">\n<li><strong>LAHDAHLORD: <\/strong>They are a mysterious character who seems to have a hand in the magical things that are happening. Though they may seem a bit off, he carefully watches over James, making sure James moves toward a better life. Ladahlord also serves as a guiding narrator throughout the story. This is a perfect role for a strong singer <strong><em>and<\/em><\/strong> dancer<\/li>\n\n\n\n<li><strong>LAHDAHLORD<\/strong>: Es un personaje misterioso que parece tener algo que ver con los sucesos m\u00e1gicos. Aunque parezca un poco raro, cuida atentamente de James, asegur\u00e1ndose de que avance hacia una vida mejor. Ladahlord tambi\u00e9n act\u00faa como narrador gu\u00eda a lo largo de la historia. Este es el papel perfecto para un cantante y bailar\u00edn con talento.<\/li>\n\n\n\n<li><strong>JAMES: <\/strong>He is the hero of our story, on an epic quest to find a family of his own and gain confidence in himself.&nbsp;<\/li>\n\n\n\n<li><strong>JAMES: <\/strong>\u00c9l es el h\u00e9roe de nuestra historia, en una b\u00fasqueda \u00e9pica para encontrar una familia propia y ganar confianza en s\u00ed mismo.<\/li>\n\n\n\n<li><strong>LADYBUG: <\/strong>She immediately takes on a doting, maternal role in Jame\u2019 life. She has a sweet and regal demeanor.<\/li>\n\n\n\n<li><strong>MARIQUITA:<\/strong> Inmediatamente asume un rol maternal y cari\u00f1oso en la vida de Jame. Tiene un porte dulce y majestuoso.<\/li>\n\n\n\n<li><strong>GRASSHOPPER: <\/strong>He is the leader of the Insects, is ever the optimist and assumes a paternal role in James\u2019 life. This is for an actor who sings well but also has a warm and inviting presence.<\/li>\n\n\n\n<li><strong>SALTAMONTES:<\/strong> Es el l\u00edder de los Insectos, siempre optimista y asume un papel paternal en la vida de James. Esto es para un actor que canta bien, pero tambi\u00e9n tiene una presencia c\u00e1lida y acogedora.<\/li>\n\n\n\n<li><strong>SPIDER: <\/strong>She\u2019s a clever creature who becomes a fun-loving old sister to James. She has a spunky personality and a great voice.<\/li>\n\n\n\n<li><strong>ARA\u00d1A:<\/strong> Es una criatura inteligente que se convierte en la hermana mayor y divertida de James. Tiene una personalidad vivaz y una voz magn\u00edfica.<\/li>\n\n\n\n<li><strong>EARTHWORM: <\/strong>They are a gentle spirit, although they can be a bit of a coward. Luckily, Earthworm gains enough courage to save the day by baiting some gullible seagulls. Earthworm looks at James as a brother figure. They are really funny, ready to really belt out a song, and a bit outlandish.<\/li>\n\n\n\n<li><strong>LOMBRIZ DE TIERRA:<\/strong> Son un esp\u00edritu apacible, aunque a veces un poco cobardes. Por suerte, Lombriz de Tierra se arma de valor para salvar el d\u00eda provocando a unas gaviotas ingenuas. Lombriz de Tierra ve a James como un hermano. Son muy graciosos, est\u00e1n listos para cantar a todo pulm\u00f3n y son un poco extravagantes.<\/li>\n\n\n\n<li><strong>CENTIPEDE: <\/strong>He may be a bit of a grouch, but he is ever-loyal to the pack, and by the end of the story, he\u2019s won over James. James sees Centipede as that cranky uncle with a heart of gold. He\u2019s a role for a good singer and strong character actor.<\/li>\n\n\n\n<li><strong>CIEMPI\u00c9S:<\/strong> Puede que sea un poco gru\u00f1\u00f3n, pero es siempre leal a la manada, y al final de la historia, se ha ganado a James. James ve a Ciempi\u00e9s como ese t\u00edo cascarrabias con un coraz\u00f3n de oro. Es un papel para un buen cantante y un actor de car\u00e1cter fuerte.<\/li>\n\n\n\n<li><strong>SPIKER AND SPONGE: <\/strong>They\u2019re the sort of aunts (or monsters) that you fear ever being stuck with. They take James into their home but only so that he can be their own, personal servant. Spiker is the brains of the operation, and Sponge is more concerned about finding something to eat. These two must be fantastic singer and actors who are hilarious and can do a great lower middle class British accent.<\/li>\n\n\n\n<li><strong>Spiker y Sponge:<\/strong> Son el tipo de t\u00edas (o monstruos) con las que temes quedarte atrapado. Reciben a James en su casa, pero solo para que sea su sirviente personal. Spiker es el cerebro de la operaci\u00f3n, y Sponge se preocupa m\u00e1s por encontrar algo que comer. Estos dos deben ser cantantes y actores fant\u00e1sticos, divertid\u00edsimos y con un acento brit\u00e1nico de clase media-baja excepcional.<\/li>\n\n\n\n<li><strong>MR. TROTTER, MRS. TROTTER, KARL KREATOUR, ZOO CROWD: <\/strong>They\u2019re all part of James\u2019 nightmare. These are featured roles.<\/li>\n\n\n\n<li><strong>SR. TROTTER, SRA. TROTTER, KARL KREATOUR, GENTE DEL ZOOL\u00d3GICO: <\/strong>Todos forman parte de la pesadilla de James. Son papeles destacados.<\/li>\n\n\n\n<li><strong>MATRON NURSE: <\/strong>She runs the Painswick Orphanage, and you definitely get a sense that she hasn\u2019t had a vacation in years. This is a great featured character actress role.<\/li>\n\n\n\n<li><strong>ENFERMERA MATRONA:<\/strong> Dirige el Orfanato Painswick, y sin duda da la sensaci\u00f3n de que no ha tenido vacaciones en a\u00f1os. Es un gran papel para una actriz de reparto.<\/li>\n\n\n\n<li><strong>BILLY AND BOBBY COP: <\/strong>They are a perfectly unified pair of cops working for Scotland Yard (the British police force). They should be fun actors who can work well together.<\/li>\n\n\n\n<li><strong>BILLY Y BOBBY COP:<\/strong> Son una pareja de polic\u00edas perfectamente unidos que trabajan para Scotland Yard (la polic\u00eda brit\u00e1nica). Deber\u00edan ser actores divertidos que puedan trabajar bien juntos.<\/li>\n<\/ul>\n\n\n<div class=\"wp-block-image\">\n<figure class=\"aligncenter size-full\"><img loading=\"lazy\" decoding=\"async\" width=\"282\" height=\"356\" src=\"https:\/\/ptamckinley.org\/wp-content\/uploads\/2025\/10\/James-5.jpg\" alt=\"\" class=\"wp-image-3861\" srcset=\"https:\/\/ptamckinley.org\/wp-content\/uploads\/2025\/10\/James-5.jpg 282w, https:\/\/ptamckinley.org\/wp-content\/uploads\/2025\/10\/James-5-238x300.jpg 238w, https:\/\/ptamckinley.org\/wp-content\/uploads\/2025\/10\/James-5-10x12.jpg 10w\" sizes=\"auto, (max-width: 282px) 100vw, 282px\" \/><\/figure>\n<\/div>","protected":false},"excerpt":{"rendered":"<p>Director: Cate Bruce-Low Email: tribecayummymummy@gmail.com ORDER FLOWERS HERE ORDER PROGRAM SHOUT OUTS HERE **Tech Crew\/Set Design enrollment IS NOW CLOSED** **NO REFUNDS!** McKinley &amp; PACS [&hellip;]<\/p>\n","protected":false},"author":1,"featured_media":1434,"parent":0,"menu_order":0,"comment_status":"closed","ping_status":"closed","template":"","meta":{"footnotes":""},"class_list":["post-3731","page","type-page","status-publish","has-post-thumbnail","hentry"],"aioseo_notices":[],"_links":{"self":[{"href":"https:\/\/ptamckinley.org\/en\/wp-json\/wp\/v2\/pages\/3731","targetHints":{"allow":["GET"]}}],"collection":[{"href":"https:\/\/ptamckinley.org\/en\/wp-json\/wp\/v2\/pages"}],"about":[{"href":"https:\/\/ptamckinley.org\/en\/wp-json\/wp\/v2\/types\/page"}],"author":[{"embeddable":true,"href":"https:\/\/ptamckinley.org\/en\/wp-json\/wp\/v2\/users\/1"}],"replies":[{"embeddable":true,"href":"https:\/\/ptamckinley.org\/en\/wp-json\/wp\/v2\/comments?post=3731"}],"version-history":[{"count":9,"href":"https:\/\/ptamckinley.org\/en\/wp-json\/wp\/v2\/pages\/3731\/revisions"}],"predecessor-version":[{"id":3895,"href":"https:\/\/ptamckinley.org\/en\/wp-json\/wp\/v2\/pages\/3731\/revisions\/3895"}],"wp:featuredmedia":[{"embeddable":true,"href":"https:\/\/ptamckinley.org\/en\/wp-json\/wp\/v2\/media\/1434"}],"wp:attachment":[{"href":"https:\/\/ptamckinley.org\/en\/wp-json\/wp\/v2\/media?parent=3731"}],"curies":[{"name":"wp","href":"https:\/\/api.w.org\/{rel}","templated":true}]}}