{"id":1126,"date":"2020-06-26T05:44:00","date_gmt":"2020-06-26T05:44:00","guid":{"rendered":"https:\/\/ptamckinley.org\/?page_id=1126"},"modified":"2025-08-12T21:33:33","modified_gmt":"2025-08-13T04:33:33","slug":"pta-accomplishments","status":"publish","type":"page","link":"https:\/\/ptamckinley.org\/es\/pta-accomplishments\/","title":{"rendered":"Logros de la PTA"},"content":{"rendered":"<h2 class=\"wp-block-heading\">A\u00f1o escolar 2024-25<\/h2>\n\n\n\n<ul class=\"wp-block-list\">\n<li>Se compraron \u00fatiles escolares para toda la escuela TK-PACS<\/li>\n\n\n\n<li>Se proporcionaron paletas heladas a todos los estudiantes de McKinley en la Noche de conocer al maestro.<\/li>\n\n\n\n<li>Se proporcion\u00f3 limonada para el primer picnic familiar el primer viernes del nuevo a\u00f1o escolar para todos McKinley y PACS.<\/li>\n\n\n\n<li>Cena proporcionada en la Noche de Regreso a Clases para todos McKinley y PACS<\/li>\n\n\n\n<li>Pagado por un asistente biling\u00fce para McKinley<\/li>\n\n\n\n<li>Profesor de Educaci\u00f3n F\u00edsica pagado por la Academia Nacional de Atletismo para todo McKinley <\/li>\n\n\n\n<li>Se agreg\u00f3 un informe estudiantil presentado por miembros del equipo de liderazgo de PACS a la agenda de la PTA y a las reuniones mensuales.<\/li>\n\n\n\n<li>Planific\u00f3 y ejecut\u00f3 nuestro Jog-a-thon anual, recaudando casi $77,000 para todo McKinley y PACS<\/li>\n\n\n\n<li>Se proporcion\u00f3 camiseta de McKinley &amp; PACS a CADA estudiante de la escuela.<\/li>\n\n\n\n<li>Coordin\u00e9 fiestas para hacer carteles a la hora del almuerzo para todos los estudiantes para el jog-a-thon.<\/li>\n\n\n\n<li>Organiz\u00f3 varias fiestas de incentivo para los principales contribuyentes del jog-a-thon<\/li>\n\n\n\n<li>Se organiz\u00f3 una rifa para todos los que recaudaron dinero para el jog-a-thon.<\/li>\n\n\n\n<li>Organiz\u00f3 una noche para ni\u00f1os en el multi con manualidades, baile, pizza y una pel\u00edcula para ciertos participantes del jog-a-thon.<\/li>\n\n\n\n<li>Se brind\u00f3 asistencia para picnics familiares.<\/li>\n\n\n\n<li>Brind\u00e9 asistencia al club Boys &amp; Gils y su celebraci\u00f3n del D\u00eda de los Muertos proporcionando decoraciones y organizando fiestas de decoraci\u00f3n.<\/li>\n\n\n\n<li>Ayud\u00f3 a la escuela con el programa anual Holiday Giving para proporcionar obsequios a las familias que necesitaban ayuda adicional en esta temporada navide\u00f1a.<\/li>\n\n\n\n<li>Planifiqu\u00e9 y ejecut\u00e9 Winterfest: nuestra querida feria artesanal anual con sidra de manzana caliente, m\u00fasica y artesan\u00edas gratis.<\/li>\n\n\n\n<li>Compr\u00e9 y vend\u00ed ropa deportiva nueva de McKinley: camisetas, sudaderas y gorras.<\/li>\n\n\n\n<li>Trabajamos duro todo el a\u00f1o para mantener nuestro estatus 501c3.<\/li>\n\n\n\n<li>Se proporcion\u00f3 pizza para la noche de cine familiar para McKinley y PACS<\/li>\n\n\n\n<li>Planific\u00f3 y ejecut\u00f3 nuestro NUEVO evento anual de recaudaci\u00f3n de fondos para toda la familia del Cinco de Mayo, que incluy\u00f3 comida, DJ, baile, artes marciales, castillo inflable, loter\u00eda, pi\u00f1ata, subasta, paseo de pasteles y un evento de rifa para TODOS los adultos de McKinley y PACS para recaudar $20K+ para la escuela.<\/li>\n<\/ul>\n\n\n\n<h2 class=\"wp-block-heading\">A\u00f1o escolar 2023-24<\/h2>\n\n\n\n<ul class=\"wp-block-list\">\n<li>Obtuvo el 1er LUGAR en el concurso de unidades del Distrito 14 A+ por mantener el cumplimiento de la PTA: \u00a1gan\u00f3 $1,000 para toda la escuela!<\/li>\n\n\n\n<li>Compra de \u00fatiles escolares para toda la escuela TK-7\u00ba y 8\u00ba grado (PACS)<\/li>\n\n\n\n<li>Se proporcionaron paletas heladas para todos los estudiantes de McKinley y PACS en la noche de conocer al maestro.<\/li>\n\n\n\n<li>Se proporcion\u00f3 limonada para el primer picnic familiar el primer viernes del nuevo a\u00f1o escolar para todos McKinley y PACS.<\/li>\n\n\n\n<li>Cena proporcionada en la Noche de Regreso a Clases para todos McKinley y PACS<\/li>\n\n\n\n<li>Pagado por un asistente biling\u00fce para McKinley<\/li>\n\n\n\n<li>Pagado por el maestro de educaci\u00f3n f\u00edsica de la Academia Nacional de Atletismo para todos McKinley y PACS<\/li>\n\n\n\n<li>Implementamos un nuevo programa de gesti\u00f3n de ASE para facilitar la inscripci\u00f3n en ASE para las familias de McKinley y PACS y nuestros proveedores.<\/li>\n\n\n\n<li>Organiz\u00f3 el armario de la PTA<\/li>\n\n\n\n<li>Se agreg\u00f3 un informe estudiantil presentado por miembros del equipo de liderazgo de PACS a la agenda de la PTA y a las reuniones mensuales.<\/li>\n\n\n\n<li>Compilaci\u00f3n de un directorio de estudiantes\/padres para todo McKinley y PACS<\/li>\n\n\n\n<li>Compilaci\u00f3n de un directorio de voluntarios para todo McKinley y PACS<\/li>\n\n\n\n<li>Pagado por la suscripci\u00f3n a la ciencia misteriosa.<\/li>\n\n\n\n<li>Pagado por la suscripci\u00f3n de matem\u00e1ticas reflejas.<\/li>\n\n\n\n<li>Planifiqu\u00e9 y ejecut\u00e9 nuestro Jog-a-thon anual, recaudando casi $80,000 para todo McKinley y PACS.<\/li>\n\n\n\n<li>Se proporcion\u00f3 camiseta de McKinley &amp; PACS a CADA estudiante de la escuela.<\/li>\n\n\n\n<li>Compr\u00e9 un arco iris inflado para jog-a-thon que se usar\u00e1 a\u00f1o tras a\u00f1o para este incre\u00edble evento.<\/li>\n\n\n\n<li>Coordin\u00e9 fiestas para hacer carteles a la hora del almuerzo para todos los estudiantes para el jog-a-thon.<\/li>\n\n\n\n<li>Organiz\u00f3 varias fiestas de incentivo para los principales contribuyentes del jog-a-thon<\/li>\n\n\n\n<li>Se organiz\u00f3 una rifa para todos los que recaudaron dinero para el jog-a-thon.<\/li>\n\n\n\n<li>Organiz\u00f3 una noche para ni\u00f1os en el multi con manualidades, baile, pizza y una pel\u00edcula para ciertos participantes del jog-a-thon.<\/li>\n\n\n\n<li>Se brind\u00f3 asistencia para Picnic Familiar - Herencia Latina<\/li>\n\n\n\n<li>Brind\u00e9 asistencia al club Boys &amp; Gils y su celebraci\u00f3n del D\u00eda de los Muertos proporcionando decoraciones y organizando fiestas de decoraci\u00f3n.<\/li>\n\n\n\n<li>Ayud\u00f3 a la escuela con el programa anual Holiday Giving para proporcionar obsequios a las familias que necesitaban ayuda adicional en esta temporada navide\u00f1a.<\/li>\n\n\n\n<li>Planifiqu\u00e9 y ejecut\u00e9 Winterfest: nuestra querida feria artesanal anual con sidra de manzana caliente, m\u00fasica y artesan\u00edas gratis.<\/li>\n\n\n\n<li>Organiz\u00f3 un intercambio de libros donde todos los estudiantes de McKinley y PACS pudieron llevarse libros gratis a casa.<\/li>\n\n\n\n<li>Prometi\u00f3 $2,000 a la biblioteca para libros nuevos que benefician a McKinley &amp; PACS<\/li>\n\n\n\n<li>Asisti\u00f3 con un plan para mantener el Jard\u00edn de Agua de Lluvia instalado por Daily Acts frente a PACS<\/li>\n\n\n\n<li>Proporcion\u00f3 una gran cantidad de patrocinios a estudiantes de 4.\u00b0 grado para la excursi\u00f3n Gold Rush.<\/li>\n\n\n\n<li>Liber\u00f3 $6,000 al programa de teatro McKinley &amp; PACS para equipos nuevos<\/li>\n\n\n\n<li>Prometi\u00f3 $1,000 al jard\u00edn de infantes para su excursi\u00f3n al zool\u00f3gico.<\/li>\n\n\n\n<li>Compr\u00e9 y vend\u00ed ropa deportiva nueva de McKinley: camisetas, sudaderas y gorras.<\/li>\n\n\n\n<li>Se actualiz\u00f3 el permiso de rifa de McKinley &amp; PACS<\/li>\n\n\n\n<li>Trabajamos duro todo el a\u00f1o para mantener nuestro estatus 501c3.<\/li>\n\n\n\n<li>Se actualizaron las declaraciones de impuestos de la PTA de McKinley<\/li>\n\n\n\n<li>Se proporcion\u00f3 pizza para la noche de cine familiar para McKinley y PACS<\/li>\n\n\n\n<li>Proporcion\u00f3 fondos para un caf\u00e9 intercultural para McKinley y PACS<\/li>\n\n\n\n<li>Se comprometi\u00f3 a ayudar a pagar las camisetas de la escuela secundaria para todos los estudiantes salientes de 8.\u00ba grado de PACS.<\/li>\n\n\n\n<li>Planific\u00f3 y ejecut\u00f3 el evento anual MUSTANG SOCIAL: subasta silenciosa, subasta en vivo, subasta de postres y rifa para TODOS los adultos de McKinley y PACS para recaudar $40K+ para la escuela.<\/li>\n<\/ul>\n\n\n\n<div class=\"wp-block-group is-vertical is-layout-flex wp-container-core-group-is-layout-8cf370e7 wp-block-group-is-layout-flex\">\n<h2 class=\"wp-block-heading\">A\u00f1o escolar 2022-2023<\/h2>\n<\/div>\n\n\n\n<ul class=\"wp-block-list\">\n<li>Obtuvo una subvenci\u00f3n del Consejo de las Artes de California para financiar los programas de artes esc\u00e9nicas hasta 2024<\/li>\n\n\n\n<li>Obtuvo una subvenci\u00f3n de Releaf Petaluma para plantar \u00e1rboles en el campus de McKinley<\/li>\n\n\n\n<li>Compr\u00f3 \u00fatiles escolares esenciales para cada estudiante de McKinley\/PACS<\/li>\n\n\n\n<li>Se proporcionaron fondos para suministros de maestros para todos los maestros de McKinley\/PACS<\/li>\n\n\n\n<li>Proporcion\u00f3 $22,000 para la construcci\u00f3n de un nuevo patio de recreo en nuestro campus durante el verano de 2022<\/li>\n\n\n\n<li>Proporcion\u00f3 fondos para un maestro de educaci\u00f3n f\u00edsica de grado inferior<\/li>\n\n\n\n<li>Jog-a-thon coordinado y eventos para recaudar fondos de Mustang Social Spring<\/li>\n\n\n\n<li>Licencia de sitio comprada de la aplicaci\u00f3n Reflex Math<\/li>\n\n\n\n<li>Coordin\u00e9 varios eventos de agradecimiento al personal a lo largo del a\u00f1o escolar.<\/li>\n\n\n\n<li>Organizar un curso de guerrero ninja inflable para todos los estudiantes como incentivo de recaudaci\u00f3n de fondos Jog-a-thon al final del semestre de oto\u00f1o<\/li>\n\n\n\n<li>Organic\u00e9 un festival de invierno con refrigerios, artesan\u00edas y art\u00edculos hechos a mano a la venta por nuestros talentosos miembros de la comunidad.<\/li>\n<\/ul>\n\n\n\n<h2 class=\"wp-block-heading\">A\u00f1o escolar 2021-2022<\/h2>\n\n\n\n<ul class=\"wp-block-list\">\n<li>Se asoci\u00f3 con Baskin-Robbins para dar a cada estudiante de McKinley una bola de helado gratis para celebrar el comienzo del nuevo a\u00f1o escolar.<\/li>\n\n\n\n<li>Organiz\u00f3 una noche familiar de Zumba al comienzo del a\u00f1o escolar<\/li>\n\n\n\n<li>Organiz\u00f3 una Noche de Bingo Virtual en el oto\u00f1o<\/li>\n\n\n\n<li>Pag\u00f3 por letreros para ayudar a dirigir el tr\u00e1fico fuera de la escuela al recoger y dejar<\/li>\n\n\n\n<li>Jog-a-thon coordinado y eventos para recaudar fondos de Mustang Social Spring<\/li>\n\n\n\n<li>Pago por un asistente de instrucci\u00f3n biling\u00fce de TK y K<\/li>\n\n\n\n<li>Fondos para suministros para maestros proporcionados para todos los maestros de McKinley<\/li>\n\n\n\n<li>Licencia de sitio comprada de la aplicaci\u00f3n Reflex Math<\/li>\n\n\n\n<li>Compr\u00f3 el segundo hoyo de Gaga Ball<\/li>\n\n\n\n<li>Coordin\u00e9 varios eventos de agradecimiento al personal a lo largo del a\u00f1o escolar.<\/li>\n\n\n\n<li>\u00c1rbol de donaciones coordinado para familias y aulas<\/li>\n\n\n\n<li>Organizar un curso de guerrero ninja inflable para todos los estudiantes como incentivo de recaudaci\u00f3n de fondos Jog-a-thon al final del semestre de oto\u00f1o<\/li>\n\n\n\n<li>Organic\u00e9 un festival de invierno con refrigerios, artesan\u00edas y art\u00edculos hechos a mano a la venta por nuestros talentosos miembros de la comunidad.<\/li>\n\n\n\n<li>El Comit\u00e9 de Participaci\u00f3n Familiar coordin\u00f3 el reclutamiento de padres\/tutores voluntarios para supervisi\u00f3n adicional en el patio de recreo durante el almuerzo y el recreo.<\/li>\n\n\n\n<li>Proporcion\u00f3 fondos para un maestro de educaci\u00f3n f\u00edsica de grado inferior<\/li>\n\n\n\n<li>Organizaci\u00f3n de la &quot;Mesa de los antepasados&quot; para celebrar la herencia cultural maravillosamente diversa de las familias en McKinley <\/li>\n\n\n\n<li>Particip\u00f3 en el Programa de Escuela de Excelencia de la PTA Nacional encuestando a las familias para evaluar las \u00e1reas en las que la PTA podr\u00eda enfocar los esfuerzos para servir mejor a todas las familias.<\/li>\n\n\n\n<li>Programa de enriquecimiento despu\u00e9s de la escuela organizado y proporcion\u00f3 becas de matr\u00edcula completas y parciales para que los estudiantes participen<\/li>\n\n\n\n<li>Organic\u00e9 una &quot;fiesta de barrio&quot; de la PTA de McKinley para volver a conectar a las familias y crear una comunidad despu\u00e9s del aprendizaje a distancia<\/li>\n\n\n\n<li>Visitas financiadas a nuestro campus del Bay Area Discovery Museum Try-It Truck y Classroom Safari<\/li>\n\n\n\n<li>Compr\u00f3 nuevos micr\u00f3fonos para nuestro programa de artes esc\u00e9nicas.<\/li>\n\n\n\n<li>Proporcion\u00f3 $22,000 para la construcci\u00f3n de un nuevo patio de recreo en nuestro campus durante el verano de 2022<\/li>\n\n\n\n<li>Proporcion\u00f3 fondos para la presentaci\u00f3n del Rey Le\u00f3n de nuestro programa de artes esc\u00e9nicas.<\/li>\n<\/ul>\n\n\n\n<h2 class=\"wp-block-heading\">A\u00f1o escolar 2020-2021<\/h2>\n\n\n\n<ul class=\"wp-block-list\">\n<li>Pago por un asistente de instrucci\u00f3n biling\u00fce de TK y K<\/li>\n\n\n\n<li>Fondos para suministros para maestros proporcionados para todos los maestros de McKinley<\/li>\n\n\n\n<li>Se proporcionaron fondos para la instalaci\u00f3n de un nuevo sal\u00f3n de clases para seis aulas.<\/li>\n\n\n\n<li>Compra de estaciones de llenado de botellas de agua para el campus de McKinley<\/li>\n\n\n\n<li>Estaciones port\u00e1tiles para lavarse las manos compradas<\/li>\n\n\n\n<li>Fondos proporcionados para materiales del plan de estudios en espa\u00f1ol<\/li>\n\n\n\n<li>Se organiz\u00f3 una noche de cine familiar gratuita al aire libre en el recinto ferial<\/li>\n\n\n\n<li>Fondos recaudados para el fondo McKinley Cares para proporcionar tarjetas de regalo de comestibles para familias necesitadas<\/li>\n\n\n\n<li>\u00c1rbol de donaciones de vacaciones coordinado<\/li>\n\n\n\n<li>Recaudaci\u00f3n de fondos virtual de Dance-A-Thon coordinada<\/li>\n\n\n\n<li>Organiz\u00f3 una recaudaci\u00f3n de fondos de subasta de primavera en l\u00ednea<\/li>\n\n\n\n<li>Eventos coordinados de agradecimiento al personal cada trimestre<\/li>\n\n\n\n<li>Proporcion\u00f3 fondos para carteles de regreso a clases para decorar el campus para el aprendizaje h\u00edbrido<\/li>\n\n\n\n<li>El Comit\u00e9 de Participaci\u00f3n Familiar organiz\u00f3 una Noche de Bingo Virtual gratuita tremendamente exitosa con muchos premios de proveedores locales<\/li>\n\n\n\n<li>Proporcion\u00f3 fondos para nuevos conjuntos de robots en el aula para los grados 3-5<\/li>\n\n\n\n<li>Compra de camisetas para estudiantes graduados<\/li>\n<\/ul>\n\n\n\n<h2 class=\"wp-block-heading\">A\u00f1o escolar 2019-2020<\/h2>\n\n\n\n<ul class=\"wp-block-list\">\n<li>Pago por un asistente de instrucci\u00f3n biling\u00fce de TK y K<\/li>\n\n\n\n<li>Subsidi\u00f3 excursiones en todos los niveles de grado<\/li>\n\n\n\n<li>Subsidi\u00f3 clases de m\u00fasica de James K para los grados TK hasta el primer<\/li>\n\n\n\n<li>Coordin\u00f3 el programa Holiday Giving para apoyar a las familias de McKinley<\/li>\n\n\n\n<li>Coordin\u00f3 el \u00e1rbol de donaciones de maestros\/personal para apoyar a nuestro personal de McKinley<\/li>\n\n\n\n<li>Proporcion\u00f3  fondos para todos los maestros de aula<\/li>\n\n\n\n<li>Proporcion\u00f3 un fondo de subvenci\u00f3n para el plan de estudios<\/li>\n\n\n\n<li>Proporcion\u00f3 fondos  en enero para maestros y personal.<\/li>\n\n\n\n<li>Pago por el Coordinador de jardines (oto\u00f1o y primavera)<\/li>\n\n\n\n<li>Cre\u00f3 el comit\u00e9 TIDE para proporcionar al personal y a los miembros de la comunidad que asistan a capacitaciones locales en diversidad, inclusi\u00f3n y equidad de forma gratuita<\/li>\n\n\n\n<li>Organiz\u00f3 el Carnaval de Invierno como un \"regalo\" a nuestra comunidad de McKinley<\/li>\n\n\n\n<li>Proporcion\u00f3 fondos para la instalaci\u00f3n de un nuevo sal\u00f3n de clases para cuatro maestros<\/li>\n\n\n\n<li>Instituyo eventos mensuales  del Caf\u00e9 Intercultural<\/li>\n\n\n\n<li>Coordin\u00f3 la recaudaci\u00f3n de fondos de Jogathon<\/li>\n\n\n\n<li>Organiz\u00f3 una recaudaci\u00f3n de fondos de subasta de primavera en l\u00ednea<\/li>\n\n\n\n<li>Coordin\u00f3 eventos mensuales de apreciaci\u00f3n del personal<\/li>\n\n\n\n<li>Comprar camisetas reutilizables para usar en West Side Relays y otros eventos.<\/li>\n\n\n\n<li>Paletas de hielo proporcionadas para el evento Meet the Teacher<\/li>\n\n\n\n<li>Proporcion\u00f3 comida para la Noche de Regreso a la Escuela<\/li>\n\n\n\n<li>Coordin\u00f3 la decoraci\u00f3n de la Semana de la Cinta Roja que gan\u00f3  $500 a McKinley<\/li>\n<\/ul>\n\n\n\n<h2 class=\"wp-block-heading\">A\u00f1o escolar 2018-2019<\/h2>\n\n\n\n<ul class=\"wp-block-list\">\n<li>Voluntarios provistos para armar paquetes de regreso a la escuela<\/li>\n\n\n\n<li>Paletas de hielo proporcionadas para el evento Meet the Teacher<\/li>\n\n\n\n<li>Proporcion\u00f3 comida para la Noche de Regreso a la Escuela<\/li>\n\n\n\n<li>Proporcion\u00f3 fondos para las nuevas configuraci\u00f3nes de tres aulas<\/li>\n\n\n\n<li>Proporcion\u00f3 fondos adicionales para las aulas de seis maestros que cambiaron los niveles de grado<\/li>\n\n\n\n<li>Pago por el Coordinador de jardines (oto\u00f1o y primavera)<\/li>\n\n\n\n<li>Pago por un asistente de instrucci\u00f3n biling\u00fce de TK y K<\/li>\n\n\n\n<li>Coordin\u00f3 eventos mensuales de apreciaci\u00f3n del personal<\/li>\n\n\n\n<li>Coordin\u00f3 la recaudaci\u00f3n de fondos de Jogathon<\/li>\n\n\n\n<li>Eeemplaz\u00f3 el esc\u00e1ner, la computadora y la impresora en la biblioteca&nbsp;<\/li>\n\n\n\n<li>Venta coordinada de ropa escolar<\/li>\n\n\n\n<li>Subsidi\u00f3 excursiones en todos los niveles de grado<\/li>\n\n\n\n<li>Subsidi\u00f3 clases de m\u00fasica de James K para los grados TK hasta el primer<\/li>\n\n\n\n<li>Instituyo eventos mensuales  del Caf\u00e9 Intercultural<\/li>\n\n\n\n<li>Coordin\u00f3 la decoraci\u00f3n de la Semana de la Cinta Roja que gan\u00f3  $500 a McKinley<\/li>\n\n\n\n<li>Suministr\u00f3 fondos para el programa Safe School Ambassador<\/li>\n\n\n\n<li>Coordin\u00f3 boletin escolar semanal<\/li>\n\n\n\n<li>Proporcion\u00f3  fondo de \"Kudos\" la directora&nbsp;<\/li>\n\n\n\n<li>Proporcion\u00f3 fondo de tecnolog\u00eda de emergencia<\/li>\n\n\n\n<li>Trabaj\u00f3 durante todo el a\u00f1o para mantener el cumplimiento del estado 501c3<\/li>\n\n\n\n<li>Coordin\u00f3 la recaudaci\u00f3n de fondos de azulejos para apoyar mejoras al Multi<\/li>\n\n\n\n<li>Apoy\u00f3 y ayud\u00f3 a coordinar la reconstrucci\u00f3n de el jard\u00edn de McKinley<\/li>\n\n\n\n<li>Organiz\u00f3 el Carnaval de Invierno como un \"regalo\" a nuestra comunidad de McKinley<\/li>\n\n\n\n<li>Coordin\u00f3 el programa Holiday Giving para apoyar a las familias de McKinley<\/li>\n\n\n\n<li>Coordin\u00f3 el \u00e1rbol de donaciones de maestros\/personal para apoyar a nuestro personal de McKinley<\/li>\n\n\n\n<li>Proporcion\u00f3  fondos para todos los maestros de aula<\/li>\n\n\n\n<li>Proporcion\u00f3 fondos  en enero para maestros y personal.<\/li>\n\n\n\n<li>Pag\u00f3 por el coordinador del programa de jard\u00edn de primavera<\/li>\n\n\n\n<li>Proporcion\u00f3 un fondo especial para las asambleas escolares.<\/li>\n\n\n\n<li>Organiz\u00f3 l recaudaci\u00f3n de fondos de la subasta de primavera en Lagunitas<\/li>\n\n\n\n<li>Proporcion\u00f3 fondoes para la iluminaci\u00f3n de las artes esc\u00e9nicas<\/li>\n\n\n\n<li>Compr\u00f3 un EZ Up Canopy para usar en West Side Relays y otros eventos<\/li>\n\n\n\n<li>Proporcion\u00f3  fondos para la carreta de la nueva impresora 3D<\/li>\n\n\n\n<li>Compr\u00f3 el Gaga Ball pit, el juego TripleShoot y la caminata sensorial&nbsp;<\/li>\n<\/ul>","protected":false},"excerpt":{"rendered":"<p>2024-25 School Year 2023-24 School Year 2022-2023 School Year 2021-2022 School Year 2020-2021 School Year 2019-2020 School Year 2018-2019 School Year<\/p>","protected":false},"author":1,"featured_media":1434,"parent":0,"menu_order":0,"comment_status":"closed","ping_status":"closed","template":"","meta":{"footnotes":""},"class_list":["post-1126","page","type-page","status-publish","has-post-thumbnail","hentry"],"aioseo_notices":[],"_links":{"self":[{"href":"https:\/\/ptamckinley.org\/es\/wp-json\/wp\/v2\/pages\/1126","targetHints":{"allow":["GET"]}}],"collection":[{"href":"https:\/\/ptamckinley.org\/es\/wp-json\/wp\/v2\/pages"}],"about":[{"href":"https:\/\/ptamckinley.org\/es\/wp-json\/wp\/v2\/types\/page"}],"author":[{"embeddable":true,"href":"https:\/\/ptamckinley.org\/es\/wp-json\/wp\/v2\/users\/1"}],"replies":[{"embeddable":true,"href":"https:\/\/ptamckinley.org\/es\/wp-json\/wp\/v2\/comments?post=1126"}],"version-history":[{"count":9,"href":"https:\/\/ptamckinley.org\/es\/wp-json\/wp\/v2\/pages\/1126\/revisions"}],"predecessor-version":[{"id":3799,"href":"https:\/\/ptamckinley.org\/es\/wp-json\/wp\/v2\/pages\/1126\/revisions\/3799"}],"wp:featuredmedia":[{"embeddable":true,"href":"https:\/\/ptamckinley.org\/es\/wp-json\/wp\/v2\/media\/1434"}],"wp:attachment":[{"href":"https:\/\/ptamckinley.org\/es\/wp-json\/wp\/v2\/media?parent=1126"}],"curies":[{"name":"gracias","href":"https:\/\/api.w.org\/{rel}","templated":true}]}}