{"id":1135,"date":"2020-06-26T05:54:16","date_gmt":"2020-06-26T05:54:16","guid":{"rendered":"https:\/\/ptamckinley.org\/?page_id=1135"},"modified":"2021-02-16T21:01:29","modified_gmt":"2021-02-17T05:01:29","slug":"staff-appreciation-fund","status":"publish","type":"page","link":"https:\/\/ptamckinley.org\/es\/staff-appreciation-fund\/","title":{"rendered":"Fondo de agradecimiento al personal"},"content":{"rendered":"<p>En los \u00faltimos dos a\u00f1os, nuestro maravilloso Coordinador de agradecimiento al personal ha ayudado a crear un evento mensual de agradecimiento al personal. \u00a1Esta es nuestra manera de asegurarnos de que nuestro personal sepa que son apreciados durante todo el a\u00f1o!<br><br>Si bien le pedimos a un nivel de grado que done art\u00edculos cada mes, siempre necesitamos un apoyo adicional para cubrir necesidades adicionales o art\u00edculos que no se donan.<br><br>Ayude a la PTA a organizar estos eventos mensuales con una donaci\u00f3n especial. Nuestros maestros y personal estar\u00e1n muy agradecidos.<br><br>\u00a1Gracias por tu generosidad!<\/p>\n\n\n\n<div class=\"wp-block-buttons is-layout-flex wp-block-buttons-is-layout-flex\">\n<div class=\"wp-block-button\"><a class=\"wp-block-button__link\" href=\"https:\/\/ptamckinley.org\/es\/donate\/\">donar aqu\u00ed<\/a><\/div>\n<\/div>","protected":false},"excerpt":{"rendered":"<p>In the past two years, our wonderful Staff Appreciation Coordinator has helped create a monthly staff appreciation event. This is our way of making sure [&hellip;]<\/p>\n","protected":false},"author":1,"featured_media":1434,"parent":0,"menu_order":0,"comment_status":"closed","ping_status":"closed","template":"","meta":{"footnotes":""},"class_list":["post-1135","page","type-page","status-publish","has-post-thumbnail","hentry"],"aioseo_notices":[],"_links":{"self":[{"href":"https:\/\/ptamckinley.org\/es\/wp-json\/wp\/v2\/pages\/1135","targetHints":{"allow":["GET"]}}],"collection":[{"href":"https:\/\/ptamckinley.org\/es\/wp-json\/wp\/v2\/pages"}],"about":[{"href":"https:\/\/ptamckinley.org\/es\/wp-json\/wp\/v2\/types\/page"}],"author":[{"embeddable":true,"href":"https:\/\/ptamckinley.org\/es\/wp-json\/wp\/v2\/users\/1"}],"replies":[{"embeddable":true,"href":"https:\/\/ptamckinley.org\/es\/wp-json\/wp\/v2\/comments?post=1135"}],"version-history":[{"count":1,"href":"https:\/\/ptamckinley.org\/es\/wp-json\/wp\/v2\/pages\/1135\/revisions"}],"predecessor-version":[{"id":1521,"href":"https:\/\/ptamckinley.org\/es\/wp-json\/wp\/v2\/pages\/1135\/revisions\/1521"}],"wp:featuredmedia":[{"embeddable":true,"href":"https:\/\/ptamckinley.org\/es\/wp-json\/wp\/v2\/media\/1434"}],"wp:attachment":[{"href":"https:\/\/ptamckinley.org\/es\/wp-json\/wp\/v2\/media?parent=1135"}],"curies":[{"name":"gracias","href":"https:\/\/api.w.org\/{rel}","templated":true}]}}