{"id":1208,"date":"2020-07-05T05:14:23","date_gmt":"2020-07-05T05:14:23","guid":{"rendered":"https:\/\/ptamckinley.org\/?page_id=1208"},"modified":"2025-08-12T21:40:24","modified_gmt":"2025-08-13T04:40:24","slug":"mckinleys-tide-committee","status":"publish","type":"page","link":"https:\/\/ptamckinley.org\/es\/mckinleys-tide-committee\/","title":{"rendered":"Comit\u00e9 TIDE de McKinley"},"content":{"rendered":"<p>\u00a1Llamando a todos los padres, maestros, personal y estudiantes de McKinley \/ PACS!<\/p>\n\n\n\n<p>\u00bfEst\u00e1 interesado en asegurarse de que McKinley siga siendo la comunidad diversa, amable y justa que es hoy? \u00bfTiene ideas sobre c\u00f3mo podemos fortalecer los lazos que nos mantienen unidos mientras nos volvemos a\u00fan m\u00e1s tolerantes y acogedores con nuestras diferencias? \u00bfC\u00f3mo podemos ser a\u00fan m\u00e1s equitativos e inclusivos en nuestras pr\u00e1cticas y nuestros resultados?<\/p>\n\n\n\n<p>\u00danase al nuevo comit\u00e9 TIDE de McKinley, parte de un esfuerzo de toda la ciudad llamado Petaluma TIDE (Equipo para la inclusi\u00f3n, la diversidad y la equidad).<\/p>\n\n\n\n<p>Petaluma TIDE fue formado por un grupo de padres despu\u00e9s de escuchar historias de racismo y prejuicios de estudiantes de secundaria en Petaluma. TIDE es un grupo liderado por la comunidad que explora c\u00f3mo hacer que nuestras escuelas sean m\u00e1s seguras, inclusivas y acogedoras para todos nuestros diversos estudiantes, familias, maestros y administradores de TK-12.<\/p>\n\n\n\n<p><em>(\u00danase al grupo de Facebook de Petaluma TIDE: <\/em><a href=\"https:\/\/www.facebook.com\/groups\/562908137539076\/about\/\" target=\"_blank\" rel=\"noreferrer noopener\"><em>https:\/\/www.facebook.com\/groups\/562908137539076\/<\/em><\/a><em>)<\/em><\/p>\n\n\n\n<p>La participaci\u00f3n en el comit\u00e9 TIDE de McKinley puede incluir:<\/p>\n\n\n\n<ul class=\"wp-block-list\">\n<li>Reuniones peri\u00f3dicas para discutir las prioridades de c\u00f3mo McKinley TIDE podr\u00eda y deber\u00eda funcionar<\/li>\n\n\n\n<li>Participaci\u00f3n en capacitaciones en toda la ciudad sobre prejuicios y equidad<\/li>\n\n\n\n<li>Ayudando a recaudar fondos y conciencia para estos esfuerzos en McKinley<\/li>\n\n\n\n<li>Compartir lo que funciona en McKinley con otras escuelas de la ciudad de Petaluma<\/li>\n<\/ul>\n\n\n\n<p>\u00a1Para unirse a McKinley TIDE en cualquier momento, env\u00ede un correo electr\u00f3nico a Kristen Joyce a mckptapres@gmail.com!<\/p>","protected":false},"excerpt":{"rendered":"<p>Calling all McKinley\/PACS parents, teachers, staff, and students! Are you interested in making sure McKinley continues to be the diverse, kind, fair community it is [&hellip;]<\/p>\n","protected":false},"author":1,"featured_media":1434,"parent":0,"menu_order":0,"comment_status":"closed","ping_status":"closed","template":"","meta":{"footnotes":""},"class_list":["post-1208","page","type-page","status-publish","has-post-thumbnail","hentry"],"aioseo_notices":[],"_links":{"self":[{"href":"https:\/\/ptamckinley.org\/es\/wp-json\/wp\/v2\/pages\/1208","targetHints":{"allow":["GET"]}}],"collection":[{"href":"https:\/\/ptamckinley.org\/es\/wp-json\/wp\/v2\/pages"}],"about":[{"href":"https:\/\/ptamckinley.org\/es\/wp-json\/wp\/v2\/types\/page"}],"author":[{"embeddable":true,"href":"https:\/\/ptamckinley.org\/es\/wp-json\/wp\/v2\/users\/1"}],"replies":[{"embeddable":true,"href":"https:\/\/ptamckinley.org\/es\/wp-json\/wp\/v2\/comments?post=1208"}],"version-history":[{"count":6,"href":"https:\/\/ptamckinley.org\/es\/wp-json\/wp\/v2\/pages\/1208\/revisions"}],"predecessor-version":[{"id":3804,"href":"https:\/\/ptamckinley.org\/es\/wp-json\/wp\/v2\/pages\/1208\/revisions\/3804"}],"wp:featuredmedia":[{"embeddable":true,"href":"https:\/\/ptamckinley.org\/es\/wp-json\/wp\/v2\/media\/1434"}],"wp:attachment":[{"href":"https:\/\/ptamckinley.org\/es\/wp-json\/wp\/v2\/media?parent=1208"}],"curies":[{"name":"gracias","href":"https:\/\/api.w.org\/{rel}","templated":true}]}}