{"id":1307,"date":"2020-09-26T22:16:45","date_gmt":"2020-09-26T22:16:45","guid":{"rendered":"https:\/\/ptamckinley.org\/?page_id=1307"},"modified":"2023-08-18T19:09:19","modified_gmt":"2023-08-19T02:09:19","slug":"dine-sweat-and-donate","status":"publish","type":"page","link":"https:\/\/ptamckinley.org\/es\/donate\/dine-sweat-and-donate\/","title":{"rendered":"Cenar y donar"},"content":{"rendered":"<h2 class=\"wp-block-heading has-text-align-center\">\u00a1Apoye restaurantes y tiendas locales y gane donaciones para McKinley sin costo adicional para usted!<\/h2>\n\n\n\n<hr class=\"wp-block-separator has-css-opacity\"\/>\n\n\n\n<div class=\"wp-block-media-text alignwide is-stacked-on-mobile is-vertically-aligned-top\"><figure class=\"wp-block-media-text__media\"><img loading=\"lazy\" decoding=\"async\" width=\"800\" height=\"694\" src=\"https:\/\/ptamckinley.org\/wp-content\/uploads\/2021\/08\/yogurtland.jpg\" alt=\"\" class=\"wp-image-1695 size-full\" srcset=\"https:\/\/ptamckinley.org\/wp-content\/uploads\/2021\/08\/yogurtland.jpg 800w, https:\/\/ptamckinley.org\/wp-content\/uploads\/2021\/08\/yogurtland-300x260.jpg 300w, https:\/\/ptamckinley.org\/wp-content\/uploads\/2021\/08\/yogurtland-768x666.jpg 768w, https:\/\/ptamckinley.org\/wp-content\/uploads\/2021\/08\/yogurtland-14x12.jpg 14w\" sizes=\"auto, (max-width: 800px) 100vw, 800px\" \/><\/figure><div class=\"wp-block-media-text__content\">\n<h3 class=\"wp-block-heading\"><strong>\u00danase a nosotros para cenar y donar <\/strong>\u00a1FECHAS TBD para OTO\u00d1O 2023!<\/h3>\n\n\n\n<p>\u00a1Las celebraciones de regreso a clases no est\u00e1n completas sin la PTA y nuestros socios de Dine and Donate! Si est\u00e1 interesado en ayudar con Dine and Donate para el a\u00f1o escolar 2023-24, \u00a1comun\u00edquese con nosotros! Env\u00ede un correo electr\u00f3nico al presidente de la PTA a mckptapres@gmail.com.<\/p>\n\n\n\n<p>Mencione a McKinley en nuestras ubicaciones Dine and Donate y recibiremos una parte de los ingresos para apoyar nuestro programa.<\/p>\n\n\n\n<p>\u00a1Gracias Petaluma!<\/p>\n\n\n\n<div class=\"wp-block-buttons is-layout-flex wp-block-buttons-is-layout-flex\"><\/div>\n<\/div><\/div>\n\n\n\n<hr class=\"wp-block-separator has-css-opacity\"\/>","protected":false},"excerpt":{"rendered":"<p>\u00a1Apoye restaurantes y tiendas locales y gane donaciones para McKinley sin costo adicional para usted!<\/p>","protected":false},"author":1,"featured_media":1434,"parent":982,"menu_order":0,"comment_status":"closed","ping_status":"closed","template":"","meta":{"footnotes":""},"class_list":["post-1307","page","type-page","status-publish","has-post-thumbnail","hentry"],"aioseo_notices":[],"_links":{"self":[{"href":"https:\/\/ptamckinley.org\/es\/wp-json\/wp\/v2\/pages\/1307","targetHints":{"allow":["GET"]}}],"collection":[{"href":"https:\/\/ptamckinley.org\/es\/wp-json\/wp\/v2\/pages"}],"about":[{"href":"https:\/\/ptamckinley.org\/es\/wp-json\/wp\/v2\/types\/page"}],"author":[{"embeddable":true,"href":"https:\/\/ptamckinley.org\/es\/wp-json\/wp\/v2\/users\/1"}],"replies":[{"embeddable":true,"href":"https:\/\/ptamckinley.org\/es\/wp-json\/wp\/v2\/comments?post=1307"}],"version-history":[{"count":8,"href":"https:\/\/ptamckinley.org\/es\/wp-json\/wp\/v2\/pages\/1307\/revisions"}],"predecessor-version":[{"id":3415,"href":"https:\/\/ptamckinley.org\/es\/wp-json\/wp\/v2\/pages\/1307\/revisions\/3415"}],"up":[{"embeddable":true,"href":"https:\/\/ptamckinley.org\/es\/wp-json\/wp\/v2\/pages\/982"}],"wp:featuredmedia":[{"embeddable":true,"href":"https:\/\/ptamckinley.org\/es\/wp-json\/wp\/v2\/media\/1434"}],"wp:attachment":[{"href":"https:\/\/ptamckinley.org\/es\/wp-json\/wp\/v2\/media?parent=1307"}],"curies":[{"name":"gracias","href":"https:\/\/api.w.org\/{rel}","templated":true}]}}