{"id":1556,"date":"2021-03-07T09:42:58","date_gmt":"2021-03-07T17:42:58","guid":{"rendered":"https:\/\/ptamckinley.org\/?page_id=1556"},"modified":"2025-08-12T21:35:43","modified_gmt":"2025-08-13T04:35:43","slug":"pta-positions-and-descriptions","status":"publish","type":"page","link":"https:\/\/ptamckinley.org\/es\/pta-positions-and-descriptions\/","title":{"rendered":"Puestos y descripciones a nivel de comit\u00e9"},"content":{"rendered":"<p>\u00bfQuerer aprender m\u00e1s? Correo electr\u00f3nico <a href=\"javascript:;\">mckptapres@gmail.com<\/a><\/p>\n\n\n\n<p><strong>COORDINADOR DE ENRIQUECIMIENTO DESPU\u00c9S DE LA ESCUELA (tambi\u00e9n conocido como DIVERSI\u00d3N DESPU\u00c9S DE LA ESCUELA)<\/strong>! (Julia Blum)<\/p>\n\n\n\n<p>Trabaja con maestros y proveedores externos para planificar clases de enriquecimiento despu\u00e9s de la escuela en oto\u00f1o, invierno y primavera. En el oto\u00f1o de 2023, la PTA adopt\u00f3 una nueva plataforma de gesti\u00f3n ASE para esto llamada Homeroom. \u00a1Homeroom simplifica la organizaci\u00f3n de ASE, guarda perfiles de proveedores a\u00f1o tras a\u00f1o y maneja todos los registros y todo lo que conlleva ese proceso! <\/p>\n\n\n\n<p><strong>\u00a1MAESTRO DEL FLAIR DEL TABLERO DE ANUNCIOS!<\/strong> (ABIERTO)<\/p>\n\n\n\n<p>\u00bfEs usted creativo y tiene talento para el marketing? Esta persona publicar\u00e1 copias impresas del bolet\u00edn informativo actual, as\u00ed como carteles\/folletos de eventos actuales en el pasillo afuera de la oficina y mantendr\u00e1 el tablero de anuncios con toda la informaci\u00f3n actualizada. \u00a1Si\u00e9ntete libre de a\u00f1adir tu toque art\u00edstico personal al tablero! \u00a1Lo que sea que ayude a que la gente se d\u00e9 cuenta de los acontecimientos actuales de nuestra escuela! <\/p>\n\n\n\n<p><strong>\u00a1HADA DEL JARD\u00cdN!<\/strong> (ABIERTO)<\/p>\n\n\n\n<p>Esta incre\u00edble persona sirve como nuestro l\u00edder de jard\u00edn &quot;en el sitio&quot; y trabaja en el mantenimiento del hermoso huerto escolar, as\u00ed como de nuestro incre\u00edble jard\u00edn de agua de lluvia, identificando las necesidades del jard\u00edn y organizando voluntarios para ayudar a mantener los jardines durante todo el a\u00f1o. Esta funci\u00f3n contin\u00faa a medida que surgen las necesidades e incluye la organizaci\u00f3n de voluntarios para los d\u00edas de trabajo despu\u00e9s de la escuela y\/o los s\u00e1bados en el jard\u00edn. \u00a1Esta es una excelente manera de unir a los estudiantes y las familias para cuidar de nuestra escuela! \u00a1Esta funci\u00f3n tambi\u00e9n incluye el cuidado del jard\u00edn en verano! <\/p>\n\n\n\n<p><strong>\u00a1COORDINADORES DE REGALOS NAVIDE\u00d1OS!<\/strong> (JESSICA SERV\u00cdN, CHRIS LUM, ROSE LUDWIG)<\/p>\n\n\n\n<p>\u00a1Estas personas desempe\u00f1an un papel decisivo en la planificaci\u00f3n y coordinaci\u00f3n de nuestro programa anual de entrega de obsequios navide\u00f1os para nuestras queridas familias que podr\u00edan necesitar un poco de ayuda adicional durante las fiestas! Es responsabilidad de los encargados de las donaciones navide\u00f1as realizar un seguimiento de los obsequios, recolectar obsequios envueltos y distribuirlos a los miembros de nuestra comunidad de forma an\u00f3nima. Esto implica gestionar (y\/o coordinar a los voluntarios para que manejen) un tablero de anuncios de regalos navide\u00f1os al dejar y recoger a los ni\u00f1os en las semanas previas a las vacaciones. \u00a1Es incre\u00edblemente gratificante que la PTA de McKinley &amp; PACS pueda facilitar esta contribuci\u00f3n cada a\u00f1o!<\/p>\n\n\n\n<p><strong>\u00a1PERSONA DE PUNTO DE REGRESO A LA ESCUELA!<\/strong> (KRISTEN JOYCE, REBECCA HACHMYER, LINDSAY DOYLE)<\/p>\n\n\n\n<p>Esta persona organiza un regalo especial S\u00d3LO PARA NI\u00d1OS en nuestro evento Meet the Teacher, as\u00ed como una cena con servicio de catering y bebidas en la Noche de Regreso a Clases. \u00a1Tambi\u00e9n coordinar\u00e1n con la junta de la PTA y con el equipo de ropa espiritual para asegurarse de que tengamos una fuerte presencia en ambos eventos!<\/p>\n\n\n\n<p><strong>\u00a1ROCKSTARS DE RECAUDACI\u00d3N DE FONDOS SOCIAL DE MUSTANG!<\/strong> (ABIERTO)<\/p>\n\n\n\n<p>\u00bf\u00a1\u00bfTe ENCANTA absolutamente planear una fiesta?!? Este grupo de personas creativas y altamente motivadas trabajar\u00e1n juntas para organizar nuestra m\u00e1gica subasta de recaudaci\u00f3n de fondos de primavera, \u00a1el evento social tan esperado de todo el a\u00f1o escolar! \u00a1El evento normalmente tiene lugar en abril! Desde el lugar hasta la comida, la m\u00fasica y la decoraci\u00f3n: \u00a1este es un buen momento para dejar brillar tu creatividad! \u00a1Su PTA tiene un plan s\u00f3lido listo y esperando para hacer de este un evento perfecto e inolvidable! <\/p>\n\n\n\n<p><strong>\u00a1MANTENER A NUESTROS NI\u00d1OS SEGUROS COMO EL ENLACE DE LAS RUTAS SEGURAS A LA ESCUELA!<\/strong> (ABIERTO)<\/p>\n\n\n\n<p>\u00a1Conecte a nuestra comunidad escolar con esta incre\u00edble e importante iniciativa para todo el condado! \u00a1Esta persona conecta nuestra escuela con https:\/\/sonomasaferoutes.org\/ oportunidades y eventos! \u00a1Mantenga nuestra escuela actualizada sobre estas importantes iniciativas de seguridad! \u00a1Coordine un equipo para celebrar a los estudiantes que caminan y viajan a la escuela en los d\u00edas designados cada mes y amplifique nuestro d\u00eda de caminata a la escuela en Ruby Bridges el 14 de noviembre de cada a\u00f1o! <\/p>\n\n\n\n<p><strong>\u00a1EL ESP\u00cdRITU VESTE SUPERH\u00c9ROES!<\/strong> (ABIERTO)<\/p>\n\n\n\n<p>\u00a1Estas personas ayudar\u00e1n a garantizar que todo nuestro personal, estudiantes y familias siempre representen a nuestros McKinley &amp; PACS Mustangs con lo \u00faltimo en productos! \u00a1Camisas! \u00a1Sudaderas! \u00a1Sombreros! \u00a1Pegatinas! Vende ropa espiritual en eventos, administra el inventario y solicita nuevos pedidos seg\u00fan sea necesario, \u00a1y consigue un equipo de gente incre\u00edble que te ayude a hacerlo!<\/p>\n\n\n\n<p><strong>\u00a1MASTERMIND DE APRECIACI\u00d3N DEL PERSONAL!<\/strong> (SARAH WINDERS\/KYLIE MINTO)<\/p>\n\n\n\n<p>Esta persona organizar\u00e1 nuestros eventos mensuales de agradecimiento al personal solicitando donaciones de grupos de nivel de grado para brindar delicias comestibles especiales a nuestros queridos miembros del personal de McKinley y PACS. Esta persona tambi\u00e9n planificar\u00e1 y ejecutar\u00e1 la Semana de Agradecimiento al Personal en mayo: competir\u00e1 con d\u00edas tem\u00e1ticos, deliciosos desayunos\/almuerzos\/refrigerios y la comunidad en general retribuir\u00e1 a nuestros incre\u00edbles educadores. <\/p>\n\n\n\n<p><strong>\u00a1EQUIPO VERDE!<\/strong> (Kim Fowler)<\/p>\n\n\n\n<p>\u00a1Este individuo y su equipo de incre\u00edbles camaradas con conciencia ecol\u00f3gica identificar\u00e1n y ayudar\u00e1n a implementar formas en las que todos podamos practicar la sostenibilidad como Comunidad Mustang! Las ideas incluyen desarrollar programas de reciclaje y compostaje, apoyar al campus para que se aleje de los pl\u00e1sticos de un solo uso, ense\u00f1ar a los estudiantes el impacto de la microbasura en el medio ambiente y las v\u00edas fluviales, \u00a1y M\u00c1S! <\/p>\n\n\n\n<p><strong>\u00a1PRESIDENTE DEL COMIT\u00c9 TIDE (EQUIPO PARA LA INCLUSIVIDAD, DIVERSIDAD Y EQUIDAD)!<\/strong> (ABIERTO)<\/p>\n\n\n\n<p>Esta incre\u00edble persona coordinar\u00e1 los esfuerzos de toda la escuela para garantizar que todos los maravillosos y diversos estudiantes de McKinley &amp; PACS se sientan seguros e incluidos. \u00a1Esta persona debe servir como enlace con el trabajo de TIDE en toda la ciudad y con el incre\u00edble comit\u00e9 ELAC de nuestra escuela!<\/p>\n\n\n\n<p><strong>DIRECTORIO ESCOLAR\/GERENTE DE VOLUNTARIOS \u00a1EXTRAORDINARIO!<\/strong> (ABIERTO)<\/p>\n\n\n\n<p>Esta persona crucial env\u00eda la encuesta del directorio de toda la escuela a TODAS las familias de McKinley y PACS, tanto en papel como por correo electr\u00f3nico, para recopilar informaci\u00f3n de contacto importante, as\u00ed como el posible inter\u00e9s en ofrecerse como voluntario para eventos escolares; se conecta con los enlaces de la PTA en el sal\u00f3n de clases y con los padres de sal\u00f3n para ayudarlos a alentarlos. para continuar construyendo el directorio, complete los espacios en blanco y con\u00e9ctese con las familias. \u00a1La PTA tiene plantillas listas y disponibles para ayudarlo a que este trabajo invaluable sea un \u00e9xito!<\/p>\n\n\n\n<p><strong>\u00a1AYUDANTES DE REL\u00c9S DEL LADO OESTE!<\/strong> (ABIERTO)<\/p>\n\n\n\n<p>Estos voluntarios ayudan con los West Side Relays en la primavera. Un voluntario por grado: \u00a15to y 6to solamente! \u00a1Coge el pop-up y los refrigeradores Gatorade y ayuda a que este evento s\u00faper divertido sea un \u00e9xito!<\/p>\n\n\n\n<p><strong>\u00a1HACEDORES DE MARAVILLAS DEL INVIERNO!<\/strong> (REBECCA HACHMYER\/KRISTEN JOYCE)<\/p>\n\n\n\n<p>\u00a1Estos individuos m\u00e1gicos planifican y ejecutan nuestro preciado festival artesanal anual de invierno! Se proporciona sidra de manzana caliente de cortes\u00eda a todos los asistentes, as\u00ed como manualidades para que los ni\u00f1os los mantengan ocupados. \u00a1El evento destaca las ventas de creaciones artesanales hechas a mano, comida casera y productos horneados de miembros de nuestra comunidad escolar McKinley &amp; PACS! Un verdadero favorito: \u00a1este evento es una donaci\u00f3n especial que env\u00eda a las familias a unas vacaciones navide\u00f1as con una nota alta!<\/p>\n\n\n\n<p><strong>SOPORTE WEB<\/strong>!(KRISTEN JOYCE y ABIERTO)<\/p>\n\n\n\n<p><strong>EQUIPO CALLEJERO MCKINLEY Y PACS<\/strong>!<\/p>\n\n\n\n<p><strong>CLUB DE HISTORIA <\/strong>(Kylie Briggs)<\/p>\n\n\n\n<p><strong>\u00a1MAESTROS DEL JOG-A-THON!<\/strong><\/p>\n\n\n\n<p><strong>\u00a1GERENTE DE PERDIDOS Y ENCONTRADOS!<\/strong><\/p>\n\n\n\n<p><strong>\u00a1EQUIPO EXTRAORDINARIO!<\/strong><\/p>\n\n\n\n<p><strong>\u00a1COORDINADOR DE LA RECAUDACI\u00d3N DE FONDOS DE SILVER GRAPHICS ART!<\/strong><\/p>\n\n\n\n<p><strong>PADRE DE HABITACI\u00d3N<\/strong><\/p>\n\n\n\n<p><strong>ENLACES DE LA PTA<\/strong><\/p>\n\n\n\n<p><strong>\u00a1EQUIPO DE EXMOCI\u00d3N EN LAS REDES SOCIALES!<\/strong><\/p>\n\n\n\n<p><strong>\u00a1ENLACE ESPA\u00d1OL\/INGL\u00c9S!<\/strong><\/p>\n\n\n\n<p><strong>\u00a1EQUIPO DE APOYO DEL D\u00cdA DE LOS MUERTOS!<\/strong><\/p>\n\n\n\n<p><strong>\u00a1COMIT\u00c9 CINCO DE MAYO!<\/strong><\/p>\n\n\n\n<p><strong>\u00a1EMBELLECIMIENTO DEL CAMPUS!<\/strong><\/p>\n\n\n\n<p><strong>\u00a1RESONSABILIDAD CON LOS TEL\u00c9FONOS INTELIGENTES Y LAS REDES SOCIALES!<\/strong><\/p>\n\n\n\n<p><strong>\u00a1COORDINADOR DE NOCHES DE PICNIC FAMILIAR!<\/strong><\/p>\n\n\n\n<p><strong>\u00a1EQUIPO DE APOYO DEL SALSA FEST!<\/strong><\/p>\n\n\n\n<p><strong>\u00a1HADA DEL LIBRO!<\/strong> (Kylie Briggs)<\/p>\n\n\n\n<p><strong>\u00a1NOCHE DE CINE EN FAMILIA!<\/strong><\/p>\n\n\n\n<p><strong>\u00a1OBRA DE LA ESCUELA!<\/strong> (CATE BRUCE LOWE y ABIERTO)<\/p>\n\n\n\n<p><strong>\u00a1ROB\u00d3TICA\/ESPECT\u00c1CULO DE ARTE\/BANDA DE HONOR!<\/strong><\/p>\n\n\n\n<p><\/p>","protected":false},"excerpt":{"rendered":"<p>Want to learn more?\u00a0 Email mckptapres@gmail.com AFTER SCHOOL ENRICHMENT (AKA AFTER SCHOOL FUN) COORDINATOR! (JULIA BLUM) Works with teachers and outside vendors to plan After [&hellip;]<\/p>\n","protected":false},"author":1,"featured_media":1434,"parent":0,"menu_order":0,"comment_status":"closed","ping_status":"closed","template":"","meta":{"footnotes":""},"class_list":["post-1556","page","type-page","status-publish","has-post-thumbnail","hentry"],"aioseo_notices":[],"_links":{"self":[{"href":"https:\/\/ptamckinley.org\/es\/wp-json\/wp\/v2\/pages\/1556","targetHints":{"allow":["GET"]}}],"collection":[{"href":"https:\/\/ptamckinley.org\/es\/wp-json\/wp\/v2\/pages"}],"about":[{"href":"https:\/\/ptamckinley.org\/es\/wp-json\/wp\/v2\/types\/page"}],"author":[{"embeddable":true,"href":"https:\/\/ptamckinley.org\/es\/wp-json\/wp\/v2\/users\/1"}],"replies":[{"embeddable":true,"href":"https:\/\/ptamckinley.org\/es\/wp-json\/wp\/v2\/comments?post=1556"}],"version-history":[{"count":9,"href":"https:\/\/ptamckinley.org\/es\/wp-json\/wp\/v2\/pages\/1556\/revisions"}],"predecessor-version":[{"id":3801,"href":"https:\/\/ptamckinley.org\/es\/wp-json\/wp\/v2\/pages\/1556\/revisions\/3801"}],"wp:featuredmedia":[{"embeddable":true,"href":"https:\/\/ptamckinley.org\/es\/wp-json\/wp\/v2\/media\/1434"}],"wp:attachment":[{"href":"https:\/\/ptamckinley.org\/es\/wp-json\/wp\/v2\/media?parent=1556"}],"curies":[{"name":"gracias","href":"https:\/\/api.w.org\/{rel}","templated":true}]}}