{"id":1564,"date":"2021-03-13T15:22:04","date_gmt":"2021-03-13T23:22:04","guid":{"rendered":"https:\/\/ptamckinley.org\/?page_id=1564"},"modified":"2025-08-12T21:50:14","modified_gmt":"2025-08-13T04:50:14","slug":"mustang-social-spring-fundraiser","status":"publish","type":"page","link":"https:\/\/ptamckinley.org\/es\/mustang-social-spring-fundraiser\/","title":{"rendered":"McKinley y PACS Recaudaci\u00f3n de fondos del Cinco de Mayo"},"content":{"rendered":"<h2 class=\"wp-block-heading\">\u00a1GRACIAS POR ASISTIR en 2025! \u00a1Recaudamos m\u00e1s de $20K gracias a sus generosas donaciones! \u00a1Est\u00e9n atentos para obtener m\u00e1s informaci\u00f3n sobre la primavera de 2026!<\/h2>\n\n\n\n<hr class=\"wp-block-separator has-alpha-channel-opacity\"\/>\n\n\n\n<h3 class=\"wp-block-heading\">\u00bfQu\u00e9 es la recaudaci\u00f3n de fondos del Cinco de Mayo?<\/h3>\n\n\n\n<p>\u00a1La recaudaci\u00f3n de fondos del Cinco de Mayo es la recaudaci\u00f3n de fondos de primavera para toda la familia de la Escuela McKinley!<\/p>\n\n\n\n<p>\u00a1El evento en vivo ser\u00e1 una oportunidad acogedora y festiva para que las familias se re\u00fanan, se diviertan y apoyen a nuestra escuela!<\/p>\n\n\n\n<p>\u00a1Todas las ganancias de la recaudaci\u00f3n de fondos se destinar\u00e1n directamente a la Escuela McKinley!<\/p>\n\n\n\n<p><\/p>","protected":false},"excerpt":{"rendered":"<p>THANK YOU FOR ATTENDING in 2025! We raised $20K+ from your generous donations! Stay tuned for Spring 2026 info! What is the Cinco de Mayo [&hellip;]<\/p>\n","protected":false},"author":1,"featured_media":1434,"parent":0,"menu_order":0,"comment_status":"closed","ping_status":"closed","template":"","meta":{"footnotes":""},"class_list":["post-1564","page","type-page","status-publish","has-post-thumbnail","hentry"],"aioseo_notices":[],"_links":{"self":[{"href":"https:\/\/ptamckinley.org\/es\/wp-json\/wp\/v2\/pages\/1564","targetHints":{"allow":["GET"]}}],"collection":[{"href":"https:\/\/ptamckinley.org\/es\/wp-json\/wp\/v2\/pages"}],"about":[{"href":"https:\/\/ptamckinley.org\/es\/wp-json\/wp\/v2\/types\/page"}],"author":[{"embeddable":true,"href":"https:\/\/ptamckinley.org\/es\/wp-json\/wp\/v2\/users\/1"}],"replies":[{"embeddable":true,"href":"https:\/\/ptamckinley.org\/es\/wp-json\/wp\/v2\/comments?post=1564"}],"version-history":[{"count":9,"href":"https:\/\/ptamckinley.org\/es\/wp-json\/wp\/v2\/pages\/1564\/revisions"}],"predecessor-version":[{"id":3810,"href":"https:\/\/ptamckinley.org\/es\/wp-json\/wp\/v2\/pages\/1564\/revisions\/3810"}],"wp:featuredmedia":[{"embeddable":true,"href":"https:\/\/ptamckinley.org\/es\/wp-json\/wp\/v2\/media\/1434"}],"wp:attachment":[{"href":"https:\/\/ptamckinley.org\/es\/wp-json\/wp\/v2\/media?parent=1564"}],"curies":[{"name":"gracias","href":"https:\/\/api.w.org\/{rel}","templated":true}]}}