{"id":1707,"date":"2021-08-12T22:51:45","date_gmt":"2021-08-13T05:51:45","guid":{"rendered":"https:\/\/ptamckinley.org\/?page_id=1707"},"modified":"2022-08-31T14:50:37","modified_gmt":"2022-08-31T21:50:37","slug":"intercultural-cafe","status":"publish","type":"page","link":"https:\/\/ptamckinley.org\/es\/intercultural-cafe\/","title":{"rendered":"Caf\u00e9 intercultural"},"content":{"rendered":"<h2 class=\"wp-block-heading\">El equipo de participaci\u00f3n familiar de la PTA presenta Intercultural Caf\u00e9<\/h2>\n\n\n\n<p>Al Equipo de Participaci\u00f3n Familiar de la PTA de McKinley le encantar\u00eda que se una a nosotros mensualmente, para un Caf\u00e9 Intercultural todos los viernes despu\u00e9s de una reuni\u00f3n de la PTA. Nos reuniremos frente a la entrada principal de la escuela (debajo del saliente) despu\u00e9s de dejar a los estudiantes alrededor de las 8:30 am. \u00danase como pueda, no es necesario confirmar su asistencia o planificar con anticipaci\u00f3n. Los miembros de la familia, incluidos los hermanos y los beb\u00e9s, siempre son bienvenidos. <\/p>\n\n\n\n<p>Disfrute de una taza de caf\u00e9 gratis, conozca nuevas familias, discuta la reuni\u00f3n de la PTA de la semana anterior y aprenda c\u00f3mo participar. Las notas de la reuni\u00f3n de la PTA estar\u00e1n disponibles en ingl\u00e9s y espa\u00f1ol.&nbsp;<\/p>\n\n\n\n<p>En a\u00f1os anteriores, obtuvimos una gran informaci\u00f3n sobre lo que las familias quieren o les gustar\u00eda que suceda en McKinley y la PTA pudo realizar cambios significativos basados en estas ideas.<\/p>\n\n\n\n<p>\u00a1Esperamos verte ah\u00ed!<\/p>\n\n\n\n<p>Alicia Callejas, Lori Engelhardt y Elizabeth Harris<\/p>","protected":false},"excerpt":{"rendered":"<p>The PTA\u2019s Family Engagement Team Presents Intercultural Caf\u00e9 McKinley PTA\u2019s Family Engagement Team would love for you to join us monthly, for an Intercultural Caf\u00e9 [&hellip;]<\/p>\n","protected":false},"author":1,"featured_media":1434,"parent":0,"menu_order":0,"comment_status":"closed","ping_status":"closed","template":"","meta":{"footnotes":""},"class_list":["post-1707","page","type-page","status-publish","has-post-thumbnail","hentry"],"aioseo_notices":[],"_links":{"self":[{"href":"https:\/\/ptamckinley.org\/es\/wp-json\/wp\/v2\/pages\/1707","targetHints":{"allow":["GET"]}}],"collection":[{"href":"https:\/\/ptamckinley.org\/es\/wp-json\/wp\/v2\/pages"}],"about":[{"href":"https:\/\/ptamckinley.org\/es\/wp-json\/wp\/v2\/types\/page"}],"author":[{"embeddable":true,"href":"https:\/\/ptamckinley.org\/es\/wp-json\/wp\/v2\/users\/1"}],"replies":[{"embeddable":true,"href":"https:\/\/ptamckinley.org\/es\/wp-json\/wp\/v2\/comments?post=1707"}],"version-history":[{"count":2,"href":"https:\/\/ptamckinley.org\/es\/wp-json\/wp\/v2\/pages\/1707\/revisions"}],"predecessor-version":[{"id":2932,"href":"https:\/\/ptamckinley.org\/es\/wp-json\/wp\/v2\/pages\/1707\/revisions\/2932"}],"wp:featuredmedia":[{"embeddable":true,"href":"https:\/\/ptamckinley.org\/es\/wp-json\/wp\/v2\/media\/1434"}],"wp:attachment":[{"href":"https:\/\/ptamckinley.org\/es\/wp-json\/wp\/v2\/media?parent=1707"}],"curies":[{"name":"gracias","href":"https:\/\/api.w.org\/{rel}","templated":true}]}}