{"id":1769,"date":"2021-08-29T11:29:49","date_gmt":"2021-08-29T18:29:49","guid":{"rendered":"https:\/\/ptamckinley.org\/?page_id=1769"},"modified":"2023-08-18T21:01:34","modified_gmt":"2023-08-19T04:01:34","slug":"btsn","status":"publish","type":"page","link":"https:\/\/ptamckinley.org\/es\/btsn\/","title":{"rendered":"\u00a1Bienvenido de nuevo al colegio!"},"content":{"rendered":"<div class=\"wp-block-getwid-image-box has-image-left has-text-center has-mobile-layout-default has-mobile-alignment-default\"><div class=\"wp-block-getwid-image-box__image-container is-position-top\"><div class=\"wp-block-getwid-image-box__image-wrapper\"><img loading=\"lazy\" decoding=\"async\" width=\"913\" height=\"576\" src=\"https:\/\/ptamckinley.org\/wp-content\/uploads\/2021\/03\/Screen-Shot-2021-03-14-at-11.03.56-AM-e1615747814510.png\" alt=\"\" class=\"wp-block-getwid-image-box__image wp-image-1574\" srcset=\"https:\/\/ptamckinley.org\/wp-content\/uploads\/2021\/03\/Screen-Shot-2021-03-14-at-11.03.56-AM-e1615747814510.png 913w, https:\/\/ptamckinley.org\/wp-content\/uploads\/2021\/03\/Screen-Shot-2021-03-14-at-11.03.56-AM-e1615747814510-300x189.png 300w, https:\/\/ptamckinley.org\/wp-content\/uploads\/2021\/03\/Screen-Shot-2021-03-14-at-11.03.56-AM-e1615747814510-768x485.png 768w, https:\/\/ptamckinley.org\/wp-content\/uploads\/2021\/03\/Screen-Shot-2021-03-14-at-11.03.56-AM-e1615747814510-16x10.png 16w\" sizes=\"auto, (max-width: 913px) 100vw, 913px\" \/><\/div><\/div><div class=\"wp-block-getwid-image-box__content\">\n<h3 class=\"wp-block-heading has-text-align-left\">\u00a1Ay\u00fadanos a crear un directorio escolar!<\/h3>\n\n\n\n<p class=\"has-text-align-left\">\u00bfAlguna vez ha querido conectarse con otras familias para fiestas de cumplea\u00f1os, viajes compartidos, citas para jugar, preguntas sobre actividades, etc.? \u00a1Nosotros tambi\u00e9n! estamos armando un <strong>directorio privado<\/strong> para ayudar a todas nuestras familias a hacer precisamente eso.<\/p>\n\n\n\n<p class=\"has-text-align-left\">Este directorio tambi\u00e9n permitir\u00e1 que su enlace de clase env\u00ede mensajes de correo electr\u00f3nico de vez en cuando a toda su clase sobre anuncios importantes. <strong>Tendr\u00e1 la opci\u00f3n de compartir su informaci\u00f3n de contacto \u00fanicamente con su enlace de clase y no en el directorio completo.<\/strong><\/p>\n\n\n\n<p class=\"has-text-align-left\">Por favor, rellene el siguiente formulario. Solo deber\u00e1 completarlo una vez para todos sus estudiantes inscritos en McKinley \/ PACS.<\/p>\n\n\n\n<div class=\"wp-block-buttons is-layout-flex wp-block-buttons-is-layout-flex\">\n<div class=\"wp-block-button\"><a class=\"wp-block-button__link wp-element-button\" href=\"https:\/\/ptamckinley.org\/es\/add-your-information-to-your-classrooms-email-list\/\">FORMULARIO DE DIRECTORIO ESCOLAR<\/a><\/div>\n<\/div>\n<\/div><\/div>\n\n\n\n<hr class=\"wp-block-separator has-alpha-channel-opacity\"\/>\n\n\n\n<div class=\"wp-block-media-text alignwide is-stacked-on-mobile is-vertically-aligned-top\"><figure class=\"wp-block-media-text__media\"><img loading=\"lazy\" decoding=\"async\" width=\"1024\" height=\"538\" src=\"https:\/\/ptamckinley.org\/wp-content\/uploads\/2020\/10\/mckinley-mustang-og-1024x538.png\" alt=\"\" class=\"wp-image-1434 size-full\" srcset=\"https:\/\/ptamckinley.org\/wp-content\/uploads\/2020\/10\/mckinley-mustang-og-1024x538.png 1024w, https:\/\/ptamckinley.org\/wp-content\/uploads\/2020\/10\/mckinley-mustang-og-300x158.png 300w, https:\/\/ptamckinley.org\/wp-content\/uploads\/2020\/10\/mckinley-mustang-og-768x403.png 768w, https:\/\/ptamckinley.org\/wp-content\/uploads\/2020\/10\/mckinley-mustang-og-16x8.png 16w, https:\/\/ptamckinley.org\/wp-content\/uploads\/2020\/10\/mckinley-mustang-og-938x492.png 938w, https:\/\/ptamckinley.org\/wp-content\/uploads\/2020\/10\/mckinley-mustang-og-1130x593.png 1130w, https:\/\/ptamckinley.org\/wp-content\/uploads\/2020\/10\/mckinley-mustang-og.png 1200w\" sizes=\"auto, (max-width: 1024px) 100vw, 1024px\" \/><\/figure><div class=\"wp-block-media-text__content\">\n<h2 class=\"wp-block-heading\">\u00a1\u00danase a la PTA hoy!<\/h2>\n\n\n\n<p>La membres\u00eda se ofrece a un costo de $10 por persona. \u00a1Nadie fue rechazado por falta de fondos! Las membres\u00edas patrocinadas (\u00a1gratis!) est\u00e1n disponibles en l\u00ednea y tambi\u00e9n en papel.<\/p>\n\n\n\n<p><strong>\u00bfTengo que ser voluntario o asistir a reuniones?<\/strong> \u00a1No! Cualquier cosa que le gustar\u00eda dar es apreciada pero no requerida, ya sea tiempo, dinero o simplemente mostrando su apoyo siendo miembro apoyar\u00e1 su potencial y el de todos los dem\u00e1s ni\u00f1os. <br><br><a href=\"https:\/\/ptamckinley.org\/es\/become-a-member\/\" target=\"_blank\" rel=\"noreferrer noopener\">M\u00e1s informaci\u00f3n sobre c\u00f3mo unirse<\/a> y ver un <a href=\"https:\/\/ptamckinley.org\/es\/pta-accomplishments\/\" title=\"Logros de la PTA\">lista de c\u00f3mo usamos los fondos que recaudamos durante el a\u00f1o<\/a>.<\/p>\n\n\n\n<div class=\"wp-block-buttons is-layout-flex wp-block-buttons-is-layout-flex\">\n<div class=\"wp-block-button\"><a class=\"wp-block-button__link wp-element-button\" href=\"https:\/\/ptamckinley.org\/es\/membership\/\" target=\"_blank\" rel=\"noreferrer noopener\">\u00a1\u00daNETE AL PTA AHORA!<\/a><\/div>\n<\/div>\n<\/div><\/div>\n\n\n\n<hr class=\"wp-block-separator has-css-opacity\"\/>\n\n\n\n<div class=\"wp-block-media-text alignwide is-stacked-on-mobile is-vertically-aligned-top\"><figure class=\"wp-block-media-text__media\"><img loading=\"lazy\" decoding=\"async\" width=\"981\" height=\"981\" src=\"https:\/\/ptamckinley.org\/wp-content\/uploads\/2020\/08\/jogathon.png\" alt=\"\" class=\"wp-image-1281 size-full\" srcset=\"https:\/\/ptamckinley.org\/wp-content\/uploads\/2020\/08\/jogathon.png 981w, https:\/\/ptamckinley.org\/wp-content\/uploads\/2020\/08\/jogathon-300x300.png 300w, https:\/\/ptamckinley.org\/wp-content\/uploads\/2020\/08\/jogathon-150x150.png 150w, https:\/\/ptamckinley.org\/wp-content\/uploads\/2020\/08\/jogathon-768x768.png 768w, https:\/\/ptamckinley.org\/wp-content\/uploads\/2020\/08\/jogathon-938x938.png 938w\" sizes=\"auto, (max-width: 981px) 100vw, 981px\" \/><\/figure><div class=\"wp-block-media-text__content\">\n<h3 class=\"wp-block-heading has-text-align-left\">\u00a1Estamos buscando voluntarios!<\/h3>\n\n\n\n<p>La PTA ha planeado muchas iniciativas a lo largo del a\u00f1o escolar y no podemos hacer nuestro trabajo sin nuestros maravillosos voluntarios. <\/p>\n\n\n\n<p>Si tiene alguna pregunta o desea ser voluntario, env\u00ede un correo electr\u00f3nico a nuestra presidenta de la PTA, Rebecca Hachmyer, a\u00a0<a href=\"mailto:mckptapres@gmail.com\" target=\"_blank\" rel=\"noreferrer noopener\">mckptapres@gmail.com<\/a><\/p>\n<\/div><\/div>\n\n\n\n<hr class=\"wp-block-separator has-css-opacity\"\/>\n\n\n\n<div class=\"wp-block-media-text alignwide is-stacked-on-mobile is-vertically-aligned-top\"><figure class=\"wp-block-media-text__media\"><img loading=\"lazy\" decoding=\"async\" width=\"800\" height=\"597\" src=\"https:\/\/ptamckinley.org\/wp-content\/uploads\/2021\/08\/join-the-pta.jpg\" alt=\"\" class=\"wp-image-1724 size-full\" srcset=\"https:\/\/ptamckinley.org\/wp-content\/uploads\/2021\/08\/join-the-pta.jpg 800w, https:\/\/ptamckinley.org\/wp-content\/uploads\/2021\/08\/join-the-pta-300x224.jpg 300w, https:\/\/ptamckinley.org\/wp-content\/uploads\/2021\/08\/join-the-pta-768x573.jpg 768w, https:\/\/ptamckinley.org\/wp-content\/uploads\/2021\/08\/join-the-pta-16x12.jpg 16w\" sizes=\"auto, (max-width: 800px) 100vw, 800px\" \/><\/figure><div class=\"wp-block-media-text__content\">\n<h3 class=\"wp-block-heading has-text-align-left\">Formas de apoyar a la PTA de McKinley<\/h3>\n\n\n\n<p><a href=\"https:\/\/ptamckinley.org\/es\/donate\/\" title=\"Done a la PTA de McKinley\">Haz una donaci\u00f3n<\/a> a la PTA de McKinley para brindar apoyo para ayudarnos a satisfacer las necesidades de la escuela que est\u00e1n fuera del alcance de su presupuesto. Todas las donaciones, grandes y peque\u00f1as, tienen un gran impacto en la educaci\u00f3n de nuestros estudiantes. Puede optar por donar a la <a href=\"https:\/\/www.paypal.com\/donate\/?hosted_button_id=QXSH5PDW3BBCQ#\" title=\"\">JOG-A-THON<\/a>, el fondo general, el <a href=\"https:\/\/ptamckinley.org\/es\/staff-appreciation-fund\/\">fondo de apreciaci\u00f3n del personal<\/a>,<a href=\"https:\/\/ptamckinley.org\/es\/friends-of-the-performing-arts\/\"> mecenas de las artes esc\u00e9nicas<\/a>, o <a href=\"https:\/\/ptamckinley.org\/es\/friends-of-the-garden-fund\/\">amigos del fondo del jard\u00edn<\/a>.<\/p>\n\n\n\n<p>T\u00fa tambi\u00e9n puedes:<\/p>\n\n\n\n<ul class=\"wp-block-list\">\n<li>Apoye algunas grandes empresas locales y gane donaciones para McKinley sin costo adicional para usted a trav\u00e9s de nuestro <a href=\"https:\/\/ptamckinley.org\/es\/donate\/dine-sweat-and-donate\/\">Eventos para cenar y donar<\/a><\/li>\n\n\n\n<li>Sube a la l\u00ednea de recogida con estilo actualizando tu guardarropa con algunos <a href=\"https:\/\/mckinleypta.creator-spring.com\/?\">Desgaste McKinley.<\/a><\/li>\n\n\n\n<li>Utilizar el <a href=\"https:\/\/ptamckinley.org\/es\/boxtops\/\" title=\"Recorte de BoxTops de forma f\u00e1cil con la aplicaci\u00f3n BoxTops\">BoxTops<\/a> aplicaci\u00f3n cuando realiza compras. Vea los detalles completos a continuaci\u00f3n.<\/li>\n<\/ul>\n\n\n\n<div class=\"wp-block-buttons is-layout-flex wp-block-buttons-is-layout-flex\">\n<div class=\"wp-block-button\"><a class=\"wp-block-button__link wp-element-button\" href=\"https:\/\/ptamckinley.org\/es\/donate\/\">done ahora<\/a><\/div>\n<\/div>\n<\/div><\/div>\n\n\n\n<hr class=\"wp-block-separator has-css-opacity\"\/>\n\n\n\n<div class=\"wp-block-media-text alignwide is-stacked-on-mobile is-vertically-aligned-top\"><figure class=\"wp-block-media-text__media\"><img loading=\"lazy\" decoding=\"async\" width=\"416\" height=\"431\" src=\"https:\/\/ptamckinley.org\/wp-content\/uploads\/2023\/08\/BOX-TOPS-IMAGE.jpg\" alt=\"\" class=\"wp-image-3432 size-full\" srcset=\"https:\/\/ptamckinley.org\/wp-content\/uploads\/2023\/08\/BOX-TOPS-IMAGE.jpg 416w, https:\/\/ptamckinley.org\/wp-content\/uploads\/2023\/08\/BOX-TOPS-IMAGE-290x300.jpg 290w, https:\/\/ptamckinley.org\/wp-content\/uploads\/2023\/08\/BOX-TOPS-IMAGE-12x12.jpg 12w\" sizes=\"auto, (max-width: 416px) 100vw, 416px\" \/><\/figure><div class=\"wp-block-media-text__content\">\n<h3 class=\"wp-block-heading\">Apoye a la PTA de McKinley al realizar sus compras regulares sin costo adicional para usted<\/h3>\n\n\n\n<p>1. <strong>Compre en Petaluma Market o en Oliver&#039;s Markets:<\/strong> estos tenderos donar\u00e1n 2.5% del monto de su compra a la PTA de McKinley si tiene la tarjeta comunitaria de la tienda.\u00a0<a href=\"https:\/\/ptamckinley.org\/es\/escrip-mckinley\/\">Aprender como empezar<\/a><br><br><\/p>\n\n\n\n<p><strong>2. Escanee sus recibos de compras con la aplicaci\u00f3n BoxTops: <\/strong>\u00bfSab\u00edas que ahora puedes recopilar BoxTops f\u00e1cilmente en tu tel\u00e9fono? Simplemente escanee sus recibos con art\u00edculos elegibles usando la aplicaci\u00f3n BoxTops y listo. \u00a1No m\u00e1s recortes!<br><a href=\"https:\/\/ptamckinley.org\/es\/boxtops\/\" target=\"_blank\" rel=\"noreferrer noopener\"><br>Siga las instrucciones completas aqu\u00ed<\/a> \u00a1Para empezar!<\/p>\n<\/div><\/div>\n\n\n\n<hr class=\"wp-block-separator has-css-opacity\"\/>\n\n\n\n<div class=\"wp-block-media-text alignwide is-stacked-on-mobile is-vertically-aligned-top\"><figure class=\"wp-block-media-text__media\"><img loading=\"lazy\" decoding=\"async\" width=\"1024\" height=\"663\" src=\"https:\/\/ptamckinley.org\/wp-content\/uploads\/2021\/08\/Screen-Shot-2021-08-12-at-10.20.03-PM-e1628832086210-1024x663.png\" alt=\"\" class=\"wp-image-1704 size-full\" srcset=\"https:\/\/ptamckinley.org\/wp-content\/uploads\/2021\/08\/Screen-Shot-2021-08-12-at-10.20.03-PM-e1628832086210-1024x663.png 1024w, https:\/\/ptamckinley.org\/wp-content\/uploads\/2021\/08\/Screen-Shot-2021-08-12-at-10.20.03-PM-e1628832086210-300x194.png 300w, https:\/\/ptamckinley.org\/wp-content\/uploads\/2021\/08\/Screen-Shot-2021-08-12-at-10.20.03-PM-e1628832086210-768x497.png 768w, https:\/\/ptamckinley.org\/wp-content\/uploads\/2021\/08\/Screen-Shot-2021-08-12-at-10.20.03-PM-e1628832086210-18x12.png 18w, https:\/\/ptamckinley.org\/wp-content\/uploads\/2021\/08\/Screen-Shot-2021-08-12-at-10.20.03-PM-e1628832086210-938x607.png 938w, https:\/\/ptamckinley.org\/wp-content\/uploads\/2021\/08\/Screen-Shot-2021-08-12-at-10.20.03-PM-e1628832086210-1130x732.png 1130w, https:\/\/ptamckinley.org\/wp-content\/uploads\/2021\/08\/Screen-Shot-2021-08-12-at-10.20.03-PM-e1628832086210.png 1200w\" sizes=\"auto, (max-width: 1024px) 100vw, 1024px\" \/><\/figure><div class=\"wp-block-media-text__content\">\n<h3 class=\"wp-block-heading\">Mant\u00e9ngase conectado con la PTA y sus familias compa\u00f1eras de Mustang<\/h3>\n\n\n\n<ul class=\"wp-block-list\">\n<li>Recuerda unirte al <a href=\"https:\/\/ptamckinley.org\/es\/add-mckinley-pta-to-parentsquare\/\">Grupo de la PTA de ParentSquare<\/a> para recibir recordatorios sobre todas nuestras iniciativas. Simplemente sigue<a href=\"https:\/\/ptamckinley.org\/es\/add-mckinley-pta-to-parentsquare\/\" target=\"_blank\" rel=\"noreferrer noopener\"> estas instrucciones<\/a>.<\/li>\n\n\n\n<li>Siga el <a href=\"https:\/\/www.facebook.com\/McKinleyPetalumaPTA\/\" target=\"_blank\" rel=\"noreferrer noopener\">McKinley PTA en Facebook<\/a><\/li>\n\n\n\n<li>Tambi\u00e9n tenemos <a href=\"https:\/\/ptamckinley.org\/es\/mckinley-facebook-groups\/\" target=\"_blank\" rel=\"noreferrer noopener\">Grupos de Facebook para cada grado<\/a> donde puede conectarse con otras familias.<\/li>\n<\/ul>\n\n\n\n<p><\/p>\n<\/div><\/div>\n\n\n\n<hr class=\"wp-block-separator has-css-opacity\"\/>","protected":false},"excerpt":{"rendered":"<p>We are looking for volunteers! The PTA has planned many initiatives throughout the school year, and we can&#8217;t do our work without our wonderful volunteers. [&hellip;]<\/p>\n","protected":false},"author":1,"featured_media":1434,"parent":0,"menu_order":0,"comment_status":"closed","ping_status":"closed","template":"","meta":{"footnotes":""},"class_list":["post-1769","page","type-page","status-publish","has-post-thumbnail","hentry"],"aioseo_notices":[],"_links":{"self":[{"href":"https:\/\/ptamckinley.org\/es\/wp-json\/wp\/v2\/pages\/1769","targetHints":{"allow":["GET"]}}],"collection":[{"href":"https:\/\/ptamckinley.org\/es\/wp-json\/wp\/v2\/pages"}],"about":[{"href":"https:\/\/ptamckinley.org\/es\/wp-json\/wp\/v2\/types\/page"}],"author":[{"embeddable":true,"href":"https:\/\/ptamckinley.org\/es\/wp-json\/wp\/v2\/users\/1"}],"replies":[{"embeddable":true,"href":"https:\/\/ptamckinley.org\/es\/wp-json\/wp\/v2\/comments?post=1769"}],"version-history":[{"count":9,"href":"https:\/\/ptamckinley.org\/es\/wp-json\/wp\/v2\/pages\/1769\/revisions"}],"predecessor-version":[{"id":3433,"href":"https:\/\/ptamckinley.org\/es\/wp-json\/wp\/v2\/pages\/1769\/revisions\/3433"}],"wp:featuredmedia":[{"embeddable":true,"href":"https:\/\/ptamckinley.org\/es\/wp-json\/wp\/v2\/media\/1434"}],"wp:attachment":[{"href":"https:\/\/ptamckinley.org\/es\/wp-json\/wp\/v2\/media?parent=1769"}],"curies":[{"name":"gracias","href":"https:\/\/api.w.org\/{rel}","templated":true}]}}