{"id":18,"date":"2020-06-21T00:16:30","date_gmt":"2020-06-21T00:16:30","guid":{"rendered":"https:\/\/ptamckinley.org\/?page_id=18"},"modified":"2025-09-14T20:42:56","modified_gmt":"2025-09-15T03:42:56","slug":"homepage","status":"publish","type":"page","link":"https:\/\/ptamckinley.org\/es\/","title":{"rendered":""},"content":{"rendered":"<h2 class=\"wp-block-heading has-text-align-center\">\u00a1Bienvenido a la PTA de McKinley y PACS!<\/h2>\n\n\n\n<p class=\"has-text-align-center\">EL CALENDARIO ESCOLAR DE EVENTOS SE ENCUENTRA <a href=\"https:\/\/docs.google.com\/document\/d\/1ehI2mJFCiS1MCS_4KNsC68ff15C8yDJN3nXBOZTCcBI\/edit?usp=sharing\" title=\"\">AQU\u00cd<\/a>!<\/p>\n\n\n\n<figure class=\"wp-block-image size-large\"><img loading=\"lazy\" decoding=\"async\" width=\"1024\" height=\"536\" src=\"https:\/\/ptamckinley.org\/wp-content\/uploads\/2024\/08\/1-1024x536.png\" alt=\"\" class=\"wp-image-3694\" srcset=\"https:\/\/ptamckinley.org\/wp-content\/uploads\/2024\/08\/1-1024x536.png 1024w, https:\/\/ptamckinley.org\/wp-content\/uploads\/2024\/08\/1-300x157.png 300w, https:\/\/ptamckinley.org\/wp-content\/uploads\/2024\/08\/1-768x402.png 768w, https:\/\/ptamckinley.org\/wp-content\/uploads\/2024\/08\/1-18x9.png 18w, https:\/\/ptamckinley.org\/wp-content\/uploads\/2024\/08\/1-938x491.png 938w, https:\/\/ptamckinley.org\/wp-content\/uploads\/2024\/08\/1-1130x591.png 1130w, https:\/\/ptamckinley.org\/wp-content\/uploads\/2024\/08\/1.png 1200w\" sizes=\"auto, (max-width: 1024px) 100vw, 1024px\" \/><\/figure>\n\n\n\n<figure class=\"wp-block-image size-large\"><img loading=\"lazy\" decoding=\"async\" width=\"1024\" height=\"536\" src=\"https:\/\/ptamckinley.org\/wp-content\/uploads\/2024\/08\/2-1024x536.png\" alt=\"\" class=\"wp-image-3695\" srcset=\"https:\/\/ptamckinley.org\/wp-content\/uploads\/2024\/08\/2-1024x536.png 1024w, https:\/\/ptamckinley.org\/wp-content\/uploads\/2024\/08\/2-300x157.png 300w, https:\/\/ptamckinley.org\/wp-content\/uploads\/2024\/08\/2-768x402.png 768w, https:\/\/ptamckinley.org\/wp-content\/uploads\/2024\/08\/2-18x9.png 18w, https:\/\/ptamckinley.org\/wp-content\/uploads\/2024\/08\/2-938x491.png 938w, https:\/\/ptamckinley.org\/wp-content\/uploads\/2024\/08\/2-1130x591.png 1130w, https:\/\/ptamckinley.org\/wp-content\/uploads\/2024\/08\/2.png 1200w\" sizes=\"auto, (max-width: 1024px) 100vw, 1024px\" \/><\/figure>\n\n\n\n<div class=\"wp-block-getwid-section alignfull getwid-margin-top-large getwid-margin-bottom-large\"><div class=\"wp-block-getwid-section__wrapper getwid-padding-top-large getwid-padding-bottom-large\"><div class=\"wp-block-getwid-section__inner-wrapper\"><div class=\"wp-block-getwid-section__background-holder\"><div class=\"wp-block-getwid-section__background\" style=\"background-image:linear-gradient(0deg,rgb(242,245,245) 0%,rgb(255,255,255) 60%)\"><\/div><div class=\"wp-block-getwid-section__foreground\"><\/div><\/div><div class=\"wp-block-getwid-section__content\"><div class=\"wp-block-getwid-section__inner-content\">\n<h2 class=\"wp-block-heading has-text-align-center\">H\u00e1gase miembro de la PTA<\/h2>\n\n\n\n<p class=\"has-text-align-center\">El prop\u00f3sito de la PTA de McKinley &amp; PACS es recaudar los fondos y construir la comunidad necesaria para defender la misi\u00f3n de nuestra escuela:<\/p>\n\n\n\n<p class=\"has-text-align-center\">Los estudiantes de McKinley son estudiantes reflexivos, aut\u00f3nomos y solidarios que luchan por hacer del mundo un lugar mejor. Los estudiantes de McKinley toman riesgos y piensan de manera cr\u00edtica en un entorno de aprendizaje riguroso y centrado en el estudiante del siglo XXI. Los estudiantes de McKinley son ciudadanos globales que participan activamente en su aprendizaje y celebran su diversidad.&nbsp;&nbsp;<\/p>\n\n\n\n<p>La misi\u00f3n de PACS es involucrar a un grupo diverso de estudiantes de secundaria en una experiencia de aprendizaje din\u00e1mica, rigurosa y personalizada del siglo XXI mientras los prepara para convertirse en ciudadanos globales, solucionadores de problemas y l\u00edderes.&nbsp;<\/p>\n\n\n\n<p class=\"has-text-align-center\">La membres\u00eda de la PTA cuesta $10.00 por persona. Hay membres\u00edas patrocinadas disponibles.<\/p>\n\n\n\n<div class=\"wp-block-buttons is-horizontal is-content-justification-center is-layout-flex wp-container-core-buttons-is-layout-499968f5 wp-block-buttons-is-layout-flex\">\n<div class=\"wp-block-button is-style-outline is-style-outline--1\"><a class=\"wp-block-button__link wp-element-button\" href=\"https:\/\/ptamckinley.org\/es\/become-a-member\/\">\u00bfPor qu\u00e9 unirse a la PTA?<\/a><\/div>\n\n\n\n<div class=\"wp-block-button\"><a class=\"wp-block-button__link wp-element-button\" href=\"https:\/\/ptamckinley.org\/es\/membership\/\">Hacerse Miembro<\/a><\/div>\n<\/div>\n\n\n\n<div class=\"wp-block-getwid-section\"><div class=\"wp-block-getwid-section__wrapper\"><div class=\"wp-block-getwid-section__inner-wrapper\"><div class=\"wp-block-getwid-section__background-holder\"><div class=\"wp-block-getwid-section__background\"><\/div><div class=\"wp-block-getwid-section__foreground\"><\/div><\/div><div class=\"wp-block-getwid-section__content\"><div class=\"wp-block-getwid-section__inner-content\"><\/div><\/div><\/div><\/div><\/div>\n<\/div><\/div><\/div><\/div><\/div>\n\n\n\n<div class=\"wp-block-getwid-section alignfull getwid-margin-top-normal\"><div class=\"wp-block-getwid-section__wrapper getwid-padding-top-large\"><div class=\"wp-block-getwid-section__inner-wrapper\"><div class=\"wp-block-getwid-section__background-holder\"><div class=\"wp-block-getwid-section__background has-background\" style=\"background-color:#ffffff;background-image:linear-gradient(180deg,rgb(255,255,255) 0%,rgb(255,255,255) 100%)\"><\/div><div class=\"wp-block-getwid-section__foreground\"><\/div><\/div><div class=\"wp-block-getwid-section__content\"><div class=\"wp-block-getwid-section__inner-content\">\n<h2 class=\"wp-block-heading has-text-align-center\">Apoye a la PTA de McKinley y a nuestra comunidad<\/h2>\n\n\n\n<div class=\"wp-block-columns is-layout-flex wp-container-core-columns-is-layout-9d6595d7 wp-block-columns-is-layout-flex\">\n<div class=\"wp-block-column is-layout-flow wp-block-column-is-layout-flow\">\n<div class=\"wp-block-getwid-icon-box has-icon-left has-text-left\"><div class=\"wp-block-getwid-icon-box__icon-container is-position-top\"><a href=\"https:\/\/ptamckinley.org\/es\/donate\/\" class=\"wp-block-getwid-icon-box__icon-wrapper\"><i class=\"fas fa-hand-holding-heart\"><\/i><\/a><\/div><div class=\"wp-block-getwid-icon-box__content\">\n<h3 class=\"wp-block-heading\"><a href=\"https:\/\/ptamckinley.org\/es\/donate\/\" title=\"Done a la PTA de McKinley\">Donar<\/a><\/h3>\n\n\n\n<p>Hacer una <a href=\"https:\/\/ptamckinley.org\/es\/donate\/\" target=\"_blank\" rel=\"noopener\" title=\"\">donaci\u00f3n<\/a> directamente a la PTA de McKinley o elija uno de nuestros fondos dedicados<\/p>\n<\/div><\/div>\n\n\n\n<div class=\"wp-block-getwid-icon-box has-icon-left has-text-left\"><div class=\"wp-block-getwid-icon-box__icon-container is-position-top\"><a href=\"https:\/\/ptamckinley.org\/es\/get-involved\/\" class=\"wp-block-getwid-icon-box__icon-wrapper\"><i class=\"fas fa-bullhorn\"><\/i><\/a><\/div><div class=\"wp-block-getwid-icon-box__content\">\n<h3 class=\"wp-block-heading\"><a href=\"https:\/\/ptamckinley.org\/es\/get-involved\/\">Como Involucrarse<\/a><\/h3>\n\n\n\n<p>Hay m\u00faltiples formas de <a href=\"https:\/\/ptamckinley.org\/es\/get-involved\/\" title=\"\">voluntario<\/a>, grandes y peque\u00f1os, y marcan una gran diferencia en McKinley<\/p>\n<\/div><\/div>\n\n\n\n<div class=\"wp-block-getwid-icon-box has-icon-left has-text-left\"><div class=\"wp-block-getwid-icon-box__icon-container is-position-top\"><a href=\"https:\/\/ptamckinley.org\/es\/boxtops\/\" class=\"wp-block-getwid-icon-box__icon-wrapper\"><i class=\"fas fa-cut\"><\/i><\/a><\/div><div class=\"wp-block-getwid-icon-box__content\">\n<h3 class=\"wp-block-heading\"><a href=\"https:\/\/ptamckinley.org\/es\/boxtops\/\">BoxTops<\/a><\/h3>\n\n\n\n<p>Descargue la nueva aplicaci\u00f3n de BoxTops y  tome una foto de su recibo para acreditar a McKinley<\/p>\n<\/div><\/div>\n<\/div>\n\n\n\n<div class=\"wp-block-column is-layout-flow wp-block-column-is-layout-flow\">\n<div class=\"wp-block-getwid-icon-box has-icon-left has-text-left\"><div class=\"wp-block-getwid-icon-box__icon-container is-position-top\"><a href=\"https:\/\/teespring.com\/stores\/mckinleypta\" target=\"_blank\" rel=\"noreferrer noopener\" class=\"wp-block-getwid-icon-box__icon-wrapper\"><i class=\"fas fa-shopping-basket\"><\/i><\/a><\/div><div class=\"wp-block-getwid-icon-box__content\">\n<h3 class=\"wp-block-heading\"><a href=\"https:\/\/ptamckinley.org\/es\/spirit-wear\/\" title=\"Ropa de esp\u00edritu\">Comprar ropa de McKinley<\/a><\/h3>\n\n\n\n<p>\u00a1Encu\u00e9ntrenos en un evento escolar para comprar gorras, camisetas, sudaderas, calcoman\u00edas y m\u00e1s!<\/p>\n<\/div><\/div>\n\n\n\n<div class=\"wp-block-getwid-icon-box has-icon-left has-text-left\"><div class=\"wp-block-getwid-icon-box__icon-container is-position-top\"><a href=\"https:\/\/www.safeway.com\/shop\/lp\/giftcards.html\" target=\"_blank\" rel=\"noreferrer noopener\" class=\"wp-block-getwid-icon-box__icon-wrapper\"><i class=\"fas fa-hands-helping\"><\/i><\/a><\/div><div class=\"wp-block-getwid-icon-box__content\">\n<h3 class=\"wp-block-heading\"><a href=\"http:\/\/albertsons.thegiftcardshop.com\" target=\"_blank\" rel=\"noopener\" title=\"\">McKinley Cares<\/a><\/h3>\n\n\n\n<p>Donar <a href=\"https:\/\/albertsons.thegiftcardshop.com\/\" target=\"_blank\" rel=\"noopener\" title=\"\">Tarjetas de regalo electr\u00f3nicas de Safeway<\/a> Para distribuir a familias necesitadas. Env\u00ede las tarjetas por correo electr\u00f3nico a ldonahue@petk12.org<\/p>\n<\/div><\/div>\n\n\n\n<div class=\"wp-block-getwid-icon-box has-icon-left has-text-left\"><div class=\"wp-block-getwid-icon-box__icon-container is-position-top\"><a href=\"https:\/\/www.safeway.com\/shop\/lp\/giftcards.html\" target=\"_blank\" rel=\"noreferrer noopener\" class=\"wp-block-getwid-icon-box__icon-wrapper\"><i class=\"fas fa-shopping-cart\"><\/i><\/a><\/div><div class=\"wp-block-getwid-icon-box__content\">\n<h3 class=\"wp-block-heading\"><a href=\"https:\/\/ptamckinley.org\/es\/escrip-mckinley\/\" title=\"\">eScrip<\/a><\/h3>\n\n\n\n<p>Compre con la tarjeta comunitaria Petaluma Market o Oliver&#039;s Markets y ellos donar\u00e1n 2.5% del monto de su compra a la PTA<\/p>\n<\/div><\/div>\n<\/div>\n<\/div>\n<\/div><\/div><\/div><\/div><\/div>\n\n\n\n<p><\/p>","protected":false},"excerpt":{"rendered":"<p>\u00a1Bienvenidos a la Asociaci\u00f3n de Padres y Maestros (PTA) de McKinley y PACS! \u00a1El calendario escolar se encuentra aqu\u00ed!<\/p>","protected":false},"author":1,"featured_media":1122,"parent":0,"menu_order":0,"comment_status":"closed","ping_status":"closed","template":"template-front-page.php","meta":{"footnotes":""},"class_list":["post-18","page","type-page","status-publish","has-post-thumbnail","hentry"],"aioseo_notices":[],"_links":{"self":[{"href":"https:\/\/ptamckinley.org\/es\/wp-json\/wp\/v2\/pages\/18","targetHints":{"allow":["GET"]}}],"collection":[{"href":"https:\/\/ptamckinley.org\/es\/wp-json\/wp\/v2\/pages"}],"about":[{"href":"https:\/\/ptamckinley.org\/es\/wp-json\/wp\/v2\/types\/page"}],"author":[{"embeddable":true,"href":"https:\/\/ptamckinley.org\/es\/wp-json\/wp\/v2\/users\/1"}],"replies":[{"embeddable":true,"href":"https:\/\/ptamckinley.org\/es\/wp-json\/wp\/v2\/comments?post=18"}],"version-history":[{"count":9,"href":"https:\/\/ptamckinley.org\/es\/wp-json\/wp\/v2\/pages\/18\/revisions"}],"predecessor-version":[{"id":3833,"href":"https:\/\/ptamckinley.org\/es\/wp-json\/wp\/v2\/pages\/18\/revisions\/3833"}],"wp:featuredmedia":[{"embeddable":true,"href":"https:\/\/ptamckinley.org\/es\/wp-json\/wp\/v2\/media\/1122"}],"wp:attachment":[{"href":"https:\/\/ptamckinley.org\/es\/wp-json\/wp\/v2\/media?parent=18"}],"curies":[{"name":"gracias","href":"https:\/\/api.w.org\/{rel}","templated":true}]}}