{"id":1870,"date":"2021-09-10T19:10:44","date_gmt":"2021-09-11T02:10:44","guid":{"rendered":"https:\/\/ptamckinley.org\/?page_id=1870"},"modified":"2024-08-09T21:11:12","modified_gmt":"2024-08-10T04:11:12","slug":"add-your-information-to-your-classrooms-email-list","status":"publish","type":"page","link":"https:\/\/ptamckinley.org\/es\/add-your-information-to-your-classrooms-email-list\/","title":{"rendered":"\u00a1Ay\u00fadanos a crear un directorio escolar!"},"content":{"rendered":"<p>\u00bfAlguna vez ha querido conectarse con otras familias para fiestas de cumplea\u00f1os, viajes compartidos, citas para jugar, preguntas sobre actividades, etc.? \u00a1Nosotros tambi\u00e9n! estamos armando un <strong>directorio privado<\/strong> para ayudar a todas nuestras familias a hacer precisamente eso.<\/p>\n\n\n\n<p>Este directorio tambi\u00e9n permitir\u00e1 que los padres de su clase env\u00eden mensajes de correo electr\u00f3nico de vez en cuando a toda su clase sobre anuncios importantes. <strong>Tendr\u00e1 la opci\u00f3n de compartir su informaci\u00f3n de contacto solo con el padre de su clase y no en el directorio completo.<\/strong><\/p>\n\n\n\n<p><strong>Puede agregar a todos sus alumnos a este formulario, por lo que solo debe completarlo una vez. <\/strong><\/p>\n\n\n\n<p>Hacer clic <strong><a href=\"https:\/\/docs.google.com\/forms\/d\/e\/1FAIpQLSfoaiTIdOHXFw38i6FIxu51v7M0TMe72WTeWT-zN5YkzY7KxQ\/viewform\" title=\"\">AQU\u00cd<\/a><\/strong> para acceder al formulario.<\/p>","protected":false},"excerpt":{"rendered":"<p>Have you ever wanted to connect with other families for birthday parties, carpooling, playdates, questions about activities, etc? Us, too! We are putting together a [&hellip;]<\/p>\n","protected":false},"author":1,"featured_media":1434,"parent":0,"menu_order":0,"comment_status":"closed","ping_status":"closed","template":"","meta":{"footnotes":""},"class_list":["post-1870","page","type-page","status-publish","has-post-thumbnail","hentry"],"aioseo_notices":[],"_links":{"self":[{"href":"https:\/\/ptamckinley.org\/es\/wp-json\/wp\/v2\/pages\/1870","targetHints":{"allow":["GET"]}}],"collection":[{"href":"https:\/\/ptamckinley.org\/es\/wp-json\/wp\/v2\/pages"}],"about":[{"href":"https:\/\/ptamckinley.org\/es\/wp-json\/wp\/v2\/types\/page"}],"author":[{"embeddable":true,"href":"https:\/\/ptamckinley.org\/es\/wp-json\/wp\/v2\/users\/1"}],"replies":[{"embeddable":true,"href":"https:\/\/ptamckinley.org\/es\/wp-json\/wp\/v2\/comments?post=1870"}],"version-history":[{"count":9,"href":"https:\/\/ptamckinley.org\/es\/wp-json\/wp\/v2\/pages\/1870\/revisions"}],"predecessor-version":[{"id":3698,"href":"https:\/\/ptamckinley.org\/es\/wp-json\/wp\/v2\/pages\/1870\/revisions\/3698"}],"wp:featuredmedia":[{"embeddable":true,"href":"https:\/\/ptamckinley.org\/es\/wp-json\/wp\/v2\/media\/1434"}],"wp:attachment":[{"href":"https:\/\/ptamckinley.org\/es\/wp-json\/wp\/v2\/media?parent=1870"}],"curies":[{"name":"gracias","href":"https:\/\/api.w.org\/{rel}","templated":true}]}}