{"id":2161,"date":"2022-01-05T13:34:00","date_gmt":"2022-01-05T21:34:00","guid":{"rendered":"https:\/\/ptamckinley.org\/?page_id=2161"},"modified":"2024-08-09T19:25:44","modified_gmt":"2024-08-10T02:25:44","slug":"lunch-duty-volunteers-needed","status":"publish","type":"page","link":"https:\/\/ptamckinley.org\/es\/get-involved\/lunch-duty-volunteers-needed\/","title":{"rendered":"Se necesitan voluntarios para la hora del almuerzo"},"content":{"rendered":"<h2 class=\"wp-block-heading\">Programa de Apoyo para el Almuerzo de Padres Voluntarios <\/h2>\n\n\n\n<h3 class=\"wp-block-heading\"><\/h3>\n\n\n\n<p><strong>Ofrezca solo un recreo (10:05 a. m. a 10:45 a. m.) o la hora del almuerzo (11:45 a. m. a 1:00 p. m.) por semana<\/strong> (m\u00e1s o menos si quieres), compromiso de un mes.<\/p>\n\n\n\n<p>Los voluntarios apoyar\u00e1n el recreo y\/o la hora del almuerzo\/recreo para los estudiantes de 1.\u00b0 a 8.\u00b0 grado (los padres de TK y K tambi\u00e9n son bienvenidos como voluntarios). Ayudar\u00e1s durante dos per\u00edodos de tiempo, 1\u00b0 a 3\u00b0 grado y\/o 4\u00b0 a 8\u00b0 grado*.<br><br>Los voluntarios se asegurar\u00e1n de que los estudiantes coman un refrigerio\/almuerzo, limpien sus cosas y se mantengan seguros durante el recreo. Los voluntarios tienen la oportunidad de utilizar o desarrollar habilidades en el manejo de conflictos, se desarrollar\u00e1n habilidades b\u00e1sicas de primeros auxilios y entrenamiento social.<\/p>\n\n\n\n<p><strong>\u00bfPreguntas? \u00bfNecesita ayuda para inscribirse en un turno?<\/strong><br>Comun\u00edquese con la oficina principal al 707-778-4750<\/p>","protected":false},"excerpt":{"rendered":"<p>Parent Volunteer Lunch Support Program Volunteer just one recess (10:05 \u2013 10:45 am) or lunchtime (11:45 am \u2013 1:00pm) per week (more or less if [&hellip;]<\/p>\n","protected":false},"author":1,"featured_media":1543,"parent":977,"menu_order":0,"comment_status":"closed","ping_status":"closed","template":"","meta":{"footnotes":""},"class_list":["post-2161","page","type-page","status-publish","has-post-thumbnail","hentry"],"aioseo_notices":[],"_links":{"self":[{"href":"https:\/\/ptamckinley.org\/es\/wp-json\/wp\/v2\/pages\/2161","targetHints":{"allow":["GET"]}}],"collection":[{"href":"https:\/\/ptamckinley.org\/es\/wp-json\/wp\/v2\/pages"}],"about":[{"href":"https:\/\/ptamckinley.org\/es\/wp-json\/wp\/v2\/types\/page"}],"author":[{"embeddable":true,"href":"https:\/\/ptamckinley.org\/es\/wp-json\/wp\/v2\/users\/1"}],"replies":[{"embeddable":true,"href":"https:\/\/ptamckinley.org\/es\/wp-json\/wp\/v2\/comments?post=2161"}],"version-history":[{"count":7,"href":"https:\/\/ptamckinley.org\/es\/wp-json\/wp\/v2\/pages\/2161\/revisions"}],"predecessor-version":[{"id":3651,"href":"https:\/\/ptamckinley.org\/es\/wp-json\/wp\/v2\/pages\/2161\/revisions\/3651"}],"up":[{"embeddable":true,"href":"https:\/\/ptamckinley.org\/es\/wp-json\/wp\/v2\/pages\/977"}],"wp:featuredmedia":[{"embeddable":true,"href":"https:\/\/ptamckinley.org\/es\/wp-json\/wp\/v2\/media\/1543"}],"wp:attachment":[{"href":"https:\/\/ptamckinley.org\/es\/wp-json\/wp\/v2\/media?parent=2161"}],"curies":[{"name":"gracias","href":"https:\/\/api.w.org\/{rel}","templated":true}]}}