{"id":2167,"date":"2022-01-09T10:49:23","date_gmt":"2022-01-09T18:49:23","guid":{"rendered":"https:\/\/ptamckinley.org\/?page_id=2167"},"modified":"2024-08-09T19:52:50","modified_gmt":"2024-08-10T02:52:50","slug":"volunteer-reimbursement-process","status":"publish","type":"page","link":"https:\/\/ptamckinley.org\/es\/get-involved\/volunteer-reimbursement-process\/","title":{"rendered":"Proceso de reembolso de voluntarios"},"content":{"rendered":"<p>Antes de realizar una compra y enviar un gasto, aseg\u00farese de conocer el presupuesto del gasto. Cualquier gasto que no haya sido presupuestado deber\u00e1 ser aprobado previamente por la PTA.&nbsp;<\/p>\n\n\n\n<p>Para enviar su solicitud:<\/p>\n\n\n\n<ol class=\"wp-block-list\">\n<li>Rellene un formulario de solicitud de reembolso. Estos se pueden encontrar en la caja de la PTA en la oficina. <a href=\"https:\/\/drive.google.com\/file\/d\/14Z6IJcLpHdWv-y3z6GPVvelb_1dhMtQb\/view?usp=sharing\" target=\"_blank\" rel=\"noreferrer noopener\" title=\"https:\/\/drive.google.com\/file\/d\/14Z6IJcLpHdWv-y3z6GPVvelb_1dhMtQb\/view?usp=sharing\">El formulario de reembolso tambi\u00e9n se puede descargar aqu\u00ed<\/a>.<\/li>\n\n\n\n<li>Deje su formulario de gastos completo con copias de su recibo adjunto a la caja de la PTA en la oficina. <strong>No env\u00ede formularios por correo electr\u00f3nico.<\/strong> Aclare en su formulario si desea que le env\u00eden su cheque por correo o si desea recogerlo en la oficina.<\/li>\n\n\n\n<li>Los formularios de reembolso se recoger\u00e1n en la escuela el 1 y el 15 de cada mes.<\/li>\n\n\n\n<li>Los formularios recibidos antes del 1.\u00b0 d\u00eda se pagar\u00e1n antes del 1.\u00b0 d\u00eda. Los formularios recibidos antes del 1.\u00b0 d\u00eda se pagar\u00e1n antes del 1.\u00b0 d\u00eda. Tambi\u00e9n puede solicitar a los proveedores que facturen directamente a la PTA si esa es una opci\u00f3n. Hacemos todo lo posible para procesar sus solicitudes de manera oportuna, pero tenga en cuenta que la junta de la PTA est\u00e1 compuesta por voluntarios.<\/li>\n\n\n\n<li>Formularios de reembolso <strong>DEBE SER ENTREGADO ANTES DEL \u00daLTIMO D\u00cdA DEL A\u00d1O ESCOLAR<\/strong> a menos que haya hecho otros arreglos por escrito <strong>que hayan sido confirmados por escrito <\/strong>Por el tesorero (mckptatreas@gmail.com). Los formularios recibidos despu\u00e9s de finalizado el a\u00f1o escolar se procesar\u00e1n en agosto del a\u00f1o escolar siguiente y se considerar\u00e1n parte del presupuesto de ese a\u00f1o.<\/li>\n<\/ol>\n\n\n\n<p>Por favor, no dude en comunicarse si tiene alguna pregunta en <a href=\"mailto:mckptatreas@gmail.com\" title=\"\">mckptatreas@gmail.com<\/a><\/p>","protected":false},"excerpt":{"rendered":"<p>Prior to making a purchase and submitting an expense, please make sure you know the budget for the expenditure. Any expense that has not been [&hellip;]<\/p>\n","protected":false},"author":1,"featured_media":1434,"parent":977,"menu_order":0,"comment_status":"closed","ping_status":"closed","template":"","meta":{"footnotes":""},"class_list":["post-2167","page","type-page","status-publish","has-post-thumbnail","hentry"],"aioseo_notices":[],"_links":{"self":[{"href":"https:\/\/ptamckinley.org\/es\/wp-json\/wp\/v2\/pages\/2167","targetHints":{"allow":["GET"]}}],"collection":[{"href":"https:\/\/ptamckinley.org\/es\/wp-json\/wp\/v2\/pages"}],"about":[{"href":"https:\/\/ptamckinley.org\/es\/wp-json\/wp\/v2\/types\/page"}],"author":[{"embeddable":true,"href":"https:\/\/ptamckinley.org\/es\/wp-json\/wp\/v2\/users\/1"}],"replies":[{"embeddable":true,"href":"https:\/\/ptamckinley.org\/es\/wp-json\/wp\/v2\/comments?post=2167"}],"version-history":[{"count":4,"href":"https:\/\/ptamckinley.org\/es\/wp-json\/wp\/v2\/pages\/2167\/revisions"}],"predecessor-version":[{"id":3661,"href":"https:\/\/ptamckinley.org\/es\/wp-json\/wp\/v2\/pages\/2167\/revisions\/3661"}],"up":[{"embeddable":true,"href":"https:\/\/ptamckinley.org\/es\/wp-json\/wp\/v2\/pages\/977"}],"wp:featuredmedia":[{"embeddable":true,"href":"https:\/\/ptamckinley.org\/es\/wp-json\/wp\/v2\/media\/1434"}],"wp:attachment":[{"href":"https:\/\/ptamckinley.org\/es\/wp-json\/wp\/v2\/media?parent=2167"}],"curies":[{"name":"gracias","href":"https:\/\/api.w.org\/{rel}","templated":true}]}}