{"id":2214,"date":"2022-01-30T10:52:06","date_gmt":"2022-01-30T18:52:06","guid":{"rendered":"https:\/\/ptamckinley.org\/?page_id=2214"},"modified":"2022-01-30T10:52:08","modified_gmt":"2022-01-30T18:52:08","slug":"escrip-mckinley","status":"publish","type":"page","link":"https:\/\/ptamckinley.org\/es\/escrip-mckinley\/","title":{"rendered":"Obtenga donaciones para McKinley cuando compre en Oliver&#039;s y Petaluma Market"},"content":{"rendered":"<div class=\"wp-block-image\"><figure class=\"alignleft size-full\"><img loading=\"lazy\" decoding=\"async\" width=\"240\" height=\"320\" src=\"https:\/\/ptamckinley.org\/wp-content\/uploads\/2022\/01\/community-card.jpg\" alt=\"\" class=\"wp-image-2204\" srcset=\"https:\/\/ptamckinley.org\/wp-content\/uploads\/2022\/01\/community-card.jpg 240w, https:\/\/ptamckinley.org\/wp-content\/uploads\/2022\/01\/community-card-225x300.jpg 225w, https:\/\/ptamckinley.org\/wp-content\/uploads\/2022\/01\/community-card-9x12.jpg 9w\" sizes=\"auto, (max-width: 240px) 100vw, 240px\" \/><\/figure><\/div>\n\n\n\n<p>Si compra en Petaluma Market o en Oliver&#039;s Markets, estas tiendas de comestibles donar\u00e1n 2.5% del monto de su compra a la PTA de McKinley si tiene la tarjeta comunitaria de la tienda. Es una forma sencilla de apoyar a la escuela y no le cuesta nada m\u00e1s. Para hacerlo, sigue estos pasos:<\/p>\n\n\n\n<p><strong>Paso 1:<\/strong> &nbsp;La pr\u00f3xima vez que est\u00e9 en la fila para pagar, solicite una tarjeta comunitaria y una solicitud. El formulario tarda menos de 60 segundos en completarse. Simplemente escriba su nombre, n\u00famero de tel\u00e9fono, c\u00f3digo postal y correo electr\u00f3nico y elija la PTA de McKinley como el grupo caritativo al que desea que vayan las donaciones.<\/p>\n\n\n\n<p><strong>Paso 2: <\/strong>Ir <a href=\"http:\/\/escrip.com\" target=\"_blank\" rel=\"noreferrer noopener\">eScrip.com<\/a> y configure su cuenta. Ingresar\u00e1 el n\u00famero que se encuentra en la tarjeta comunitaria de su tienda y enumerar\u00e1 la PTA de McKinley ( <strong>grupo # 500825908<\/strong>) como su organizaci\u00f3n ben\u00e9fica preferida. Indique tambi\u00e9n su n\u00famero de tel\u00e9fono de referencia. Tambi\u00e9n puede optar por registrar una tarjeta de cr\u00e9dito o d\u00e9bito con ellos si desea que la deducci\u00f3n se realice autom\u00e1ticamente.<\/p>\n\n\n\n<p><strong>Paso 3:<\/strong> La pr\u00f3xima vez que pagues, dile al cajero que tienes una tarjeta comunitaria y la escanear\u00e1n. Opcionalmente, tambi\u00e9n pueden aplicarlo si les das tu n\u00famero de tel\u00e9fono o la tarjeta de cr\u00e9dito o d\u00e9bito que registraste. La contribuci\u00f3n de 2.5 % aparecer\u00e1 en su recibo.<\/p>\n\n\n\n<p>\u00a1Eso es! Gracias y gracias a estos negocios locales por su apoyo a la comunidad.<\/p>","protected":false},"excerpt":{"rendered":"<p>If you shop at the Petaluma Market or at Oliver\u2019s Markets, these grocers will donate 2.5% of your purchase amount to the McKinley PTA if [&hellip;]<\/p>\n","protected":false},"author":1,"featured_media":1434,"parent":0,"menu_order":0,"comment_status":"closed","ping_status":"closed","template":"","meta":{"footnotes":""},"class_list":["post-2214","page","type-page","status-publish","has-post-thumbnail","hentry"],"aioseo_notices":[],"_links":{"self":[{"href":"https:\/\/ptamckinley.org\/es\/wp-json\/wp\/v2\/pages\/2214","targetHints":{"allow":["GET"]}}],"collection":[{"href":"https:\/\/ptamckinley.org\/es\/wp-json\/wp\/v2\/pages"}],"about":[{"href":"https:\/\/ptamckinley.org\/es\/wp-json\/wp\/v2\/types\/page"}],"author":[{"embeddable":true,"href":"https:\/\/ptamckinley.org\/es\/wp-json\/wp\/v2\/users\/1"}],"replies":[{"embeddable":true,"href":"https:\/\/ptamckinley.org\/es\/wp-json\/wp\/v2\/comments?post=2214"}],"version-history":[{"count":1,"href":"https:\/\/ptamckinley.org\/es\/wp-json\/wp\/v2\/pages\/2214\/revisions"}],"predecessor-version":[{"id":2215,"href":"https:\/\/ptamckinley.org\/es\/wp-json\/wp\/v2\/pages\/2214\/revisions\/2215"}],"wp:featuredmedia":[{"embeddable":true,"href":"https:\/\/ptamckinley.org\/es\/wp-json\/wp\/v2\/media\/1434"}],"wp:attachment":[{"href":"https:\/\/ptamckinley.org\/es\/wp-json\/wp\/v2\/media?parent=2214"}],"curies":[{"name":"gracias","href":"https:\/\/api.w.org\/{rel}","templated":true}]}}