{"id":3468,"date":"2023-09-20T11:09:24","date_gmt":"2023-09-20T18:09:24","guid":{"rendered":"https:\/\/ptamckinley.org\/?page_id=3468"},"modified":"2025-09-15T21:25:34","modified_gmt":"2025-09-16T04:25:34","slug":"jog-a-thon","status":"publish","type":"page","link":"https:\/\/ptamckinley.org\/es\/jog-a-thon\/","title":{"rendered":"\u00a1JOG-A-THON el viernes 3 de octubre de 2025!"},"content":{"rendered":"<p>\u00a1JOG-A-THON 2024-25 RECAUD\u00d3 CASI $77,000! <strong>\u00a1VEAMOS SI PODEMOS SUPERARLO ESTE A\u00d1O!<\/strong><\/p>\n\n\n\n<p>MIRA CU\u00c1NTO DINERO HEMOS RECAUDADO HASTA AHORA <a href=\"https:\/\/mckinleymustangs.pledgestar.com\/eventmonitor.html\" title=\"\">AQU\u00cd<\/a><a href=\"https:\/\/mckinleymustangs.pledgestar.com\/eventmonitor.html\">!<\/a><\/p>\n\n\n\n<h2 class=\"wp-block-heading\">Por favor, cree la cuenta Pledgestar de su estudiante para el a\u00f1o escolar 2025-26 <a href=\"https:\/\/mckinleymustangs.pledgestar.com\/Welcome.html\" title=\"\">AQU\u00cd<\/a>!<\/h2>\n\n\n\n<p>CARTA DEL PATROCINADOR CORPORATIVO <a href=\"https:\/\/www.canva.com\/design\/DAGwSySV0Mo\/0F62oKH5p9EXKTTlOzccfQ\/edit?utm_content=DAGwSySV0Mo&amp;utm_campaign=designshare&amp;utm_medium=link2&amp;utm_source=sharebutton\" title=\"\">AQU\u00cd<\/a>!<\/p>\n\n\n\n<p>ENLACE DE DONACI\u00d3N DE PAYPAL <a href=\"https:\/\/www.paypal.com\/donate\/?hosted_button_id=QXSH5PDW3BBCQ&amp;fbclid=IwY2xjawMrPntleHRuA2FlbQIxMABicmlkETFqUHlqem02bTBFT3I0UDI2AR7ANlRXgAhjPhph_lk0B8oYX-C-NnSa8BeuMHIhxHZrITtfB1tFnBX0R3vlZQ_aem_nRjP7akZlUwhfsoQimvbHg\" title=\"\">AQU\u00cd<\/a>!<\/p>\n\n\n\n<figure class=\"wp-block-image size-large\"><img loading=\"lazy\" decoding=\"async\" width=\"791\" height=\"1024\" src=\"https:\/\/ptamckinley.org\/wp-content\/uploads\/2025\/09\/ROCK-the-Rainbow-2025-1-791x1024.png\" alt=\"\" class=\"wp-image-3828\" srcset=\"https:\/\/ptamckinley.org\/wp-content\/uploads\/2025\/09\/ROCK-the-Rainbow-2025-1-791x1024.png 791w, https:\/\/ptamckinley.org\/wp-content\/uploads\/2025\/09\/ROCK-the-Rainbow-2025-1-232x300.png 232w, https:\/\/ptamckinley.org\/wp-content\/uploads\/2025\/09\/ROCK-the-Rainbow-2025-1-768x994.png 768w, https:\/\/ptamckinley.org\/wp-content\/uploads\/2025\/09\/ROCK-the-Rainbow-2025-1-1187x1536.png 1187w, https:\/\/ptamckinley.org\/wp-content\/uploads\/2025\/09\/ROCK-the-Rainbow-2025-1-9x12.png 9w, https:\/\/ptamckinley.org\/wp-content\/uploads\/2025\/09\/ROCK-the-Rainbow-2025-1-938x1214.png 938w, https:\/\/ptamckinley.org\/wp-content\/uploads\/2025\/09\/ROCK-the-Rainbow-2025-1-1130x1463.png 1130w, https:\/\/ptamckinley.org\/wp-content\/uploads\/2025\/09\/ROCK-the-Rainbow-2025-1.png 1545w\" sizes=\"auto, (max-width: 791px) 100vw, 791px\" \/><\/figure>\n\n\n\n<figure class=\"wp-block-image size-large\"><img loading=\"lazy\" decoding=\"async\" width=\"1024\" height=\"683\" src=\"https:\/\/ptamckinley.org\/wp-content\/uploads\/2024\/09\/JFP_McKinleyJogAThon2023_2-1024x683.jpg\" alt=\"\" class=\"wp-image-3713\" srcset=\"https:\/\/ptamckinley.org\/wp-content\/uploads\/2024\/09\/JFP_McKinleyJogAThon2023_2-1024x683.jpg 1024w, https:\/\/ptamckinley.org\/wp-content\/uploads\/2024\/09\/JFP_McKinleyJogAThon2023_2-300x200.jpg 300w, https:\/\/ptamckinley.org\/wp-content\/uploads\/2024\/09\/JFP_McKinleyJogAThon2023_2-768x512.jpg 768w, https:\/\/ptamckinley.org\/wp-content\/uploads\/2024\/09\/JFP_McKinleyJogAThon2023_2-1536x1024.jpg 1536w, https:\/\/ptamckinley.org\/wp-content\/uploads\/2024\/09\/JFP_McKinleyJogAThon2023_2-2048x1365.jpg 2048w, https:\/\/ptamckinley.org\/wp-content\/uploads\/2024\/09\/JFP_McKinleyJogAThon2023_2-18x12.jpg 18w, https:\/\/ptamckinley.org\/wp-content\/uploads\/2024\/09\/JFP_McKinleyJogAThon2023_2-938x625.jpg 938w, https:\/\/ptamckinley.org\/wp-content\/uploads\/2024\/09\/JFP_McKinleyJogAThon2023_2-1130x753.jpg 1130w\" sizes=\"auto, (max-width: 1024px) 100vw, 1024px\" \/><\/figure>\n\n\n\n<p><strong>\u00bfQu\u00e9 es el Jog-A-Thon?<\/strong><\/p>\n\n\n\n<p>El d\u00eda del Jog-a-thon es una CELEBRACI\u00d3N que dura todo el d\u00eda. El Jog-a-thon es una iniciativa de toda la escuela durante la cual los estudiantes buscan promesas y donaciones de familiares y amigos. A cambio, corren tantas vueltas como puedan alrededor del campo de la escuela con sus compa\u00f1eros de clase. Antes de correr, se les da una camiseta personalizada de McKinley del color de su grado junto con &quot;estilo&quot;: tatuajes, pintura facial, color de cabello, brillo, \u00a1todo lo que los haga sentir fant\u00e1sticos mientras corren! El Jog-a-thon es un d\u00eda de construcci\u00f3n de comunidad y diversi\u00f3n en apoyo de toda nuestra escuela.<\/p>\n\n\n\n<p>Los fondos que recaudamos a trav\u00e9s del Jog-a-Thon son fundamentales para el funcionamiento de nuestra escuela. Los fondos de la PTA cubren:<\/p>\n\n\n\n<ul class=\"wp-block-list\">\n<li>Instructores de educaci\u00f3n f\u00edsica de la Academia Nacional de Atletismo para mantener activos a los estudiantes y brindarles a los maestros un segundo per\u00edodo de planificaci\u00f3n importante cada semana.<\/li>\n\n\n\n<li>\u00a1Eventos de construcci\u00f3n comunitaria como paletas en Meet the Teacher, cena en Open House, Winter Fest en diciembre, Mustang Social en la primavera y Field Day el \u00faltimo d\u00eda de clases!&nbsp;<\/li>\n\n\n\n<li>\u00a1Nuestro programa de artes esc\u00e9nicas, programa de enriquecimiento despu\u00e9s de la escuela, excursiones y muchos otros esfuerzos e iniciativas de toda la escuela!<\/li>\n\n\n\n<li><strong>Adem\u00e1s, si USTED tiene ideas sobre c\u00f3mo podemos apoyar a la escuela y c\u00f3mo deber\u00edamos asignar los fondos, \u00a1su PTA quiere saberlas!&nbsp;<\/strong><\/li>\n<\/ul>\n\n\n\n<p>Los fondos que las familias recaudan para <strong>Jog-a-Thon son una inversi\u00f3n en este a\u00f1o escolar.<\/strong> <strong>Son una inversi\u00f3n en cada estudiante, desde TK hasta 8.\u00ba, y en su \u00e9xito y sentido de pertenencia en PACS y McKinley.<\/strong> Cada d\u00f3lar que recaudemos se destinar\u00e1 a mantener nuestra misi\u00f3n escolar de formar acad\u00e9micos que piensen cr\u00edticamente, que celebren la diversidad y que aboguen por hacer del mundo un lugar mejor. \u00a1Haces que nuestra comunidad sea m\u00e1s fuerte con tu apoyo!&nbsp;<\/p>\n\n\n\n<p>Su PTA le informar\u00e1 cu\u00e1ndo es el momento de crear una p\u00e1gina de donaciones en l\u00ednea o puede recolectar donaciones en el sobre manila que se enviar\u00e1 a casa con su hijo. \u00a1O incluso mejor, ambas cosas! \u00bfY su empleador igualar\u00e1 los fondos que recaude su familia? \u00a1Es hora de verificar! Nuestra PTA es una organizaci\u00f3n sin fines de lucro registrada y generalmente califica para donaciones equivalentes.&nbsp;<\/p>\n\n\n\n<p>\u00a1Gracias por su inversi\u00f3n en nuestra escuela!<\/p>\n\n\n\n<h2 class=\"wp-block-heading\">INCENTIVOS DEL JOG-A-THON:<\/h2>\n\n\n\n<p>\u00a1Cada estudiante que recaude fondos para $1+ participar\u00e1 en un sorteo de fant\u00e1sticos premios!<\/p>\n\n\n\n<p>Si todos los estudiantes del grado participan en la recaudaci\u00f3n de fondos, todo el grado recibir\u00e1 un receso de celebraci\u00f3n de 45 minutos + actividad especial.&nbsp;<\/p>\n\n\n\n<p>\u00a1La clase que recaude la mayor cantidad de fondos en general recibir\u00e1 una fiesta de pizza! <\/p>\n\n\n\n<p>Si recaudamos $75,000 como comunidad escolar entera, \u00a1los estudiantes recibir\u00e1n SLIME del director Donahue!<\/p>\n\n\n\n<p>El mayor recaudador de fondos de cada clase ser\u00e1 invitado a una fiesta VIP con el director Donahue.&nbsp;<\/p>\n\n\n\n<p>\u00a1El mayor recaudador de fondos en general ser\u00e1 PRINCIPAL POR UN D\u00cdA!&nbsp;<\/p>\n\n\n\n<p>Cada estudiante que recaude fondos $300+ ser\u00e1 invitado a una \u201cCena + Pel\u00edcula en el Multi\u201d organizada por l\u00edderes calificados de la PTA mientras \u00a1LOS PADRES\/TUTORES TIENEN LA NOCHE LIBRE! (~6:00 p. m. a 10:00 p. m., fecha y hora por determinar).<\/p>\n\n\n\n<figure class=\"wp-block-gallery has-nested-images columns-default is-cropped wp-block-gallery-1 is-layout-flex wp-block-gallery-is-layout-flex\">\n<figure class=\"wp-block-image size-large\"><img loading=\"lazy\" decoding=\"async\" width=\"1024\" height=\"683\" data-id=\"3724\" src=\"https:\/\/ptamckinley.org\/wp-content\/uploads\/2024\/09\/Jog-Black-1024x683.jpg\" alt=\"\" class=\"wp-image-3724\" srcset=\"https:\/\/ptamckinley.org\/wp-content\/uploads\/2024\/09\/Jog-Black-1024x683.jpg 1024w, https:\/\/ptamckinley.org\/wp-content\/uploads\/2024\/09\/Jog-Black-300x200.jpg 300w, https:\/\/ptamckinley.org\/wp-content\/uploads\/2024\/09\/Jog-Black-768x512.jpg 768w, https:\/\/ptamckinley.org\/wp-content\/uploads\/2024\/09\/Jog-Black-1536x1024.jpg 1536w, https:\/\/ptamckinley.org\/wp-content\/uploads\/2024\/09\/Jog-Black-2048x1365.jpg 2048w, https:\/\/ptamckinley.org\/wp-content\/uploads\/2024\/09\/Jog-Black-18x12.jpg 18w, https:\/\/ptamckinley.org\/wp-content\/uploads\/2024\/09\/Jog-Black-938x625.jpg 938w, https:\/\/ptamckinley.org\/wp-content\/uploads\/2024\/09\/Jog-Black-1130x753.jpg 1130w\" sizes=\"auto, (max-width: 1024px) 100vw, 1024px\" \/><\/figure>\n\n\n\n<figure class=\"wp-block-image size-large\"><img loading=\"lazy\" decoding=\"async\" width=\"1024\" height=\"683\" data-id=\"3727\" src=\"https:\/\/ptamckinley.org\/wp-content\/uploads\/2024\/09\/Jog-Blue-1-1024x683.jpg\" alt=\"\" class=\"wp-image-3727\" srcset=\"https:\/\/ptamckinley.org\/wp-content\/uploads\/2024\/09\/Jog-Blue-1-1024x683.jpg 1024w, https:\/\/ptamckinley.org\/wp-content\/uploads\/2024\/09\/Jog-Blue-1-300x200.jpg 300w, https:\/\/ptamckinley.org\/wp-content\/uploads\/2024\/09\/Jog-Blue-1-768x512.jpg 768w, https:\/\/ptamckinley.org\/wp-content\/uploads\/2024\/09\/Jog-Blue-1-1536x1024.jpg 1536w, https:\/\/ptamckinley.org\/wp-content\/uploads\/2024\/09\/Jog-Blue-1-2048x1365.jpg 2048w, https:\/\/ptamckinley.org\/wp-content\/uploads\/2024\/09\/Jog-Blue-1-18x12.jpg 18w, https:\/\/ptamckinley.org\/wp-content\/uploads\/2024\/09\/Jog-Blue-1-938x625.jpg 938w, https:\/\/ptamckinley.org\/wp-content\/uploads\/2024\/09\/Jog-Blue-1-1130x753.jpg 1130w\" sizes=\"auto, (max-width: 1024px) 100vw, 1024px\" \/><\/figure>\n\n\n\n<figure class=\"wp-block-image size-large\"><img loading=\"lazy\" decoding=\"async\" width=\"1024\" height=\"683\" data-id=\"3726\" src=\"https:\/\/ptamckinley.org\/wp-content\/uploads\/2024\/09\/Jog-Green-1024x683.jpg\" alt=\"\" class=\"wp-image-3726\" srcset=\"https:\/\/ptamckinley.org\/wp-content\/uploads\/2024\/09\/Jog-Green-1024x683.jpg 1024w, https:\/\/ptamckinley.org\/wp-content\/uploads\/2024\/09\/Jog-Green-300x200.jpg 300w, https:\/\/ptamckinley.org\/wp-content\/uploads\/2024\/09\/Jog-Green-768x512.jpg 768w, https:\/\/ptamckinley.org\/wp-content\/uploads\/2024\/09\/Jog-Green-1536x1024.jpg 1536w, https:\/\/ptamckinley.org\/wp-content\/uploads\/2024\/09\/Jog-Green-2048x1365.jpg 2048w, https:\/\/ptamckinley.org\/wp-content\/uploads\/2024\/09\/Jog-Green-18x12.jpg 18w, https:\/\/ptamckinley.org\/wp-content\/uploads\/2024\/09\/Jog-Green-938x625.jpg 938w, https:\/\/ptamckinley.org\/wp-content\/uploads\/2024\/09\/Jog-Green-1130x753.jpg 1130w\" sizes=\"auto, (max-width: 1024px) 100vw, 1024px\" \/><\/figure>\n\n\n\n<figure class=\"wp-block-image size-large\"><img loading=\"lazy\" decoding=\"async\" width=\"1024\" height=\"683\" data-id=\"3725\" src=\"https:\/\/ptamckinley.org\/wp-content\/uploads\/2024\/09\/Jog-Orange-1024x683.jpg\" alt=\"\" class=\"wp-image-3725\" srcset=\"https:\/\/ptamckinley.org\/wp-content\/uploads\/2024\/09\/Jog-Orange-1024x683.jpg 1024w, https:\/\/ptamckinley.org\/wp-content\/uploads\/2024\/09\/Jog-Orange-300x200.jpg 300w, https:\/\/ptamckinley.org\/wp-content\/uploads\/2024\/09\/Jog-Orange-768x512.jpg 768w, https:\/\/ptamckinley.org\/wp-content\/uploads\/2024\/09\/Jog-Orange-1536x1024.jpg 1536w, https:\/\/ptamckinley.org\/wp-content\/uploads\/2024\/09\/Jog-Orange-2048x1365.jpg 2048w, https:\/\/ptamckinley.org\/wp-content\/uploads\/2024\/09\/Jog-Orange-18x12.jpg 18w, https:\/\/ptamckinley.org\/wp-content\/uploads\/2024\/09\/Jog-Orange-938x625.jpg 938w, https:\/\/ptamckinley.org\/wp-content\/uploads\/2024\/09\/Jog-Orange-1130x753.jpg 1130w\" sizes=\"auto, (max-width: 1024px) 100vw, 1024px\" \/><\/figure>\n\n\n\n<figure class=\"wp-block-image size-large\"><img loading=\"lazy\" decoding=\"async\" width=\"683\" height=\"1024\" data-id=\"3723\" src=\"https:\/\/ptamckinley.org\/wp-content\/uploads\/2024\/09\/Jog-Pink-683x1024.jpg\" alt=\"\" class=\"wp-image-3723\" srcset=\"https:\/\/ptamckinley.org\/wp-content\/uploads\/2024\/09\/Jog-Pink-683x1024.jpg 683w, https:\/\/ptamckinley.org\/wp-content\/uploads\/2024\/09\/Jog-Pink-200x300.jpg 200w, https:\/\/ptamckinley.org\/wp-content\/uploads\/2024\/09\/Jog-Pink-768x1152.jpg 768w, https:\/\/ptamckinley.org\/wp-content\/uploads\/2024\/09\/Jog-Pink-1024x1536.jpg 1024w, https:\/\/ptamckinley.org\/wp-content\/uploads\/2024\/09\/Jog-Pink-1365x2048.jpg 1365w, https:\/\/ptamckinley.org\/wp-content\/uploads\/2024\/09\/Jog-Pink-8x12.jpg 8w, https:\/\/ptamckinley.org\/wp-content\/uploads\/2024\/09\/Jog-Pink-938x1407.jpg 938w, https:\/\/ptamckinley.org\/wp-content\/uploads\/2024\/09\/Jog-Pink-1130x1695.jpg 1130w, https:\/\/ptamckinley.org\/wp-content\/uploads\/2024\/09\/Jog-Pink-scaled.jpg 1707w\" sizes=\"auto, (max-width: 683px) 100vw, 683px\" \/><\/figure>\n\n\n\n<figure class=\"wp-block-image size-large\"><img loading=\"lazy\" decoding=\"async\" width=\"1024\" height=\"683\" data-id=\"3729\" src=\"https:\/\/ptamckinley.org\/wp-content\/uploads\/2024\/09\/Jog-Red-1024x683.jpg\" alt=\"\" class=\"wp-image-3729\" srcset=\"https:\/\/ptamckinley.org\/wp-content\/uploads\/2024\/09\/Jog-Red-1024x683.jpg 1024w, https:\/\/ptamckinley.org\/wp-content\/uploads\/2024\/09\/Jog-Red-300x200.jpg 300w, https:\/\/ptamckinley.org\/wp-content\/uploads\/2024\/09\/Jog-Red-768x512.jpg 768w, https:\/\/ptamckinley.org\/wp-content\/uploads\/2024\/09\/Jog-Red-1536x1024.jpg 1536w, https:\/\/ptamckinley.org\/wp-content\/uploads\/2024\/09\/Jog-Red-2048x1365.jpg 2048w, https:\/\/ptamckinley.org\/wp-content\/uploads\/2024\/09\/Jog-Red-18x12.jpg 18w, https:\/\/ptamckinley.org\/wp-content\/uploads\/2024\/09\/Jog-Red-938x625.jpg 938w, https:\/\/ptamckinley.org\/wp-content\/uploads\/2024\/09\/Jog-Red-1130x753.jpg 1130w\" sizes=\"auto, (max-width: 1024px) 100vw, 1024px\" \/><\/figure>\n\n\n\n<figure class=\"wp-block-image size-large\"><img loading=\"lazy\" decoding=\"async\" width=\"1024\" height=\"683\" data-id=\"3728\" src=\"https:\/\/ptamckinley.org\/wp-content\/uploads\/2024\/09\/Jog-Yellow-1024x683.jpg\" alt=\"\" class=\"wp-image-3728\" srcset=\"https:\/\/ptamckinley.org\/wp-content\/uploads\/2024\/09\/Jog-Yellow-1024x683.jpg 1024w, https:\/\/ptamckinley.org\/wp-content\/uploads\/2024\/09\/Jog-Yellow-300x200.jpg 300w, https:\/\/ptamckinley.org\/wp-content\/uploads\/2024\/09\/Jog-Yellow-768x512.jpg 768w, https:\/\/ptamckinley.org\/wp-content\/uploads\/2024\/09\/Jog-Yellow-1536x1024.jpg 1536w, https:\/\/ptamckinley.org\/wp-content\/uploads\/2024\/09\/Jog-Yellow-2048x1365.jpg 2048w, https:\/\/ptamckinley.org\/wp-content\/uploads\/2024\/09\/Jog-Yellow-18x12.jpg 18w, https:\/\/ptamckinley.org\/wp-content\/uploads\/2024\/09\/Jog-Yellow-938x625.jpg 938w, https:\/\/ptamckinley.org\/wp-content\/uploads\/2024\/09\/Jog-Yellow-1130x753.jpg 1130w\" sizes=\"auto, (max-width: 1024px) 100vw, 1024px\" \/><\/figure>\n<\/figure>","protected":false},"excerpt":{"rendered":"<p>JOG-A-THON 2024-25 RAISED ALMOST $77,000! LETS SEE IF WE CAN BEAT THAT THIS YEAR! SEE HOW MUCH MONEY WE HAVE RAISED SO FAR HERE! Please [&hellip;]<\/p>\n","protected":false},"author":1,"featured_media":1434,"parent":0,"menu_order":0,"comment_status":"closed","ping_status":"closed","template":"","meta":{"footnotes":""},"class_list":["post-3468","page","type-page","status-publish","has-post-thumbnail","hentry"],"aioseo_notices":[],"_links":{"self":[{"href":"https:\/\/ptamckinley.org\/es\/wp-json\/wp\/v2\/pages\/3468","targetHints":{"allow":["GET"]}}],"collection":[{"href":"https:\/\/ptamckinley.org\/es\/wp-json\/wp\/v2\/pages"}],"about":[{"href":"https:\/\/ptamckinley.org\/es\/wp-json\/wp\/v2\/types\/page"}],"author":[{"embeddable":true,"href":"https:\/\/ptamckinley.org\/es\/wp-json\/wp\/v2\/users\/1"}],"replies":[{"embeddable":true,"href":"https:\/\/ptamckinley.org\/es\/wp-json\/wp\/v2\/comments?post=3468"}],"version-history":[{"count":9,"href":"https:\/\/ptamckinley.org\/es\/wp-json\/wp\/v2\/pages\/3468\/revisions"}],"predecessor-version":[{"id":3837,"href":"https:\/\/ptamckinley.org\/es\/wp-json\/wp\/v2\/pages\/3468\/revisions\/3837"}],"wp:featuredmedia":[{"embeddable":true,"href":"https:\/\/ptamckinley.org\/es\/wp-json\/wp\/v2\/media\/1434"}],"wp:attachment":[{"href":"https:\/\/ptamckinley.org\/es\/wp-json\/wp\/v2\/media?parent=3468"}],"curies":[{"name":"gracias","href":"https:\/\/api.w.org\/{rel}","templated":true}]}}