{"id":3492,"date":"2023-10-24T17:20:14","date_gmt":"2023-10-25T00:20:14","guid":{"rendered":"https:\/\/ptamckinley.org\/?page_id=3492"},"modified":"2024-03-14T09:06:07","modified_gmt":"2024-03-14T16:06:07","slug":"school-play-information","status":"publish","type":"page","link":"https:\/\/ptamckinley.org\/es\/school-play-information\/","title":{"rendered":"SEUSSICAL EL MUSICAL 2024!"},"content":{"rendered":"<p><strong>VIERNES 22 DE MARZO 18:30<\/strong> Fundici\u00f3n de tinta invisible<\/p>\n\n\n\n<p><strong>S\u00c1BADO 23 DE MARZO 13:00 h<\/strong> Fundici\u00f3n de tinta invisible<\/p>\n\n\n\n<p><strong>S\u00c1BADO 23 DE MARZO 18:30 h<\/strong> Reparto de Escalera al Cielo<\/p>\n\n\n\n<p><strong>Domingo 24 de marzo 13:00 horas<\/strong> Reparto de Escalera al Cielo<\/p>\n\n\n\n<p>COMPRA UN HERMOSO RAMO DE FLORES PARA TU ARTISTA<strong> <a href=\"https:\/\/ptamckinley.org\/es\/flowers-for-your-performer\/\" title=\"\u00a1FLORES PARA TU ACTUADOR!\">AQU\u00cd<\/a>!<\/strong><\/p>\n\n\n\n<p><strong>\u00a1Apoye las artes esc\u00e9nicas para el elenco y el equipo de nuestra producci\u00f3n actual McKinley Elementary! INFORMACI\u00d3N DE PATROCINIO AQU\u00cd:<\/strong> <a href=\"https:\/\/ptamckinley.org\/es\/performing-arts-sponsorship\/\" title=\"Patrocinio de artes esc\u00e9nicas\">Patrocinio de artes esc\u00e9nicas<\/a><\/p>\n\n\n\n<figure class=\"wp-block-image\"><img decoding=\"async\" src=\"https:\/\/lh7-us.googleusercontent.com\/b9neigP-N42dip6RvLDtEdwu3rYXllo2Pgb0rQPcc2nE0UYJK-w5HlVmxu0VDZGnaPqewGL6DNzqjQ3BPHPE8yuBK83TdbZrCT1x4rNuX2wFWay1Wsr5lbH0-SZHxPglE9SdPYH_AfHFI4Wdp-7cl70\" alt=\"\"\/><\/figure>\n\n\n\n<p><\/p>\n\n\n\n<p><strong>POR FAVOR ENCUENTRE UN ENLACE A LAS PISTAS MUSICALES AQU\u00cd PARA DESCARGAR: <\/strong>https:\/\/media.mtishows.com\/#!\/shows\/SEU2555292\/assets\/PERFAUDIOD<\/p>\n\n\n\n<p><em>*No todos los actores fueron llamados a todos los ensayos.<\/em><\/p>\n\n\n\n<p><strong>16 al 21 de marzo: <\/strong>Semana tecnol\u00f3gica: s\u00e1bado, 16 de marzo (de 12:00 a 5:00 p. m.), domingo 17 de marzo: d\u00eda de descanso del actor, 18 al 21 de marzo (horas por determinar), 21 de marzo: presentaci\u00f3n preliminar escolar<\/p>\n\n\n\n<p>Preguntas: env\u00ede un correo electr\u00f3nico a la directora Cate Bruce-Low <a href=\"mailto:tribecayummymummy@gmail.com\">tribecayummymummy@gmail.com<\/a><\/p>\n\n\n\n<p><strong>INFORMACI\u00d3N DEL PATROCINADOR AQU\u00cd:<\/strong> <a href=\"https:\/\/ptamckinley.org\/es\/performing-arts-sponsorship\/\" title=\"Patrocinio de artes esc\u00e9nicas\">Patrocinio de artes esc\u00e9nicas<\/a><\/p>\n\n\n\n<figure class=\"wp-block-image\"><img decoding=\"async\" src=\"https:\/\/lh7-us.googleusercontent.com\/qwiuetA_2VBuUPNgeR4HI2VnlrQaBWRSngLfTvZNN6RyG5Rneb4WUj74y75hJ6gEhgzMJ2WtyZfpGKtM21aGpXqD4a18MXXlX3Tkd8eoV5u_6Lzdc1yAZqPA-F5ISBXjwPjuRjj27VOhNriAegBp4Fk\" alt=\"\"\/><\/figure>\n\n\n\n<p><strong>El Programa de Artes Esc\u00e9nicas de McKinley <\/strong><strong>presenta Seussical el Musical Jr.<\/strong><\/p>\n\n\n\n<p><strong>Actuaciones: 22 de marzo de 2024 a las 6:30 pm, 23 de marzo de 2024 a la 1 pm y 6:30 pm, 24 de marzo de 2024 a las 6:30 pm.<\/strong><\/p>\n\n\n\n<p><strong>16 al 21 de marzo:<\/strong> Semana de ensayos generales: s\u00e1bado, 16 de marzo, 12 a 5 pm; domingo 17 de marzo, d\u00eda de descanso para actores; 18 al 21 de marzo, horario por determinar; pre-estreno en horario escolar del 21 de marzo.<\/p>","protected":false},"excerpt":{"rendered":"<p>FRIDAY MARCH 22 6:30PM Invisible Ink Cast SATURDAY MARCH 23 1:00pm Invisible Ink Cast SATURDAY MARCH 23 6:30pm Stair to the Sky Cast Sunday March [&hellip;]<\/p>\n","protected":false},"author":1,"featured_media":1434,"parent":0,"menu_order":0,"comment_status":"closed","ping_status":"closed","template":"","meta":{"footnotes":""},"class_list":["post-3492","page","type-page","status-publish","has-post-thumbnail","hentry"],"aioseo_notices":[],"_links":{"self":[{"href":"https:\/\/ptamckinley.org\/es\/wp-json\/wp\/v2\/pages\/3492","targetHints":{"allow":["GET"]}}],"collection":[{"href":"https:\/\/ptamckinley.org\/es\/wp-json\/wp\/v2\/pages"}],"about":[{"href":"https:\/\/ptamckinley.org\/es\/wp-json\/wp\/v2\/types\/page"}],"author":[{"embeddable":true,"href":"https:\/\/ptamckinley.org\/es\/wp-json\/wp\/v2\/users\/1"}],"replies":[{"embeddable":true,"href":"https:\/\/ptamckinley.org\/es\/wp-json\/wp\/v2\/comments?post=3492"}],"version-history":[{"count":10,"href":"https:\/\/ptamckinley.org\/es\/wp-json\/wp\/v2\/pages\/3492\/revisions"}],"predecessor-version":[{"id":3546,"href":"https:\/\/ptamckinley.org\/es\/wp-json\/wp\/v2\/pages\/3492\/revisions\/3546"}],"wp:featuredmedia":[{"embeddable":true,"href":"https:\/\/ptamckinley.org\/es\/wp-json\/wp\/v2\/media\/1434"}],"wp:attachment":[{"href":"https:\/\/ptamckinley.org\/es\/wp-json\/wp\/v2\/media?parent=3492"}],"curies":[{"name":"gracias","href":"https:\/\/api.w.org\/{rel}","templated":true}]}}