{"id":3535,"date":"2024-02-27T20:21:39","date_gmt":"2024-02-28T04:21:39","guid":{"rendered":"https:\/\/ptamckinley.org\/?page_id=3535"},"modified":"2026-02-05T07:37:19","modified_gmt":"2026-02-05T15:37:19","slug":"flowers-for-your-performer","status":"publish","type":"page","link":"https:\/\/ptamckinley.org\/es\/flowers-for-your-performer\/","title":{"rendered":"\u00a1FLORES PARA TU ACTUADOR!"},"content":{"rendered":"<p>Darle un ramo de flores a tu artista despu\u00e9s de su actuaci\u00f3n es una manera dulce de mostrarle lo orgulloso que est\u00e1s de su arduo trabajo, dedicaci\u00f3n y maravillosa actuaci\u00f3n. <strong>Para ordenar, por favor complete el siguiente formulario. <\/strong>Los ingresos ir\u00e1n directamente al fondo McKinley Performing Arts Patrons of the Arts para que podamos continuar ofreciendo una experiencia de artes esc\u00e9nicas de alta calidad a nuestra comunidad cada a\u00f1o.<\/p>\n\n\n\n<p>Tendremos tarjetas a mano para que puedas personalizar tus felicitaciones cuando recojas tu ramo en las concesiones. (Algunas flores individuales tambi\u00e9n estar\u00e1n disponibles para comprar en la feria). Para realizar un pedido, complete el formulario a continuaci\u00f3n. <strong>LA FECHA L\u00cdMITE PARA COMPRAR ES el viernes 27 de febrero de 2026.<\/strong><\/p>\n\n\n<p>Ya no aceptamos pedidos de flores. \u00a1Gracias!<\/p>","protected":false},"excerpt":{"rendered":"<p>Giving your performer a bouquet after their performance is a sweet way to show them how proud you are of their hard work, dedication, and [&hellip;]<\/p>\n","protected":false},"author":1,"featured_media":1434,"parent":0,"menu_order":0,"comment_status":"closed","ping_status":"closed","template":"","meta":{"footnotes":""},"class_list":["post-3535","page","type-page","status-publish","has-post-thumbnail","hentry"],"aioseo_notices":[],"_links":{"self":[{"href":"https:\/\/ptamckinley.org\/es\/wp-json\/wp\/v2\/pages\/3535","targetHints":{"allow":["GET"]}}],"collection":[{"href":"https:\/\/ptamckinley.org\/es\/wp-json\/wp\/v2\/pages"}],"about":[{"href":"https:\/\/ptamckinley.org\/es\/wp-json\/wp\/v2\/types\/page"}],"author":[{"embeddable":true,"href":"https:\/\/ptamckinley.org\/es\/wp-json\/wp\/v2\/users\/1"}],"replies":[{"embeddable":true,"href":"https:\/\/ptamckinley.org\/es\/wp-json\/wp\/v2\/comments?post=3535"}],"version-history":[{"count":9,"href":"https:\/\/ptamckinley.org\/es\/wp-json\/wp\/v2\/pages\/3535\/revisions"}],"predecessor-version":[{"id":3891,"href":"https:\/\/ptamckinley.org\/es\/wp-json\/wp\/v2\/pages\/3535\/revisions\/3891"}],"wp:featuredmedia":[{"embeddable":true,"href":"https:\/\/ptamckinley.org\/es\/wp-json\/wp\/v2\/media\/1434"}],"wp:attachment":[{"href":"https:\/\/ptamckinley.org\/es\/wp-json\/wp\/v2\/media?parent=3535"}],"curies":[{"name":"gracias","href":"https:\/\/api.w.org\/{rel}","templated":true}]}}