{"id":3539,"date":"2024-02-27T20:27:52","date_gmt":"2024-02-28T04:27:52","guid":{"rendered":"https:\/\/ptamckinley.org\/?page_id=3539"},"modified":"2026-02-05T07:32:31","modified_gmt":"2026-02-05T15:32:31","slug":"send-a-special-shout-out-to-your-performer","status":"publish","type":"page","link":"https:\/\/ptamckinley.org\/es\/send-a-special-shout-out-to-your-performer\/","title":{"rendered":"\u00a1Env\u00eda un GRITO especial a tu artista!"},"content":{"rendered":"<p>\u00a1D\u00edgale a su artista que est\u00e1 orgulloso de \u00e9l envi\u00e1ndole un GRITO especial que aparecer\u00e1 en el programa! <strong>\u00a1LA FECHA L\u00cdMITE ES EL 27 DE FEBRERO!<\/strong><\/p>\n\n\n<p>Ya no aceptamos menciones. \u00a1Gracias!<\/p>","protected":false},"excerpt":{"rendered":"<p>Tell your performer that you are proud of them by sending them a special SHOUT OUT which will be featured in the program! DEADLINE IS [&hellip;]<\/p>\n","protected":false},"author":1,"featured_media":1434,"parent":0,"menu_order":0,"comment_status":"closed","ping_status":"closed","template":"","meta":{"footnotes":""},"class_list":["post-3539","page","type-page","status-publish","has-post-thumbnail","hentry"],"aioseo_notices":[],"_links":{"self":[{"href":"https:\/\/ptamckinley.org\/es\/wp-json\/wp\/v2\/pages\/3539","targetHints":{"allow":["GET"]}}],"collection":[{"href":"https:\/\/ptamckinley.org\/es\/wp-json\/wp\/v2\/pages"}],"about":[{"href":"https:\/\/ptamckinley.org\/es\/wp-json\/wp\/v2\/types\/page"}],"author":[{"embeddable":true,"href":"https:\/\/ptamckinley.org\/es\/wp-json\/wp\/v2\/users\/1"}],"replies":[{"embeddable":true,"href":"https:\/\/ptamckinley.org\/es\/wp-json\/wp\/v2\/comments?post=3539"}],"version-history":[{"count":6,"href":"https:\/\/ptamckinley.org\/es\/wp-json\/wp\/v2\/pages\/3539\/revisions"}],"predecessor-version":[{"id":3888,"href":"https:\/\/ptamckinley.org\/es\/wp-json\/wp\/v2\/pages\/3539\/revisions\/3888"}],"wp:featuredmedia":[{"embeddable":true,"href":"https:\/\/ptamckinley.org\/es\/wp-json\/wp\/v2\/media\/1434"}],"wp:attachment":[{"href":"https:\/\/ptamckinley.org\/es\/wp-json\/wp\/v2\/media?parent=3539"}],"curies":[{"name":"gracias","href":"https:\/\/api.w.org\/{rel}","templated":true}]}}