{"id":3731,"date":"2024-10-07T08:45:57","date_gmt":"2024-10-07T15:45:57","guid":{"rendered":"https:\/\/ptamckinley.org\/?page_id=3731"},"modified":"2026-02-06T07:50:32","modified_gmt":"2026-02-06T15:50:32","slug":"jamesandthegiantpeach2025-26","status":"publish","type":"page","link":"https:\/\/ptamckinley.org\/es\/jamesandthegiantpeach2025-26\/","title":{"rendered":"\u00a1James y el melocot\u00f3n gigante el musical 2025-26!"},"content":{"rendered":"<p><strong>Director:<\/strong> Cate Bruce-Low<\/p>\n\n\n\n<p><strong>Correo electr\u00f3nico: <\/strong>tribecayummymummy@gmail.com<\/p>\n\n\n\n<p>PEDIR FLORES <a href=\"https:\/\/ptamckinley.org\/es\/flowers-for-your-performer\/\" title=\"\u00a1FLORES PARA TU ACTUADOR!\">AQU\u00cd<\/a><\/p>\n\n\n\n<p>ORDEN PROGRAMA GRITACIONES <a href=\"https:\/\/ptamckinley.org\/es\/send-a-special-shout-out-to-your-performer\/\" title=\"\u00a1Env\u00eda un GRITO especial a tu artista!\">AQU\u00cd<\/a><\/p>\n\n\n\n<p><\/p>\n\n\n\n<p><\/p>\n\n\n\n<p class=\"has-text-align-center\"><strong>**La inscripci\u00f3n para Equipo T\u00e9cnico\/Dise\u00f1o de Escenograf\u00eda YA EST\u00c1 CERRADA**<\/strong><\/p>\n\n\n\n<p class=\"has-text-align-center\"><strong>**\u00a1NO HAY REEMBOLSOS!**<\/strong><\/p>\n\n\n\n<p><strong>McKinley y PACS <em>James y el melocot\u00f3n gigante Jr.<\/em>\u00a1Las inscripciones para el equipo de backstage, set y t\u00e9cnico ya est\u00e1n CERRADAS!&nbsp;<\/strong><\/p>\n\n\n\n<p><strong>Damos la bienvenida a todos los estudiantes de 4\u00ba a 8\u00ba grado que est\u00e9n interesados en ayudar con el musical de primavera de nuestra escuela.<\/strong><\/p>\n\n\n\n<p>\ud83c\udfa7 Equipo t\u00e9cnico: aprenda sobre sonido de escenario, micr\u00f3fonos e iluminaci\u00f3n.<\/p>\n\n\n\n<p>\ud83c\udfa8 Set Crew: pinta, construye y cose para ayudar a traer el mundo de <em>James y el melocot\u00f3n gigante Jr.<\/em> a la vida.<\/p>\n\n\n\n<p>\ud83c\udfad Equipo de backstage: Mant\u00e9n el espect\u00e1culo funcionando sin problemas detr\u00e1s de escena durante las actuaciones.<\/p>\n\n\n\n<p>\u00a1Nos entusiasma seguir ampliando nuestro equipo de escenario para futuros espect\u00e1culos y eventos! Consulta el formulario de inscripci\u00f3n para conocer los d\u00edas laborables y las fechas de actuaci\u00f3n requeridas.&nbsp;<\/p>\n\n\n\n<p><strong>Las inscripciones cierran el lunes 5 de enero.<\/strong><\/p>\n\n\n\n<p>\u00bfPreguntas sobre la inscripci\u00f3n?<\/p>\n\n\n\n<p>Cate Bruce-Low \u2013 tribecayummymummy@gmail.com&nbsp;<\/p>\n\n\n\n<p>Katie Gill \u2013 bgill@petk12.org<\/p>\n\n\n\n<p><\/p>\n\n\n\n<p><strong>\u00a1La inscripci\u00f3n para McKinley &amp; PACS James and the Giant Peach Jr. (equipo de tramoyistas, dise\u00f1o de escenograf\u00eda y personal t\u00e9cnico) ya est\u00e1 CERRADA!<\/strong><\/p>\n\n\n\n<p>Damos la bienvenida a todos los estudiantes de 4.\u00ba a 8.\u00ba grado interesados \u200b\u200ben colaborar con el musical de primavera de nuestra escuela.<\/p>\n\n\n\n<p>\ud83c\udfa7 Equipo T\u00e9cnico: Aprendan sobre sonido esc\u00e9nico, micr\u00f3fonos e iluminaci\u00f3n.<\/p>\n\n\n\n<p>\ud83c\udfa8 Equipo de Escenario: Pinten, construyeyan y cosan para dar vida al mundo de James y el Melocot\u00f3n Gigante Jr.<\/p>\n\n\n\n<p>\ud83c\udfad Equipo de Trastienda: Mantengan el espect\u00e1culo funcionando sin problemas tras bambalinas durante las presentaciones.<\/p>\n\n\n\n<p>\u00a1Nos entusiasma seguir ampliando nuestro equipo de escenario para futuros espect\u00e1culos y eventos! Consulte el formulario de inscripci\u00f3n para conocer los d\u00edas laborables y las fechas de las funciones requeridas. <strong>La inscripci\u00f3n cierra el lunes 5 de enero.<\/strong><\/p>\n\n\n\n<p>\u00bfPreguntas sobre la inscripci\u00f3n?<\/p>\n\n\n\n<p>Cate Bruce-Low \u2013 tribecayummymummy@gmail.com&nbsp;<\/p>\n\n\n\n<p>Katie Gill \u2013 bgill@petk12.org<\/p>\n\n\n<div class=\"wp-block-image\">\n<figure class=\"aligncenter size-full\"><img loading=\"lazy\" decoding=\"async\" width=\"673\" height=\"331\" src=\"https:\/\/ptamckinley.org\/wp-content\/uploads\/2025\/10\/James-Header.jpg\" alt=\"\" class=\"wp-image-3854\" srcset=\"https:\/\/ptamckinley.org\/wp-content\/uploads\/2025\/10\/James-Header.jpg 673w, https:\/\/ptamckinley.org\/wp-content\/uploads\/2025\/10\/James-Header-300x148.jpg 300w, https:\/\/ptamckinley.org\/wp-content\/uploads\/2025\/10\/James-Header-18x9.jpg 18w\" sizes=\"auto, (max-width: 673px) 100vw, 673px\" \/><\/figure>\n<\/div>\n\n\n<p><strong>Reuni\u00f3n de padres \u2013 1 de diciembre a las 6:30 p. m. v\u00eda Zoom&nbsp;<\/strong><\/p>\n\n\n\n<p>\ud83e\udde1<strong>Enlace de Zoom:&nbsp;<\/strong><\/p>\n\n\n\n<p><a href=\"https:\/\/us06web.zoom.us\/j\/85703150481?pwd=6aJPKiEijDJTyuPGKSZrTN2rhwnGdr.1\" target=\"_blank\" rel=\"noreferrer noopener\">https:\/\/us06web.zoom.us\/j\/85703150481?pwd=6aJPKiEijDJTyuPGKSZrTN2rhwnGdr.1<\/a><\/p>\n\n\n\n<p>\ud83e\udde1<strong>Diapositivas de la reuni\u00f3n de padres y adultos:&nbsp;<\/strong><\/p>\n\n\n\n<p><a href=\"https:\/\/docs.google.com\/presentation\/d\/1WARN-18htbzQ1ABCL2pokl4BhR7iQ3i0Lzhs0FkG9KU\/edit?usp=sharing\" target=\"_blank\" rel=\"noreferrer noopener\">https:\/\/docs.google.com\/presentation\/d\/1WARN-18htbzQ1ABCL2pokl4BhR7iQ3i0Lzhs0FkG9KU\/edit?usp=sharing<\/a><\/p>\n\n\n\n<p>\ud83e\udde1<strong>Contrato de reparto:&nbsp;<\/strong><\/p>\n\n\n\n<p><a href=\"https:\/\/docs.google.com\/document\/d\/1Ckp-Pm_nPhTbXXcjG_zFapDeBmKhy8vjqb2VkPdjDMM\/edit?tab=t.0\" target=\"_blank\" rel=\"noreferrer noopener\">https:\/\/docs.google.com\/document\/d\/1Ckp-Pm_nPhTbXXcjG_zFapDeBmKhy8vjqb2VkPdjDMM\/edit?tab=t.0<\/a>&nbsp;<\/p>\n\n\n\n<p>\ud83e\udde1<strong>Horario de ensayos:&nbsp;<\/strong><\/p>\n\n\n\n<p><a href=\"https:\/\/docs.google.com\/spreadsheets\/d\/1LKMJIjyGsYHbj82v5nwWQzHwnhR4xko0u4oHkojP0gE\/edit?gid=0#gid=0\" target=\"_blank\" rel=\"noreferrer noopener\">https:\/\/docs.google.com\/spreadsheets\/d\/1LKMJIjyGsYHbj82v5nwWQzHwnhR4xko0u4oHkojP0gE\/edit?gid=0#gid=0<\/a><br><\/p>\n\n\n\n<p>\ud83e\udde1<strong>Inscripci\u00f3n para supervisi\u00f3n de ensayos:&nbsp;<\/strong><\/p>\n\n\n\n<p><a href=\"https:\/\/www.signupgenius.com\/go\/5080848A4A62EA6FF2-60344633-james#\">https:\/\/www.signupgenius.com\/go\/5080848A4A62EA6FF2-60344633-james#<\/a><\/p>\n\n\n\n<p>\ud83e\udde1<strong>Encuentra la lista del reparto aqu\u00ed:<\/strong><\/p>\n\n\n\n<p><a href=\"https:\/\/docs.google.com\/document\/d\/1HHz4TIUzKzTFUzSDz2mOfIMLyfxfYDB4hGZIAPlvZjQ\/edit?usp=sharing\">https:\/\/docs.google.com\/document\/d\/1HHz4TIUzKzTFUzSDz2mOfIMLyfxfYDB4hGZIAPlvZjQ\/edit?usp=sharing<\/a><\/p>\n\n\n\n<p>\ud83e\udde1<strong>Diapositivas de la reuni\u00f3n de padres y adultos:&nbsp;<\/strong><\/p>\n\n\n\n<p><a href=\"https:\/\/docs.google.com\/presentation\/d\/1WARN-18htbzQ1ABCL2pokl4BhR7iQ3i0Lzhs0FkG9KU\/edit?usp=sharing\" target=\"_blank\" rel=\"noreferrer noopener\">https:\/\/docs.google.com\/presentation\/d\/1WARN-18htbzQ1ABCL2pokl4BhR7iQ3i0Lzhs0FkG9KU\/edit?usp=sharing<\/a><br><\/p>\n\n\n\n<p>\ud83e\udde1&nbsp;<strong>Contrato de reparto:<\/strong><\/p>\n\n\n\n<p><a href=\"https:\/\/docs.google.com\/document\/d\/1Ckp-Pm_nPhTbXXcjG_zFapDeBmKhy8vjqb2VkPdjDMM\/edit?tab=t.0\">https:\/\/docs.google.com\/document\/d\/1Ckp-Pm_nPhTbXXcjG_zFapDeBmKhy8vjqb2VkPdjDMM\/edit?tab=t.0<\/a><\/p>\n\n\n\n<p>\ud83e\udde1<strong>Horario de ensayos<\/strong>:<\/p>\n\n\n\n<p><a href=\"https:\/\/docs.google.com\/spreadsheets\/d\/1LKMJIjyGsYHbj82v5nwWQzHwnhR4xko0u4oHkojP0gE\/edit?gid=0#gid=0\">https:\/\/docs.google.com\/spreadsheets\/d\/1LKMJIjyGsYHbj82v5nwWQzHwnhR4xko0u4oHkojP0gE\/edit?gid=0#gid=0<\/a><\/p>\n\n\n<div class=\"wp-block-image\">\n<figure class=\"aligncenter size-full\"><img loading=\"lazy\" decoding=\"async\" width=\"382\" height=\"247\" src=\"https:\/\/ptamckinley.org\/wp-content\/uploads\/2025\/10\/James-2.jpg\" alt=\"\" class=\"wp-image-3856\" srcset=\"https:\/\/ptamckinley.org\/wp-content\/uploads\/2025\/10\/James-2.jpg 382w, https:\/\/ptamckinley.org\/wp-content\/uploads\/2025\/10\/James-2-300x194.jpg 300w, https:\/\/ptamckinley.org\/wp-content\/uploads\/2025\/10\/James-2-18x12.jpg 18w\" sizes=\"auto, (max-width: 382px) 100vw, 382px\" \/><\/figure>\n<\/div>\n\n\n<p><\/p>\n\n\n\n<p class=\"has-text-align-center\"><strong>Fechas Importantes\/Fechas Importantes<\/strong><\/p>\n\n\n\n<ul class=\"wp-block-list\">\n<li><strong>Audiciones: <\/strong>Mi\u00e9rcoles, 19 de noviembre de 2025\/ Audiciones: mi\u00e9rcoles 19 de noviembre de 2025, 1:30-5 PM en el McKinley Multi<\/li>\n\n\n\n<li><strong>Devoluciones de llamadas: <\/strong>Viernes 21 de noviembre de 2025, de 15:30 a 18:00 h en el McKinley Multi. No todos los actores ser\u00e1n convocados, pero todos recibir\u00e1n un papel. Enviaremos la lista de convocados por correo electr\u00f3nico a todos los que audicionaron antes de las 20:00 h del mi\u00e9rcoles. Informaci\u00f3n sobre las convocados aqu\u00ed: <a href=\"https:\/\/docs.google.com\/document\/d\/1pcI2csd-mUjpYOUMkJhoaLsdnKT-7HU75lVPwG0vQxo\/edit?tab=t.0#bookmark=id.ucwk822ov14o\">ENLACE<\/a>\/No todos los actores ser\u00e1n convocados, pero a todos se les asignar\u00e1 un papel. Enviaremos por correo electr\u00f3nico la lista de devoluci\u00f3n de llamada a todos los que audicionaron antes de las 8 PM del mi\u00e9rcoles por la noche. Informaci\u00f3n sobre las convocaciones aqu\u00ed: <a href=\"https:\/\/docs.google.com\/document\/d\/1pcI2csd-mUjpYOUMkJhoaLsdnKT-7HU75lVPwG0vQxo\/edit?tab=t.0#bookmark=id.ucwk822ov14o\">rodear a<\/a>.<\/li>\n\n\n\n<li><strong>Lista de reparto enviada por correo electr\u00f3nico\/Lista de reparto enviada por correo electr\u00f3nico:<\/strong> Domingo, 30 de noviembre de 2025\/ Domingo 30 de noviembre<\/li>\n\n\n\n<li><strong>Reuni\u00f3n de padres (Zoom)\/Reuni\u00f3n de padres (Zoom):<\/strong> Lunes 1 de diciembre, 18:30 horas\/Lunes 1 de diciembre a las, 18:30 horas<\/li>\n\n\n\n<li><strong>General Rehearsal Days &amp; Times\/D\u00edas y horarios generales de ensayo: <\/strong>Mi\u00e9rcoles, 3 de diciembre de 2025 \u2013 Viernes, 27 de febrero de 2026, mi\u00e9rcoles 1:30-5 PM y viernes 3:15-6 PM (no todos los actores ser\u00e1n llamados a todos los ensayos, se compartir\u00e1 un horario semanal)\/Mi\u00e9rcoles 3 de diciembre de 2025 \u2013 Viernes 27 de febrero de 2026, mi\u00e9rcoles de 1:30 a 5 pm y viernes de 3:15 a 6 pm (no todos los actores serinserin convocados a todos los ensayos)<\/li>\n\n\n\n<li><strong>Tech Week Rehearsals\/Ensayos de la Semana de la Tecnolog\u00eda:<\/strong> S\u00e1bado, 28 de febrero, 12-5 PM y lunes, 2 de marzo \u2013 jueves, 5 de marzo, horarios TBA\/S\u00e1bado, 28 de febrero, 12:00 \u2013 5:00 PM y del lunes 2 al jueves 5 de marzo, horarios por anunciar (TBA).<\/li>\n\n\n\n<li><strong>Fechas de Actuaci\u00f3n\/Fechas de espect\u00e1culos:<\/strong> Actuaciones escolares compartidas: jueves 5 de marzo (horario por confirmar); Funciones p\u00fablicas: viernes 6 de marzo a las 6:30 p. m., s\u00e1bado 7 de marzo a las 13:30 p. m. y 6:30 p. m., domingo 8 de marzo a las 13:30 p. m.\/Acciones escolares: jueves 5 de marzo (horario por confirmar), viernes 6 de marzo a las 6:30 p. m., s\u00e1bado 7 de marzo a la 1 p. m., ya las 6:30 p. m.; domingo 8 de marzo a la 1 p.m.<\/li>\n<\/ul>\n\n\n<div class=\"wp-block-image\">\n<figure class=\"aligncenter size-full\"><img loading=\"lazy\" decoding=\"async\" width=\"629\" height=\"421\" src=\"https:\/\/ptamckinley.org\/wp-content\/uploads\/2025\/10\/James-3.jpg\" alt=\"\" class=\"wp-image-3859\" srcset=\"https:\/\/ptamckinley.org\/wp-content\/uploads\/2025\/10\/James-3.jpg 629w, https:\/\/ptamckinley.org\/wp-content\/uploads\/2025\/10\/James-3-300x201.jpg 300w, https:\/\/ptamckinley.org\/wp-content\/uploads\/2025\/10\/James-3-18x12.jpg 18w\" sizes=\"auto, (max-width: 629px) 100vw, 629px\" \/><\/figure>\n<\/div>\n\n\n<p class=\"has-text-align-center\"><\/p>\n\n\n<div class=\"wp-block-image\">\n<figure class=\"aligncenter size-full\"><img loading=\"lazy\" decoding=\"async\" width=\"637\" height=\"416\" src=\"https:\/\/ptamckinley.org\/wp-content\/uploads\/2025\/10\/James-4.jpg\" alt=\"\" class=\"wp-image-3860\" srcset=\"https:\/\/ptamckinley.org\/wp-content\/uploads\/2025\/10\/James-4.jpg 637w, https:\/\/ptamckinley.org\/wp-content\/uploads\/2025\/10\/James-4-300x196.jpg 300w, https:\/\/ptamckinley.org\/wp-content\/uploads\/2025\/10\/James-4-18x12.jpg 18w\" sizes=\"auto, (max-width: 637px) 100vw, 637px\" \/><\/figure>\n<\/div>\n\n\n<p class=\"has-text-align-center\"><strong>CANCIONES PARA PREPARACI\u00d3N DE AUDICIONES: <\/strong><em>Por favor escoja uno<\/em>&nbsp;<\/p>\n\n\n\n<p><a href=\"https:\/\/www.youtube.com\/watch?v=jCJOwsBTwBA\"><strong>Pista de ensayo Justo delante de tus ojos<\/strong><\/a><strong> (Ladahlord y Ensemble)<\/strong><\/p>\n\n\n\n<p><strong>Pista de interpretaci\u00f3n Justo delante de tus ojos (Ladahlord y Ensemble)<\/strong><\/p>\n\n\n\n<p><a href=\"https:\/\/www.youtube.com\/watch?v=BaA2MEunnZg\"><strong>Pista de ensayo de camino a casa<\/strong><\/a><strong> (Jaime)<\/strong><\/p>\n\n\n\n<p><strong>Pista de interpretaci\u00f3n &quot;De camino a casa&quot; (James)<\/strong><\/p>\n\n\n\n<p><a href=\"https:\/\/www.google.com\/search?q=rehearsal+tracks+for+james+and+the+giant+peach+jr+plump+and+juicy&amp;sca_esv=f39770ec4cba26fc&amp;udm=7&amp;biw=1353&amp;bih=674&amp;sxsrf=AE3TifPqu-UKeRHdE7fI8dOA876OlrmnAg%3A1753158780373&amp;ei=fBR_aK7LFqitur8P9bXI2Ak&amp;oq=rehearsal+tracks+for+james+and+the+giant+peach+jr+plump+&amp;gs_lp=EhZnd3Mtd2l6LW1vZGVsZXNzLXZpZGVvIjhyZWhlYXJzYWwgdHJhY2tzIGZvciBqYW1lcyBhbmQgdGhlIGdpYW50IHBlYWNoIGpyIHBsdW1wICoCCAEyBRAhGKsCMgUQIRirAjIFECEYnwVI4iVQkglY0RhwAXgAkAEAmAGSAaAB7geqAQMxLje4AQHIAQD4AQGYAgigAroHwgIKEAAYsAMY1gQYR8ICBRAhGKABmAMAiAYBkAYCkgcDMS43oAf2LrIHAzAuN7gHtwfCBwUwLjUuM8gHFw&amp;sclient=gws-wiz-modeless-video#fpstate=ive&amp;ip=1&amp;vld=cid:817da0e1,vid:5ryu9SGdpAc,st:0\"><strong>Pista de ensayo regordeta y jugosa<\/strong><\/a><strong> (T\u00eda Spiker y t\u00eda Sponge)<\/strong><\/p>\n\n\n\n<p><strong>Pista de rendimiento regordeta y jugosa (T\u00eda Spiker y T\u00eda Sponge)<\/strong><\/p>\n\n\n\n<p><strong>Lista de reproducci\u00f3n de YouTube de todas las canciones del programa: <\/strong><a href=\"https:\/\/www.youtube.com\/watch?v=RTXqdmy8xQw&amp;list=PLEOXoUaY2Gyaa78sdljABn9bEozx_EXq1\"><strong>ENLACE<\/strong><\/a><\/p>\n\n\n\n<p><strong>Lista de reproducci\u00f3n de YouTube con todas las canciones del programa: <\/strong><a href=\"https:\/\/www.youtube.com\/watch?v=RTXqdmy8xQw&amp;list=PLEOXoUaY2Gyaa78sdljABn9bEozx_EXq1\"><strong>RODEAR A<\/strong><\/a><\/p>\n\n\n\n<p><\/p>\n\n\n\n<p class=\"has-text-align-center\"><strong>Descripciones de personajes\/descripciones de personajes (MTI)<\/strong><\/p>\n\n\n\n<ul class=\"wp-block-list\">\n<li><strong>Se\u00f1or Dios: <\/strong>Es un personaje misterioso que parece tener algo que ver con los sucesos m\u00e1gicos. Aunque parezca un poco raro, cuida atentamente de James, asegur\u00e1ndose de que avance hacia una vida mejor. Ladahlord tambi\u00e9n act\u00faa como narrador gu\u00eda a lo largo de la historia. Este es el papel perfecto para un cantante con talento. <strong><em>y<\/em><\/strong> bailar\u00edn<\/li>\n\n\n\n<li><strong>Se\u00f1or Dios<\/strong>: Es un personaje misterioso que parece tener algo que ver con los sucesos m\u00e1gicos. Aunque parezca un poco raro, cuida atentamente de James, asegur\u00e1ndose de que avance hacia una vida mejor. Ladahlord tambi\u00e9n act\u00faa como narrador gu\u00eda a lo largo de la historia. Este es el papel perfecto para un cantante y bailar\u00edn con talento.<\/li>\n\n\n\n<li><strong>JAIME: <\/strong>\u00c9l es el h\u00e9roe de nuestra historia, en una b\u00fasqueda \u00e9pica para encontrar una familia propia y ganar confianza en s\u00ed mismo.&nbsp;<\/li>\n\n\n\n<li><strong>JAIME: <\/strong>\u00c9l es el h\u00e9roe de nuestra historia, en una b\u00fasqueda \u00e9pica para encontrar una familia propia y ganar confianza en s\u00ed mismo.<\/li>\n\n\n\n<li><strong>MARIQUITA: <\/strong>Inmediatamente asume un rol maternal y cari\u00f1oso en la vida de Jame. Tiene un porte dulce y majestuoso.<\/li>\n\n\n\n<li><strong>MARIQUITA:<\/strong> Inmediatamente asume un papel maternal y cari\u00f1oso en la vida de Jame. Tiene una puerta dulce y majestuosa.<\/li>\n\n\n\n<li><strong>SALTAMONTES: <\/strong>Es el l\u00edder de los Insectos, siempre optimista y asume un papel paternal en la vida de James. Esto es para un actor que canta bien, pero tambi\u00e9n tiene una presencia c\u00e1lida y acogedora.<\/li>\n\n\n\n<li><strong>SALTAMONTES:<\/strong> Es el l\u00edder de los Insectos, siempre optimista y asume un papel paternal en la vida de James. Esto es para un actor que canta bien, pero tambi\u00e9n tiene una presencia c\u00e1lida y acogedora.<\/li>\n\n\n\n<li><strong>ARA\u00d1A: <\/strong>Es una criatura inteligente que se convierte en la hermana mayor y divertida de James. Tiene una personalidad vivaz y una voz magn\u00edfica.<\/li>\n\n\n\n<li><strong>ARA\u00d1A:<\/strong> Es una criatura inteligente que se convierte en la hermana mayor y divertida de James. Tiene una personalidad vivaz y una voz magn\u00edfica.<\/li>\n\n\n\n<li><strong>LOMBRIZ: <\/strong>Son un esp\u00edritu apacible, aunque a veces un poco cobardes. Por suerte, Earthworm encuentra el coraje suficiente para salvar el d\u00eda provocando a unas gaviotas ingenuas. Earthworm ve a James como un hermano. Son muy graciosos, est\u00e1n listos para cantar a todo pulm\u00f3n y son un poco extravagantes.<\/li>\n\n\n\n<li><strong>LOMBRIZ DE TIERRA:<\/strong> Son un esp\u00edritu apacible, aunque a veces un poco cobardes. Por suerte, Lombriz de Tierra se arma de valor para salvar el d\u00eda provocando a unas gaviotas ingenuas. Lombriz de Tierra ve a James como un hermano. Son muy graciosos, est\u00e1n listos para cantar a todo pulm\u00f3n y son un poco extravagantes.<\/li>\n\n\n\n<li><strong>CIEMPI\u00c9S: <\/strong>Puede que sea un poco gru\u00f1\u00f3n, pero es siempre leal a la manada, y al final de la historia, se ha ganado a James. James ve a Ciempi\u00e9s como ese t\u00edo cascarrabias con un coraz\u00f3n de oro. Es un papel para un buen cantante y un actor de car\u00e1cter fuerte.<\/li>\n\n\n\n<li><strong>CIEMPI\u00c9S:<\/strong> Puede que sea un poco gru\u00f1\u00f3n, pero es siempre leal a la manada, y al final de la historia, se ha ganado a James. James ve a Ciempi\u00e9s como ese t\u00edo cascarrabias con un coraz\u00f3n de oro. Es un papel para un buen cantante y un actor de car\u00e1cter fuerte.<\/li>\n\n\n\n<li><strong>Spiker y Sponge: <\/strong>Son el tipo de t\u00edas (o monstruos) con las que temes quedarte atrapado. Reciben a James en su casa, pero solo para que sea su sirviente personal. Spiker es el cerebro de la operaci\u00f3n, y Sponge se preocupa m\u00e1s por encontrar algo que comer. Estos dos deben ser cantantes y actores fant\u00e1sticos, divertid\u00edsimos y con un acento brit\u00e1nico de clase media-baja excepcional.<\/li>\n\n\n\n<li><strong>Spiker y Sponge:<\/strong> Son el tipo de t\u00edas (o monstruos) con las que temas quedar\u00e1n atrapados. Recibe a James en su casa, pero solo para que sea su sirviente personal. Spiker es el cerebro de la operaci\u00f3n, y Sponge se preocupa m\u00e1s por encontrar algo que comer. Estos dos deben ser cantantes y actores fant\u00e1sticos, divertid\u00edsimos y con un acento brit\u00e1nico de clase media-baja excepcional.<\/li>\n\n\n\n<li><strong>SR. TROTTER, SRA. TROTTER, KARL KREATOUR, MULTITUD DEL ZOOL\u00d3GICO: <\/strong>Todos son parte de la pesadilla de James. Son papeles destacados.<\/li>\n\n\n\n<li><strong>SR. TROTTER, SRA. TROTTER, KARL KREATOUR, GENTE DEL ZOOL\u00d3GICO: <\/strong>Todos forman parte de la pesadilla de James. Son papeles destacados.<\/li>\n\n\n\n<li><strong>ENFERMERA MATRONA: <\/strong>Dirige el Orfanato Painswick, y sin duda da la sensaci\u00f3n de que no ha tenido vacaciones en a\u00f1os. Es un gran papel para una actriz de reparto.<\/li>\n\n\n\n<li><strong>ENFERMERA MATRONA:<\/strong> Dirige el Orfanato Painswick, y sin duda da la sensaci\u00f3n de que no ha tenido vacaciones en a\u00f1os. Es un gran papel para una actriz de reparto.<\/li>\n\n\n\n<li><strong>BILLY Y BOBBY COP: <\/strong>Son una pareja de polic\u00edas perfectamente unida que trabajan para Scotland Yard (la polic\u00eda brit\u00e1nica). Deber\u00edan ser actores divertidos que puedan trabajar bien juntos.<\/li>\n\n\n\n<li><strong>BILLY Y BOBBY COP:<\/strong> Son una pareja de polic\u00edas perfectamente unidos que trabajan para Scotland Yard (la polic\u00eda brit\u00e1nica). Deber\u00edan ser actores divertidos que pudieran trabajar bien juntos.<\/li>\n<\/ul>\n\n\n<div class=\"wp-block-image\">\n<figure class=\"aligncenter size-full\"><img loading=\"lazy\" decoding=\"async\" width=\"282\" height=\"356\" src=\"https:\/\/ptamckinley.org\/wp-content\/uploads\/2025\/10\/James-5.jpg\" alt=\"\" class=\"wp-image-3861\" srcset=\"https:\/\/ptamckinley.org\/wp-content\/uploads\/2025\/10\/James-5.jpg 282w, https:\/\/ptamckinley.org\/wp-content\/uploads\/2025\/10\/James-5-238x300.jpg 238w, https:\/\/ptamckinley.org\/wp-content\/uploads\/2025\/10\/James-5-10x12.jpg 10w\" sizes=\"auto, (max-width: 282px) 100vw, 282px\" \/><\/figure>\n<\/div>","protected":false},"excerpt":{"rendered":"<p>Director: Cate Bruce-Low Email: tribecayummymummy@gmail.com ORDER FLOWERS HERE ORDER PROGRAM SHOUT OUTS HERE **Tech Crew\/Set Design enrollment IS NOW CLOSED** **NO REFUNDS!** McKinley &amp; PACS [&hellip;]<\/p>\n","protected":false},"author":1,"featured_media":1434,"parent":0,"menu_order":0,"comment_status":"closed","ping_status":"closed","template":"","meta":{"footnotes":""},"class_list":["post-3731","page","type-page","status-publish","has-post-thumbnail","hentry"],"aioseo_notices":[],"_links":{"self":[{"href":"https:\/\/ptamckinley.org\/es\/wp-json\/wp\/v2\/pages\/3731","targetHints":{"allow":["GET"]}}],"collection":[{"href":"https:\/\/ptamckinley.org\/es\/wp-json\/wp\/v2\/pages"}],"about":[{"href":"https:\/\/ptamckinley.org\/es\/wp-json\/wp\/v2\/types\/page"}],"author":[{"embeddable":true,"href":"https:\/\/ptamckinley.org\/es\/wp-json\/wp\/v2\/users\/1"}],"replies":[{"embeddable":true,"href":"https:\/\/ptamckinley.org\/es\/wp-json\/wp\/v2\/comments?post=3731"}],"version-history":[{"count":9,"href":"https:\/\/ptamckinley.org\/es\/wp-json\/wp\/v2\/pages\/3731\/revisions"}],"predecessor-version":[{"id":3895,"href":"https:\/\/ptamckinley.org\/es\/wp-json\/wp\/v2\/pages\/3731\/revisions\/3895"}],"wp:featuredmedia":[{"embeddable":true,"href":"https:\/\/ptamckinley.org\/es\/wp-json\/wp\/v2\/media\/1434"}],"wp:attachment":[{"href":"https:\/\/ptamckinley.org\/es\/wp-json\/wp\/v2\/media?parent=3731"}],"curies":[{"name":"gracias","href":"https:\/\/api.w.org\/{rel}","templated":true}]}}