{"id":930,"date":"2020-06-22T01:58:24","date_gmt":"2020-06-22T01:58:24","guid":{"rendered":"https:\/\/ptamckinley.org\/?page_id=930"},"modified":"2021-09-06T13:37:09","modified_gmt":"2021-09-06T20:37:09","slug":"boxtops","status":"publish","type":"page","link":"https:\/\/ptamckinley.org\/es\/boxtops\/","title":{"rendered":"Recorte de BoxTops de forma f\u00e1cil con la aplicaci\u00f3n BoxTops"},"content":{"rendered":"<div class=\"wp-block-getwid-image-box has-image-left has-text-center has-mobile-layout-default has-mobile-alignment-default\"><div class=\"wp-block-getwid-image-box__image-container is-position-top\"><div class=\"wp-block-getwid-image-box__image-wrapper\"><img loading=\"lazy\" decoding=\"async\" width=\"800\" height=\"568\" src=\"https:\/\/ptamckinley.org\/wp-content\/uploads\/2020\/11\/boxtops-e1630267524148.jpg\" alt=\"\" class=\"wp-block-getwid-image-box__image wp-image-1455\" srcset=\"https:\/\/ptamckinley.org\/wp-content\/uploads\/2020\/11\/boxtops-e1630267524148.jpg 800w, https:\/\/ptamckinley.org\/wp-content\/uploads\/2020\/11\/boxtops-e1630267524148-300x213.jpg 300w, https:\/\/ptamckinley.org\/wp-content\/uploads\/2020\/11\/boxtops-e1630267524148-768x545.jpg 768w, https:\/\/ptamckinley.org\/wp-content\/uploads\/2020\/11\/boxtops-e1630267524148-18x12.jpg 18w\" sizes=\"auto, (max-width: 800px) 100vw, 800px\" \/><\/div><\/div><div class=\"wp-block-getwid-image-box__content\">\n<h3 class=\"wp-block-heading\">Los BoxTops son una forma f\u00e1cil de ganar dinero para McKinley. Se pueden encontrar en un&nbsp;<a href=\"https:\/\/www.boxtops4education.com\/Participating-Products-Page\" target=\"_blank\" rel=\"noreferrer noopener\">gran selecci\u00f3n de productos<\/a>&nbsp;y cada uno vale 10 centavos. En el pasado, hemos recibido hasta $400 en un a\u00f1o escolar gracias a BoxTops. \u00a1Cada uno de ellos cuenta!<\/h3>\n<\/div><\/div>\n\n\n\n<p><strong>\u00bfC\u00f3mo canjear clips digitales (tambi\u00e9n conocidos como etiquetas)?<\/strong><br>Necesitar\u00e1 el recibo de la tienda y la aplicaci\u00f3n BoxTops. \u00a1Recuerde que los recibos caducan despu\u00e9s de 14 d\u00edas!&nbsp;<\/p>\n\n\n\n<ol class=\"wp-block-list\"><li>Configurar en la aplicaci\u00f3n<ol><li><a href=\"https:\/\/btfe.smart.link\/c2jjdifkw?referral_code=UEPR11GJ\" target=\"_blank\" rel=\"noreferrer noopener\">Descargue la aplicaci\u00f3n BoxTops for Education<\/a>&nbsp;en su tienda de aplicaciones (use este&nbsp;<a href=\"https:\/\/btfe.smart.link\/c2jjdifkw?referral_code=UEPR11GJ\" target=\"_blank\" rel=\"noreferrer noopener\">Enlace de referencia<\/a>&nbsp;para obtener 20 puntos extra cuando escanee su primer recibo)<\/li><li>Cree una cuenta y seleccione \u201cMcKinley Elementary School\u201d como su beneficiario<\/li><\/ol><\/li><li>Si tiene un recibo en papel: escanee el recibo de la tienda con la aplicaci\u00f3n.&nbsp;<\/li><li>Si tiene un recibo digital: env\u00ede el recibo por correo electr\u00f3nico a&nbsp;<a href=\"mailto:receipts@boxtops4education.com\" target=\"_blank\" rel=\"noreferrer noopener\">receipts@boxtops4education.com<\/a>. Consulte los minoristas participantes y obtenga m\u00e1s informaci\u00f3n<a href=\"https:\/\/www.boxtops4education.com\/emailgroceryreceipts\" target=\"_blank\" rel=\"noreferrer noopener\">&nbsp;aqu\u00ed<\/a>.<\/li><li>Dale cr\u00e9dito a tu estudiante<ol><li>Aseg\u00farese de tener la versi\u00f3n de la aplicaci\u00f3n m\u00e1s actualizada.&nbsp;<\/li><li>En la aplicaci\u00f3n, haga clic en el cuadro de informaci\u00f3n de la escuela en la parte superior de la pantalla, luego haga clic en la transacci\u00f3n que desea acreditar. Despl\u00e1cese m\u00e1s all\u00e1 de la lista de productos comprados y haga clic en &quot;Dar cr\u00e9dito&quot; en la parte inferior de la pantalla.<\/li><\/ol><\/li><li>\u00a1Est\u00e1s listo!<\/li><\/ol>\n\n\n\n<p><strong>\u00bfC\u00f3mo canjear clips de papel?<\/strong><br>Este programa est\u00e1 llegando a su fin, pero si a\u00fan tiene clips de BoxTops no vencidos, ll\u00e9velos a la oficina de McKinley antes de la fecha l\u00edmite de primavera \/ oto\u00f1o.<\/p>\n\n\n\n<p><strong>No olvides<\/strong><\/p>\n\n\n\n<ol class=\"wp-block-list\"><li>Aseg\u00farese de escanear el recibo dentro de los 14 d\u00edas posteriores a la compra. De lo contrario, esos BoxTops se perder\u00e1n ... \u00a1para siempre!<\/li><li>\u00bfA\u00fan no tienes claro? Revisar la&nbsp;<a href=\"https:\/\/www.boxtops4education.com\/\" target=\"_blank\" rel=\"noreferrer noopener\">Sitio web de BoxTopsForEducation<\/a>&nbsp;o mira estos videos<a href=\"https:\/\/youtu.be\/Hh94b2BvFK4\" target=\"_blank\" rel=\"noreferrer noopener\">Aplicaci\u00f3n BoxTops<\/a>,&nbsp;<a href=\"https:\/\/youtu.be\/v-bNcykyK5Y\" target=\"_blank\" rel=\"noreferrer noopener\">C\u00f3mo escanear<\/a>,&nbsp;<a href=\"https:\/\/youtu.be\/7zL4gsIIZhY\" target=\"_blank\" rel=\"noreferrer noopener\">C\u00f3mo dar cr\u00e9dito<\/a>).<\/li><\/ol>","protected":false},"excerpt":{"rendered":"<p>How to redeem Digital Clips (aka Labels)?You will need your store receipt and the BoxTops App.&nbsp;Remember receipts expire after 14 days!&nbsp; Get set up on [&hellip;]<\/p>\n","protected":false},"author":1,"featured_media":1434,"parent":0,"menu_order":0,"comment_status":"closed","ping_status":"closed","template":"","meta":{"footnotes":""},"class_list":["post-930","page","type-page","status-publish","has-post-thumbnail","hentry"],"aioseo_notices":[],"_links":{"self":[{"href":"https:\/\/ptamckinley.org\/es\/wp-json\/wp\/v2\/pages\/930","targetHints":{"allow":["GET"]}}],"collection":[{"href":"https:\/\/ptamckinley.org\/es\/wp-json\/wp\/v2\/pages"}],"about":[{"href":"https:\/\/ptamckinley.org\/es\/wp-json\/wp\/v2\/types\/page"}],"author":[{"embeddable":true,"href":"https:\/\/ptamckinley.org\/es\/wp-json\/wp\/v2\/users\/1"}],"replies":[{"embeddable":true,"href":"https:\/\/ptamckinley.org\/es\/wp-json\/wp\/v2\/comments?post=930"}],"version-history":[{"count":5,"href":"https:\/\/ptamckinley.org\/es\/wp-json\/wp\/v2\/pages\/930\/revisions"}],"predecessor-version":[{"id":1848,"href":"https:\/\/ptamckinley.org\/es\/wp-json\/wp\/v2\/pages\/930\/revisions\/1848"}],"wp:featuredmedia":[{"embeddable":true,"href":"https:\/\/ptamckinley.org\/es\/wp-json\/wp\/v2\/media\/1434"}],"wp:attachment":[{"href":"https:\/\/ptamckinley.org\/es\/wp-json\/wp\/v2\/media?parent=930"}],"curies":[{"name":"gracias","href":"https:\/\/api.w.org\/{rel}","templated":true}]}}