{"id":933,"date":"2020-06-22T02:10:01","date_gmt":"2020-06-22T02:10:01","guid":{"rendered":"https:\/\/ptamckinley.org\/?page_id=933"},"modified":"2021-08-16T09:30:49","modified_gmt":"2021-08-16T16:30:49","slug":"become-a-member","status":"publish","type":"page","link":"https:\/\/ptamckinley.org\/es\/become-a-member\/","title":{"rendered":"\u00bfPor qu\u00e9 hacerse miembro?"},"content":{"rendered":"<p><\/p>\n\n\n\n<p><\/p>\n\n\n\n<p><\/p>\n\n\n\n<p>La PTA ofrece a todos los padres y cuidadores la oportunidad de participar en el potencial de sus hijos. Ser miembro de la PTA significa que es parte de una asociaci\u00f3n poderosa y un plan de acci\u00f3n que se centra en programas e iniciativas que fortalecen la educaci\u00f3n de cada ni\u00f1o y la asociaci\u00f3n entre la familia y la escuela. Lo invitamos a unirse a la PTA para su hijo y para cada ni\u00f1o porque aumentar nuestra membres\u00eda, incluso en una, hace posible proporcionar importantes recursos educativos, hablar sobre temas importantes y crear una comunidad escolar m\u00e1s s\u00f3lida.\u00a0\u00a0 <\/p>\n\n\n\n<p>Al unirte a la PTA, nos ayudas <strong>satisfacer las necesidades de nuestra escuela que est\u00e1n fuera del alcance de su presupuesto<\/strong>. Tambi\u00e9n obtienes grandes descuentos, a nivel local y nacional. Si tu <em>escoger <\/em>(\u00a1no es obligatorio!) para ir un paso m\u00e1s all\u00e1 y ofrecerse como voluntario para ayudar con los eventos, o unirse a nuestra junta, usted establece un buen ejemplo a seguir para nuestros estudiantes, y <strong>animar mucho<\/strong> nuestros estudiantes, maestros y personal.<\/p>\n\n\n\n<div class=\"wp-block-buttons is-layout-flex wp-block-buttons-is-layout-flex\">\n<div class=\"wp-block-button\"><a class=\"wp-block-button__link\" href=\"https:\/\/ptamckinley.org\/es\/membership\/\">\u00fanete a la pta<\/a><\/div>\n<\/div>\n\n\n\n<h2 class=\"wp-block-heading\">Preguntas frecuentes sobre la PTA:<\/h2>\n\n\n\n<p><\/p>\n\n\n\n<p><strong>\u00bfA d\u00f3nde va mi dinero cuando pago las cuotas de membres\u00eda o hago una donaci\u00f3n?<\/strong><\/p>\n\n\n\n<p>Las cuotas de membres\u00eda de la PTA apoyan a cada estudiante al financiar las necesidades educativas y curriculares esenciales, incluida la defensa en nombre de los ni\u00f1os y educadores a nivel local, estatal y nacional; y la construcci\u00f3n de una comunidad escolar inclusiva para todas las familias. Visite nuestro<a href=\"https:\/\/ptamckinley.org\/es\/pta-accomplishments\/\" title=\"Logros de la PTA\" target=\"_blank\" rel=\"noreferrer noopener\"> Logros de la PTA<\/a> p\u00e1gina para obtener una lista extensa del apoyo que la PTA ha brindado en los a\u00f1os anteriores.<\/p>\n\n\n\n<p><strong>\u00bfLa membres\u00eda de la PTA requiere ser voluntario o asistir a reuniones?<\/strong><\/p>\n\n\n\n<p>\u00a1No! Cualquier cosa que le gustar\u00eda dar es apreciada pero no requerida, ya sea tiempo, dinero o simplemente mostrando su apoyo siendo miembro apoyar\u00e1 su potencial y el de todos los dem\u00e1s ni\u00f1os.\u00a0<\/p>\n\n\n\n<p><strong>\u00bfCu\u00e1nto tiempo tengo para comprometerme a ser miembro de la PTA?<\/strong><\/p>\n\n\n\n<p>\u00a1Ninguno! La membres\u00eda en la PTA es una manera f\u00e1cil de mostrar su apoyo a su hijo, sus compa\u00f1eros de estudios, maestros, personal, administraci\u00f3n y familias en nuestra comunidad. No hay obligaci\u00f3n ni presi\u00f3n para ser voluntario o dar tiempo o dinero.\u00a0\u00a0<\/p>\n\n\n\n<p><strong>\u00bfNo es la PTA un club social o un grupo de recaudaci\u00f3n de fondos para amas de casa?<\/strong><\/p>\n\n\n\n<p>\u00a1No! En primer lugar, la PTA es para todas las familias que tienen un hijo en la escuela. \u00a1PTA es para mam\u00e1s, pap\u00e1s, cuidadores, abuelos, maestros, personal, administraci\u00f3n y la comunidad en general!&nbsp;&nbsp;<\/p>\n\n\n\n<p>Si bien parte del trabajo realizado por la PTA puede parecer social, incluidos eventos familiares como Zumba, Intercultural Cafe o Spring Social, gran parte del trabajo de la PTA se centra en identificar lo que los estudiantes, las familias y los maestros sienten que son las mayores necesidades de nuestra comunidad y luego trabajar para financiar las necesidades esenciales. los recursos escolares y las necesidades del plan de estudios, as\u00ed como la promoci\u00f3n a nivel local, estatal y nacional, lo que influye en las decisiones que afectan la salud, la seguridad y la calidad de la educaci\u00f3n de cada ni\u00f1o.<\/p>\n\n\n\n<p><strong>\u00bfC\u00f3mo se asegura la PTA de representar a cada ni\u00f1o y familia en la escuela?<\/strong><\/p>\n\n\n\n<p>Alentamos a todas las familias de la escuela a que se conviertan en miembros de la PTA para apoyar el \u00e9xito de sus hijos. Queremos una base de miembros diversa que refleje todas las familias y necesidades de los estudiantes de la escuela. La PTA fortalece las conexiones entre su familia, los compa\u00f1eros de clase de su hijo y sus familias y maestros para construir una comunidad pr\u00f3spera e inclusiva para todos.\u00a0<\/p>\n\n\n\n<p><\/p>\n\n\n\n<p><strong>McKinley PTA lo invita a<a href=\"https:\/\/ptamckinley.org\/es\/membership\/\" target=\"_blank\" rel=\"noreferrer noopener\" title=\"\u00danase a la PTA\"> \u00danase a la PTA hoy<\/a>!!<\/strong><\/p>\n\n\n\n<p>La comunidad de McKinley PTA da la bienvenida y fomenta el liderazgo, el voluntariado y la membres\u00eda de TODAS nuestras familias. La PTA es para TODOS los involucrados en nuestra escuela, incluidos los padres, los cuidadores, los abuelos, los maestros, el personal y la comunidad en general.<\/p>\n\n\n\n<p>\u00a1Nuestro objetivo es tener la participaci\u00f3n de 100% antes del 8 de octubre, una semana despu\u00e9s del Jog-A-Thon!<\/p>\n\n\n\n<p>La membres\u00eda es $10 por persona. Puede inscribir a un miembro de la familia o estudiante para $10 o agregar una membres\u00eda para cada miembro de la familia por un $10 adicional por persona. Somos una comunidad inclusiva y valoramos la participaci\u00f3n de todas las familias. \u00a1Nadie ser\u00e1 rechazado por falta de fondos!<\/p>\n\n\n\n<p>\u00bfPreguntas? Comun\u00edquese con nuestra Coordinadora de Membres\u00edas, Staci Stern al <a>McKPTAVP@gmail.com<\/a>&nbsp;<\/p>\n\n\n\n<h2 class=\"wp-block-heading\">\u00bfQuiere m\u00e1s est\u00edmulo para unirse?<\/h2>\n\n\n\n<ul class=\"wp-block-list\"><li><strong>Beneficiar a su hijo<\/strong>. Al hacerlo, tambi\u00e9n ayudas a tu escuela.<\/li><li><strong>Conectarse<\/strong>. No hay mejor manera de saber qu\u00e9 est\u00e1 pasando en tu escuela.<\/li><li><strong>Toque en una red<\/strong>. Las funciones de la PTA son oportunidades para conocer a otros padres y maestros, establecer una buena relaci\u00f3n y discutir temas que est\u00e1n en su mente. Le brinda un foro para discutir \/ compartir ideas, inquietudes y experiencias.<\/li><li><strong>M\u00edrate crecer<\/strong>. Al ofrecerse como voluntario con su PTA, utiliza sus habilidades y pasatiempos para una causa noble: su hijo y todos los ni\u00f1os de la comunidad.<\/li><li><strong>Hablar alto<\/strong>. La PTA puede ser una forma de sugerir cambios de manera efectiva en la escuela de su hijo.<\/li><li><strong>Mejora de testigos<\/strong>. Al participar en la escuela de su hijo, usted ser\u00e1 parte de la soluci\u00f3n y ayudar\u00e1 a realizar cambios positivos.<\/li><li><strong>Se un ejemplo a seguir<\/strong>. Al convertirse en miembro de la PTA, le demostrar\u00e1 a su hijo la importancia que le da a la educaci\u00f3n.<\/li><li><strong>S\u00e9 parte de algo m\u00e1s grande<\/strong>. La PTA desempe\u00f1a un papel importante en la generaci\u00f3n de fondos muy necesarios para una serie de requisitos cr\u00edticos, que incluyen proporcionar mejoras en el edificio, eventos sociales y programas basados en el plan de estudios. <a href=\"https:\/\/ptamckinley.org\/es\/membership\/\" title=\"\u00danase a la PTA\">\u00a1Hazte miembro!<\/a><\/li><\/ul>\n\n\n\n<p><\/p>\n\n\n\n<h2 class=\"wp-block-heading\">Si me uno, \u00bftengo que hacerlo?<\/h2>\n\n\n\n<ul class=\"wp-block-list\"><li><strong>\u00bfIr a las reuniones?<\/strong><br>No. Usted puede asistir a nuestras reuniones generales. Solo los miembros pueden votar.<\/li><li><strong>\u00bfSer voluntario o pasar mucho tiempo en la escuela?<\/strong><br>No! Unirse a la PTA no es lo mismo que ser voluntario. Si elige ser voluntario, nos ENCANTAR\u00cdA la ayuda, pero no se requiere ser voluntario.<\/li><\/ul>","protected":false},"excerpt":{"rendered":"<p>PTA offers all parents and caregivers the opportunity to be engaged in their child\u2019s potential.\u00a0 Being a member of PTA means that you are part [&hellip;]<\/p>\n","protected":false},"author":1,"featured_media":1434,"parent":0,"menu_order":0,"comment_status":"closed","ping_status":"closed","template":"","meta":{"footnotes":""},"class_list":["post-933","page","type-page","status-publish","has-post-thumbnail","hentry"],"aioseo_notices":[],"_links":{"self":[{"href":"https:\/\/ptamckinley.org\/es\/wp-json\/wp\/v2\/pages\/933","targetHints":{"allow":["GET"]}}],"collection":[{"href":"https:\/\/ptamckinley.org\/es\/wp-json\/wp\/v2\/pages"}],"about":[{"href":"https:\/\/ptamckinley.org\/es\/wp-json\/wp\/v2\/types\/page"}],"author":[{"embeddable":true,"href":"https:\/\/ptamckinley.org\/es\/wp-json\/wp\/v2\/users\/1"}],"replies":[{"embeddable":true,"href":"https:\/\/ptamckinley.org\/es\/wp-json\/wp\/v2\/comments?post=933"}],"version-history":[{"count":7,"href":"https:\/\/ptamckinley.org\/es\/wp-json\/wp\/v2\/pages\/933\/revisions"}],"predecessor-version":[{"id":1721,"href":"https:\/\/ptamckinley.org\/es\/wp-json\/wp\/v2\/pages\/933\/revisions\/1721"}],"wp:featuredmedia":[{"embeddable":true,"href":"https:\/\/ptamckinley.org\/es\/wp-json\/wp\/v2\/media\/1434"}],"wp:attachment":[{"href":"https:\/\/ptamckinley.org\/es\/wp-json\/wp\/v2\/media?parent=933"}],"curies":[{"name":"gracias","href":"https:\/\/api.w.org\/{rel}","templated":true}]}}