{"id":977,"date":"2020-06-24T04:29:45","date_gmt":"2020-06-24T04:29:45","guid":{"rendered":"https:\/\/ptamckinley.org\/?page_id=977"},"modified":"2025-08-20T13:47:00","modified_gmt":"2025-08-20T20:47:00","slug":"get-involved","status":"publish","type":"page","link":"https:\/\/ptamckinley.org\/es\/get-involved\/","title":{"rendered":"Como Involucrarse"},"content":{"rendered":"<h3 class=\"wp-block-heading has-text-align-left\">\u00a1Buscamos voluntarios! \u00a1Inscr\u00edbete! <a href=\"https:\/\/www.signupgenius.com\/go\/5080848A4A62EA6FF2-57995248-volunteer#\/\" title=\"\">\u00a1AQU\u00cd!<\/a><\/h3>\n\n\n\n<h4 class=\"wp-block-heading\"><a href=\"https:\/\/ptamckinley.org\/es\/mustang-social-spring-fundraiser\/\" target=\"_blank\" rel=\"noreferrer noopener\">\u00a1JOG-A-THON!<\/a>&nbsp; \u2013 Diversos cambios el 3 de octubre de 2025 (y previos al evento)<\/h4>\n\n\n\n<p>\u00a1Nuestro Jog-a-thon se llevar\u00e1 a cabo el 3 de octubre de 2025 en la Escuela McKinley desde el momento de dejar a los ni\u00f1os hasta el almuerzo!<\/p>\n\n\n\n<p><strong>Necesitamos voluntarios para los d\u00edas previos al evento y turnos a lo largo del d\u00eda.<\/strong> del evento para asegurar patrocinadores corporativos, configurar, administrar mesas de estilo, administrar refrigerios\/bebidas, contar vueltas, ayudar con el registro\/salida del evento, limpieza y, lo que es m\u00e1s importante, \u00a1ANIMALE A LOS NI\u00d1OS!<\/p>\n\n\n\n<div class=\"wp-block-buttons is-layout-flex wp-block-buttons-is-layout-flex\">\n<div class=\"wp-block-button\"><a class=\"wp-block-button__link wp-element-button\" href=\"https:\/\/www.signupgenius.com\/go\/5080848A4A62EA6FF2-57995248-volunteer#\/\">Reg\u00edstrate ahora<\/a><\/div>\n<\/div>\n\n\n\n<hr class=\"wp-block-separator has-css-opacity\"\/>\n\n\n\n<h4 class=\"wp-block-heading\"><a href=\"https:\/\/ptamckinley.org\/es\/get-involved\/lunch-duty-volunteers-needed\/\" target=\"_blank\" rel=\"noreferrer noopener\">Recreo y Almuerzo<strong> <\/strong>voluntarios<\/a>!<\/h4>\n\n\n\n<p>Ofr\u00e9zcase como voluntario para la supervisi\u00f3n durante el recreo (10:05 a. m. a 10:45 a. m.) o durante el almuerzo (11:45 a. m. a 1:00 p. m.) (solo una vez O m\u00e1s si lo desea).<\/p>\n\n\n\n<p>Los voluntarios apoyar\u00e1n el recreo y\/o la hora del almuerzo\/recreo para los estudiantes de 1.\u00b0 a 8.\u00b0 grado (los padres de TK y K tambi\u00e9n son bienvenidos como voluntarios). Ayudar\u00e1s durante dos per\u00edodos de tiempo, 1\u00b0 a 3\u00b0 grado y\/o 4\u00b0 a 8\u00b0 grado*.<\/p>\n\n\n\n<p>\u00a1LLAME A LA OFICINA DE LA ESCUELA DIRECTAMENTE PARA SER VOLUNTARIO! 707-778-4750<\/p>\n\n\n\n<div class=\"wp-block-buttons is-layout-flex wp-block-buttons-is-layout-flex\">\n<div class=\"wp-block-button\"><a class=\"wp-block-button__link wp-element-button\" href=\"https:\/\/ptamckinley.org\/es\/get-involved\/lunch-duty-volunteers-needed\/\">Reg\u00edstrese para un turno<\/a><\/div>\n<\/div>\n\n\n\n<p><a href=\"https:\/\/www.signupgenius.com\/go\/30e0945acad2f4-mayrecess\" target=\"_blank\" rel=\"noreferrer noopener\" title=\"\"><\/a><\/p>\n\n\n\n<hr class=\"wp-block-separator has-css-opacity\"\/>\n\n\n\n<h4 class=\"wp-block-heading\"><a href=\"https:\/\/ptamckinley.org\/es\/pta-positions-and-descriptions\/\" target=\"_blank\" rel=\"noreferrer noopener\">\u00danase a la PTA<\/a>!<\/h4>\n\n\n\n<p>\u00bfEst\u00e1 interesado en generar un impacto duradero en la escuela de su hijo? Nuestra galardonada Asociaci\u00f3n de Padres y Maestros (PTA) de McKinley &amp; PACS ofrece recursos y programas de apoyo, que incluyen aprendizaje experiencial, instrucci\u00f3n biling\u00fce, \u00fatiles escolares, eventos comunitarios escolares y mucho m\u00e1s. \u00a1Y nos divertimos mucho haci\u00e9ndolo!<\/p>\n\n\n\n<p>A medida que comenzamos a planificar el a\u00f1o escolar actual, estamos buscando personas en\u00e9rgicas y dedicadas para ayudar a cubrir los puestos del comit\u00e9 de la PTA.<\/p>\n\n\n\n<p><a href=\"https:\/\/ptamckinley.org\/es\/pta-positions-and-descriptions\/\" target=\"_blank\" rel=\"noreferrer noopener\"><strong>Puede encontrar una descripci\u00f3n completa de las funciones y responsabilidades aqu\u00ed<\/strong><\/a><strong>.<\/strong><\/p>\n\n\n\n<p>Si est\u00e1 interesado en alguno de estos roles, o si desea nominar a alguien, env\u00edenos un correo electr\u00f3nico a <a href=\"mailto:mckptapres@gmail.com\" target=\"_blank\" rel=\"noreferrer noopener\"><strong>mckptapres@gmail.com<\/strong><\/a> y h\u00e1ganos saber!<\/p>\n\n\n\n<hr class=\"wp-block-separator has-css-opacity\"\/>\n\n\n\n<p><strong>Tambi\u00e9n puedes ofrecerte como voluntario en el aula.<\/strong>:<\/p>\n\n\n\n<ul class=\"wp-block-list\">\n<li>Consulte con el maestro de su hijo si necesita ayuda para rellenar las carpetas de los mi\u00e9rcoles.<\/li>\n\n\n\n<li>Consulte con el maestro de su hijo si necesita ayuda en el aula.<\/li>\n\n\n\n<li>Sea parte del programa Art Docent. Comun\u00edquese con la oficina principal al 707-778-4750, dcannon@petk12.org para ver si se necesita ayuda en la ense\u00f1anza de clases de arte en el aula de su estudiante (no se requieren conocimientos previos de arte).<\/li>\n<\/ul>\n\n\n\n<p><strong>En la escuela<\/strong>:<\/p>\n\n\n\n<ul class=\"wp-block-list\">\n<li>Ofr\u00e9zcase como voluntario para proteger el cruce de peatones por la ma\u00f1ana o en el momento de recogida: el puesto requiere, adem\u00e1s de una puntualidad y confiabilidad exquisitas, permanecer en el cruce de peatones junto a la entrada principal de McKinley y ayudar a los estudiantes a cruzar de manera segura; compromiso de 30 minutos por turno (env\u00ede un correo electr\u00f3nico a ldonahue@Petk12.org para solicitar detalles).<\/li>\n\n\n\n<li>Ofr\u00e9cete como voluntario para facilitar el espacio de creaci\u00f3n una ma\u00f1ana a la semana (11:45 a 13:00 h): el puesto requiere preparar el espacio de creaci\u00f3n y ayudar a los estudiantes a conseguir los materiales para crear sus creaciones. Ponte en contacto con la oficina principal llamando al 707-778-4750, dcannon@petk12.org. No se requieren conocimientos previos (completa este formulario para voluntarios del espacio de creaci\u00f3n).<\/li>\n\n\n\n<li>Ofr\u00e9cete como voluntario para administrar la mesa de bienvenida de Rutas Seguras a la Escuela una ma\u00f1ana al mes (el puesto requiere preparar una mesa y dar la bienvenida a los estudiantes por la ma\u00f1ana) (correo electr\u00f3nico: ldonahue@Petk12.org)<\/li>\n<\/ul>\n\n\n\n<p><strong>En la PTA<\/strong>:&nbsp;<\/p>\n\n\n\n<ul class=\"wp-block-list\">\n<li>Ayude a organizar el Jog-a-thon (comun\u00edquese con Kristen Joyce en mckptapres@gmail.com para obtener m\u00e1s detalles).<\/li>\n\n\n\n<li>RELANZAR <a href=\"https:\/\/ptamckinley.org\/es\/mckinleys-tide-committee\/\">Comit\u00e9 TIDE de McKinley<\/a>: comun\u00edquese con Rebecca Hachmyer en mckptasec@gmail.com para obtener m\u00e1s informaci\u00f3n<\/li>\n\n\n\n<li>Ingrese a la base de datos del Equipo de Participaci\u00f3n Familiar de posibles traductores de espa\u00f1ol para eventos futuros. Comun\u00edquese con Carmen en la oficina principal cjuarezreyes@petk12.org.<\/li>\n\n\n\n<li>\u00danete al equipo del Festival de Invierno. Escr\u00edbele a Rebecca Hachmyer (presidenta) a mckptasec@gmail.com.<\/li>\n\n\n\n<li>Ayude a organizar la recaudaci\u00f3n de fondos del Cinco de Mayo (comun\u00edquese con Kristen Joyce en mckptapres@gmail.com para obtener m\u00e1s detalles).<\/li>\n<\/ul>\n\n\n\n<p>H\u00e1ganos saber sus intereses y nos pondremos en contacto con usted cuando necesitemos ayuda. <a href=\"https:\/\/ptamckinley.org\/es\/get-in-touch\/\">Complete este formulario <\/a><\/p>","protected":false},"excerpt":{"rendered":"<p>We are looking for volunteers! SIGN UP HERE! JOG-A-THON!&nbsp; &#8211; Various shifts on October 3, 2025 (and leading up to the event) Our Jog-a-thon will [&hellip;]<\/p>\n","protected":false},"author":1,"featured_media":1434,"parent":0,"menu_order":0,"comment_status":"closed","ping_status":"closed","template":"","meta":{"footnotes":""},"class_list":["post-977","page","type-page","status-publish","has-post-thumbnail","hentry"],"aioseo_notices":[],"_links":{"self":[{"href":"https:\/\/ptamckinley.org\/es\/wp-json\/wp\/v2\/pages\/977","targetHints":{"allow":["GET"]}}],"collection":[{"href":"https:\/\/ptamckinley.org\/es\/wp-json\/wp\/v2\/pages"}],"about":[{"href":"https:\/\/ptamckinley.org\/es\/wp-json\/wp\/v2\/types\/page"}],"author":[{"embeddable":true,"href":"https:\/\/ptamckinley.org\/es\/wp-json\/wp\/v2\/users\/1"}],"replies":[{"embeddable":true,"href":"https:\/\/ptamckinley.org\/es\/wp-json\/wp\/v2\/comments?post=977"}],"version-history":[{"count":10,"href":"https:\/\/ptamckinley.org\/es\/wp-json\/wp\/v2\/pages\/977\/revisions"}],"predecessor-version":[{"id":3825,"href":"https:\/\/ptamckinley.org\/es\/wp-json\/wp\/v2\/pages\/977\/revisions\/3825"}],"wp:featuredmedia":[{"embeddable":true,"href":"https:\/\/ptamckinley.org\/es\/wp-json\/wp\/v2\/media\/1434"}],"wp:attachment":[{"href":"https:\/\/ptamckinley.org\/es\/wp-json\/wp\/v2\/media?parent=977"}],"curies":[{"name":"gracias","href":"https:\/\/api.w.org\/{rel}","templated":true}]}}